{"id":42317,"date":"2025-01-15T14:31:36","date_gmt":"2025-01-15T14:31:36","guid":{"rendered":"https:\/\/aquatiss.com.tn\/?post_type=product&#038;p=42317"},"modified":"2025-01-17T16:19:57","modified_gmt":"2025-01-17T16:19:57","slug":"chariot-penderie-modele-lotus","status":"publish","type":"product","link":"https:\/\/aquatiss.com.tn\/fr\/produit\/chariot-penderie-modele-lotus\/","title":{"rendered":"Chariot penderie mod\u00e8le lotus"},"content":{"rendered":"<p>Chariot penderie mod\u00e8le lotus<\/p>\n<p>Barre porte manteau sur roulettes<br \/>\nchariot penderie -porte cintre<\/p>\n<p>Ce portant \u00e0 v\u00eatements a une bonne capacit\u00e9 de charge, vous permettant d&rsquo;accrocher plusieurs v\u00eatements en m\u00eame temps, avec une capacit\u00e9 de charge maximale allant jusqu&rsquo;\u00e0 100 kg .<\/p>\n<p>La conception structurelle stable et la section du tube en acier de 40&#215;12 mm font que notre portant \u00e0 v\u00eatements ne se plie pas ou ne s&rsquo;effondre pas sous une forte pression<\/p>\n<p>La barre vous permet d&rsquo;accrocher des chemises, des foulards, des robes, des pantalons et des sacs.<\/p>\n<p>Ce portant \u00e0 v\u00eatements roulant convient \u00e0 l&rsquo;armoire, \u00e0 l&rsquo;entr\u00e9e, au salon, \u00e0 la chambre, au balcon, au bureau et \u00e0 d&rsquo;autres endroits.<\/p>\n<p>Dimensions totales : 168x130x50 cm<\/p>\n<p>Le portant \u00e0 v\u00eatements roulant est dot\u00e9 de roues pivotantes \u00e0 360 \u00b0 qui permettent un mouvement sans effort au moindre contact.<\/p>\n<p>De plus, des roues verrouillables robustes peuvent \u00eatre verrouill\u00e9es en position pour une stabilit\u00e9 accrue en cas de besoin<\/p>\n<p>Le portant \u00e0 v\u00eatements robuste est con\u00e7u pour une installation sans tracas.<\/p>\n<p>Vous pouvez installer le portant \u00e0 v\u00eatements rapidement et sans effort en quelques minutes gr\u00e2ce \u00e0 sa conception conviviale.<\/p>\n<p>Ce chariot penderie mod\u00e8le lotus fait partie des articles suivant:<\/p>\n<p id=\"title\" class=\"a-size-large a-spacing-none\"><span id=\"productTitle\" class=\"a-size-large product-title-word-break\">Porte-v\u00eatements pour suspendre des v\u00eatements : porte-manteaux \u00e0 roulettes\u00a0<\/span><\/p>\n<p class=\"a-size-large a-spacing-none\"><span id=\"productTitle\" class=\"a-size-large product-title-word-break\">armoire portable,<\/span><\/p>\n<p class=\"a-size-large a-spacing-none\"><span id=\"productTitle\" class=\"a-size-large product-title-word-break\"> porte-v\u00eatements robuste en m\u00e9tal,<\/span><\/p>\n<p class=\"a-size-large a-spacing-none\"><span id=\"productTitle\" class=\"a-size-large product-title-word-break\">organisateur de rangement autonome<\/span><\/p>\n<h4>Caract\u00e9ristiques Chariot penderie mod\u00e8le lotus<\/h4>\n<p>Capacit\u00e9 40 v\u00eatements-50<br \/>\n04 roues caoutchouc dont 02 avec frein<br \/>\nanti choc en option<br \/>\nCapacit\u00e9 40-50 v\u00eatements<br \/>\nDimensions totales : 168x130x50 cm<br \/>\nEn option: Les cintres non inclus ( <a href=\"http:\/\/gator4082.temp.domains\/~aquatiss\/categorie-produit\/mobilier-textile\/cintres\/\">CLIQUEZ ICI<\/a>)<\/p>\n","protected":false},"excerpt":{"rendered":"<p><span style=\"font-size: 14pt;\">Ce portant \u00e0 v\u00eatements roulant convient \u00e0 l&rsquo;armoire, \u00e0 l&rsquo;entr\u00e9e, au salon, \u00e0 la chambre, au balcon, au bureau salle de conf\u00e9rence.<\/span><\/p>\n<p>structure en tube 40&#215;20 finition noir-gris-dor\u00e9<br \/>\n04 roues caoutchouc dont 02 avec frein<br \/>\nanti choc en option<br \/>\nCapacit\u00e9 40-50 v\u00eatements<br \/>\nDimensions totales : 168x130x50 cm<\/p>\n","protected":false},"featured_media":42331,"comment_status":"open","ping_status":"closed","template":"","meta":[],"product_cat":[738,514,2056],"product_tag":[747],"class_list":["post-42317","product","type-product","status-publish","has-post-thumbnail","hentry","product_cat-banquets","product_cat-chariot-service","product_cat-gamme-rolls","product_tag-chariot-penderie","pa_domaine-hotel"],"_links":{"self":[{"href":"https:\/\/aquatiss.com.tn\/fr\/wp-json\/wp\/v2\/product\/42317","targetHints":{"allow":["GET"]}}],"collection":[{"href":"https:\/\/aquatiss.com.tn\/fr\/wp-json\/wp\/v2\/product"}],"about":[{"href":"https:\/\/aquatiss.com.tn\/fr\/wp-json\/wp\/v2\/types\/product"}],"replies":[{"embeddable":true,"href":"https:\/\/aquatiss.com.tn\/fr\/wp-json\/wp\/v2\/comments?post=42317"}],"wp:featuredmedia":[{"embeddable":true,"href":"https:\/\/aquatiss.com.tn\/fr\/wp-json\/wp\/v2\/media\/42331"}],"wp:attachment":[{"href":"https:\/\/aquatiss.com.tn\/fr\/wp-json\/wp\/v2\/media?parent=42317"}],"wp:term":[{"taxonomy":"product_cat","embeddable":true,"href":"https:\/\/aquatiss.com.tn\/fr\/wp-json\/wp\/v2\/product_cat?post=42317"},{"taxonomy":"product_tag","embeddable":true,"href":"https:\/\/aquatiss.com.tn\/fr\/wp-json\/wp\/v2\/product_tag?post=42317"}],"curies":[{"name":"wp","href":"https:\/\/api.w.org\/{rel}","templated":true}]}}