{"id":42924,"date":"2025-05-05T11:58:10","date_gmt":"2025-05-05T11:58:10","guid":{"rendered":"https:\/\/aquatiss.com.tn\/?post_type=product&#038;p=42924"},"modified":"2025-10-25T07:56:28","modified_gmt":"2025-10-25T07:56:28","slug":"seche-linge-pour-balcon-hotel-rabattable-en-aluminium-10-ans-garantie","status":"publish","type":"product","link":"https:\/\/aquatiss.com.tn\/fr\/produit\/seche-linge-pour-balcon-hotel-rabattable-en-aluminium-10-ans-garantie\/","title":{"rendered":"S\u00e8che linge pour balcon h\u00f4tel rabattable en aluminium 10 ans garantie"},"content":{"rendered":"<p>S\u00e8che linge pour balcon h\u00f4tel rabattable en aluminium 10 ans garantie<\/p>\n<h2 class=\"\" data-start=\"215\" data-end=\"309\"><span style=\"font-size: 14pt;\"><strong data-start=\"218\" data-end=\"309\">S\u00e9choir \u00e0 linge mural Roll&rsquo;s pliable \u2013 sp\u00e9cial petit espace, balcon, h\u00f4tel, bord de mer<\/strong><\/span><\/h2>\n<p class=\"\" data-start=\"311\" data-end=\"576\">Le <strong data-start=\"314\" data-end=\"340\">s\u00e9choir \u00e0 linge Roll&rsquo;s<\/strong> est la solution parfaite pour le <strong data-start=\"374\" data-end=\"418\">s\u00e9chage du linge dans les petits espaces<\/strong>. Gr\u00e2ce \u00e0 son <strong data-start=\"432\" data-end=\"459\">design mural rabattable<\/strong>, il permet de <strong data-start=\"474\" data-end=\"496\">gagner de la place<\/strong> tout en assurant une <strong data-start=\"518\" data-end=\"548\">grande capacit\u00e9 de s\u00e9chage<\/strong> jusqu\u2019\u00e0 <strong data-start=\"557\" data-end=\"566\">25 kg<\/strong> de linge.<\/p>\n<p class=\"\" data-start=\"578\" data-end=\"881\">Fabriqu\u00e9 en <strong data-start=\"590\" data-end=\"613\">aluminium r\u00e9sistant<\/strong>, ce <strong data-start=\"618\" data-end=\"647\">s\u00e8che-linge mural pliable<\/strong> est id\u00e9al pour les <strong data-start=\"667\" data-end=\"678\">balcons<\/strong>, <strong data-start=\"680\" data-end=\"696\">appartements<\/strong>, <strong data-start=\"698\" data-end=\"708\">h\u00f4tels<\/strong>, <strong data-start=\"710\" data-end=\"736\">r\u00e9sidences de vacances<\/strong> ou m\u00eame en <strong data-start=\"748\" data-end=\"763\">bord de mer<\/strong>. Il s\u2019installe facilement au mur avec seulement <strong data-start=\"812\" data-end=\"821\">3 vis<\/strong> (visserie non fournie, <strong data-start=\"845\" data-end=\"879\">vis inox disponibles en option<\/strong>).<\/p>\n<h3 class=\"\" data-start=\"883\" data-end=\"923\"><strong data-start=\"889\" data-end=\"921\">Caract\u00e9ristiques principales<\/strong> S\u00e8che linge pour balcon h\u00f4tel rabattable en aluminium 10 ans garantie.:<\/h3>\n<ul data-start=\"924\" data-end=\"1466\">\n<li class=\"\" data-start=\"924\" data-end=\"1007\">\n<p class=\"\" data-start=\"926\" data-end=\"1007\"><strong data-start=\"926\" data-end=\"947\">Structure robuste<\/strong> en aluminium : l\u00e9g\u00e8re, durable et r\u00e9sistante \u00e0 la corrosion<\/p>\n<\/li>\n<li class=\"\" data-start=\"1008\" data-end=\"1048\">\n<p class=\"\" data-start=\"1010\" data-end=\"1048\"><strong data-start=\"1010\" data-end=\"1032\">Capacit\u00e9 de charge<\/strong> : jusqu&rsquo;\u00e0 25 kg<\/p>\n<\/li>\n<li class=\"\" data-start=\"1049\" data-end=\"1136\">\n<p class=\"\" data-start=\"1051\" data-end=\"1136\"><strong data-start=\"1051\" data-end=\"1086\">Parfait pour les petits espaces<\/strong> : balcon, buanderie, salle de bain, studio, h\u00f4tel<\/p>\n<\/li>\n<li class=\"\" data-start=\"1137\" data-end=\"1193\">\n<p class=\"\" data-start=\"1139\" data-end=\"1193\"><strong data-start=\"1139\" data-end=\"1157\">Design pliable<\/strong> : se replie \u00e0 seulement 9 cm du mur<\/p>\n<\/li>\n<li class=\"\" data-start=\"1194\" data-end=\"1261\">\n<p class=\"\" data-start=\"1196\" data-end=\"1261\"><strong data-start=\"1196\" data-end=\"1234\">Fixation murale discr\u00e8te et stable<\/strong> : lib\u00e8re totalement le sol<\/p>\n<\/li>\n<li class=\"\" data-start=\"1262\" data-end=\"1283\">\n<p class=\"\" data-start=\"1264\" data-end=\"1283\"><strong data-start=\"1264\" data-end=\"1283\">Garantie 10 ans<\/strong><\/p>\n<\/li>\n<li class=\"\" data-start=\"1284\" data-end=\"1409\">\n<p class=\"\" data-start=\"1286\" data-end=\"1311\"><strong data-start=\"1286\" data-end=\"1309\">Dimensions standard<\/strong> S\u00e8che linge pour balcon h\u00f4tel rabattable en aluminium.:<\/p>\n<ul data-start=\"1314\" data-end=\"1409\">\n<li class=\"\" data-start=\"1314\" data-end=\"1361\">\n<p class=\"\" data-start=\"1316\" data-end=\"1361\">Ouvert : 60 cm de large \u00d7 30 cm de profondeur<\/p>\n<\/li>\n<li class=\"\" data-start=\"1364\" data-end=\"1409\">\n<p class=\"\" data-start=\"1366\" data-end=\"1409\">Ferm\u00e9 : 60 cm de large \u00d7 9 cm de profondeur<\/p>\n<\/li>\n<\/ul>\n<\/li>\n<li class=\"\" data-start=\"1410\" data-end=\"1466\">\n<p class=\"\" data-start=\"1412\" data-end=\"1466\"><strong data-start=\"1412\" data-end=\"1446\">Autres dimensions sur commande<\/strong> (minimum 10 pi\u00e8ces)<\/p>\n<\/li>\n<\/ul>\n<h3 class=\"\" data-start=\"1468\" data-end=\"1501\"><strong data-start=\"1476\" data-end=\"1499\">Installation facile<\/strong> S\u00e8che linge pour balcon h\u00f4tel rabattable en aluminium 10 ans garantie.:<\/h3>\n<ul data-start=\"1502\" data-end=\"1602\">\n<li class=\"\" data-start=\"1502\" data-end=\"1529\">\n<p class=\"\" data-start=\"1504\" data-end=\"1529\">Montage rapide avec 3 vis<\/p>\n<\/li>\n<li class=\"\" data-start=\"1530\" data-end=\"1550\">\n<p class=\"\" data-start=\"1532\" data-end=\"1550\"><strong data-start=\"1532\" data-end=\"1550\">Notice fournie<\/strong><\/p>\n<\/li>\n<li class=\"\" data-start=\"1551\" data-end=\"1602\">\n<p class=\"\" data-start=\"1553\" data-end=\"1602\"><strong data-start=\"1553\" data-end=\"1593\">Vis inox recommand\u00e9es pour ext\u00e9rieur<\/strong> (option)<\/p>\n<\/li>\n<\/ul>\n<p class=\"\" data-start=\"1604\" data-end=\"1850\">Ce <strong data-start=\"1607\" data-end=\"1639\">s\u00e8che-linge mural rabattable<\/strong> est le choix malin pour optimiser chaque centim\u00e8tre carr\u00e9. R\u00e9sistant, pratique et design, il s\u2019adapte \u00e0 tous les environnements : <strong data-start=\"1770\" data-end=\"1785\">appartement<\/strong>, <strong data-start=\"1787\" data-end=\"1796\">h\u00f4tel<\/strong>, <strong data-start=\"1798\" data-end=\"1808\">balcon<\/strong>, <strong data-start=\"1810\" data-end=\"1824\">mobil-home<\/strong>, <strong data-start=\"1826\" data-end=\"1844\">chambre d\u2019amis<\/strong>, etc.<\/p>\n<p data-start=\"1604\" data-end=\"1850\">s\u00e9choir mural rabattable aluminium balcon h\u00f4tel \u00e9tendoir mural pliable en aluminium s\u00e8che-linge mural gain de place \u00e9tendoir ext\u00e9rieur pour h\u00f4tel s\u00e8che-linge pliant mural professionnel balcon pliable design<\/p>\n","protected":false},"excerpt":{"rendered":"<p><span style=\"font-size: 14pt;\">S\u00e8che linge pour balcon h\u00f4tel rabattable en aluminium <strong>10 ans<\/strong> garantie.<\/span><br \/>\nId\u00e9al pour les petits espaces &#8211;<br \/>\nCon\u00e7u pour les petits appartements.<br \/>\nid\u00e9ale pour Les espaces r\u00e9duits.<br \/>\nPratique et durable Balcon h\u00f4tel en bord de mer.<br \/>\nDimensions ouvert: largeur 60 cm profondeur 30 cm.<br \/>\nDimensions ferm\u00e9 : largeur 60 cm profondeur 9 cm.<br \/>\n<span style=\"color: #339966;\">Autres dimensions sur commande minimum 10 pi\u00e8ces.<\/span><br \/>\nTr\u00e8s simple d\u2019installation.03 vises<br \/>\nvisserie non fournie (option en inox )<\/p>\n","protected":false},"featured_media":42928,"comment_status":"open","ping_status":"closed","template":"","meta":[],"product_cat":[496,495],"product_tag":[1061],"class_list":["post-42924","product","type-product","status-publish","has-post-thumbnail","hentry","product_cat-pour-balcon","product_cat-seches-linge","product_tag-seche-linge","pa_color-blanc","pa_domaine-hotel","pa_material-pvc","pa_nombre-des-barres-1065"],"_links":{"self":[{"href":"https:\/\/aquatiss.com.tn\/fr\/wp-json\/wp\/v2\/product\/42924","targetHints":{"allow":["GET"]}}],"collection":[{"href":"https:\/\/aquatiss.com.tn\/fr\/wp-json\/wp\/v2\/product"}],"about":[{"href":"https:\/\/aquatiss.com.tn\/fr\/wp-json\/wp\/v2\/types\/product"}],"replies":[{"embeddable":true,"href":"https:\/\/aquatiss.com.tn\/fr\/wp-json\/wp\/v2\/comments?post=42924"}],"wp:featuredmedia":[{"embeddable":true,"href":"https:\/\/aquatiss.com.tn\/fr\/wp-json\/wp\/v2\/media\/42928"}],"wp:attachment":[{"href":"https:\/\/aquatiss.com.tn\/fr\/wp-json\/wp\/v2\/media?parent=42924"}],"wp:term":[{"taxonomy":"product_cat","embeddable":true,"href":"https:\/\/aquatiss.com.tn\/fr\/wp-json\/wp\/v2\/product_cat?post=42924"},{"taxonomy":"product_tag","embeddable":true,"href":"https:\/\/aquatiss.com.tn\/fr\/wp-json\/wp\/v2\/product_tag?post=42924"}],"curies":[{"name":"wp","href":"https:\/\/api.w.org\/{rel}","templated":true}]}}