{"id":43442,"date":"2025-10-24T15:26:57","date_gmt":"2025-10-24T15:26:57","guid":{"rendered":"https:\/\/aquatiss.com.tn\/?post_type=product&#038;p=43442"},"modified":"2025-10-29T14:51:49","modified_gmt":"2025-10-29T14:51:49","slug":"vitrine-de-comptoir-refrigeree-4-faces-vitrees-60-litres","status":"publish","type":"product","link":"https:\/\/aquatiss.com.tn\/fr\/produit\/vitrine-de-comptoir-refrigeree-4-faces-vitrees-60-litres\/","title":{"rendered":"Vitrine de comptoir r\u00e9frig\u00e9r\u00e9e 4 faces vitr\u00e9es 60 Litres"},"content":{"rendered":"<p>Vitrine de comptoir r\u00e9frig\u00e9r\u00e9e 4 faces vitr\u00e9es 60 Litres<\/p>\n<p>Armoire \u00e0 Boisson Vitr\u00e9e R\u00e9frig\u00e9r\u00e9e\u00a0 ventil\u00e9e. D\u00e9givrage temporis\u00e9. \u00c9clairage int\u00e9rieur au LED.<\/p>\n<p>Contr\u00f4le \u00e9lectronique de la temp\u00e9rature.<\/p>\n<p>Les 4 c\u00f4t\u00e9s d\u2019exposition offrent une vue d\u2019ensemble de tous les produits expos\u00e9s , en gardant l\u2019efficacit\u00e9 thermique du double vitrage.<\/p>\n<h4>Caract\u00e9ristiques Vitrine R\u00e9frig\u00e9r\u00e9e vitr\u00e9e 4 faces pour boissons<\/h4>\n<p>Carrosserie acier anti-corrosion<br \/>\n&#8211; Pr\u00e9sentation laqu\u00e9 BLANC ou NOIR<br \/>\n&#8211; Puissance 180W<br \/>\n&#8211; Froid ventil\u00e9 &#8211;<br \/>\n&#8211; D\u00e9givrage automatique &#8211;<br \/>\n&#8211; Contr\u00f4le manuel<br \/>\n&#8211; 3 niveaux<br \/>\n&#8211; 2 \u00e9tag\u00e8res r\u00e9glables<br \/>\n&#8211; Eclairage Led &#8211; 230 V\/1\/50 Hz<br \/>\nProduits frais, Sandwichs,<br \/>\nSalades, Boissons, Fruits\u2026<br \/>\nColoris Blanc Noir<br \/>\nDimensions (mm) 428 x 386 x 810<br \/>\nPoids 30 kg<\/p>\n<p><a href=\"https:\/\/aquatiss.com.tn\/?s=Vitrine+r%C3%A9frig%C3%A9r%C3%A9e&amp;post_type=product&amp;type_aws=true\">Autres mod\u00e8les a d\u00e9couvrir\u00a0<\/a><\/p>\n","protected":false},"excerpt":{"rendered":"<p><span style=\"font-size: 14pt;\"><strong>Adapt\u00e9e pour\u00a0 Restauration \u00c9quipement Bar Et Snack Pr\u00e9sentoirs \/ Vitrines Snack<\/strong><\/span><\/p>\n<p>Carrosserie acier anti-corrosion<br \/>\nBlanc ou noir<br \/>\nPuissance 180W<br \/>\nFroid ventil\u00e9 &#8211;<br \/>\nD\u00e9givrage automatique &#8211;<br \/>\nContr\u00f4le manuel<br \/>\n3 niveaux<br \/>\n2 \u00e9tag\u00e8res r\u00e9glables<br \/>\nEclairage Led &#8211; 230 V\/1\/50 Hz<br \/>\nProduits frais, Sandwichs,<br \/>\nSalades, Boissons, Fruits\u2026<br \/>\nColoris Blanc Noir<br \/>\nDimensions (mm) 428 x 386 x 810<br \/>\nPoids 30 kg<\/p>\n","protected":false},"featured_media":43443,"comment_status":"open","ping_status":"closed","template":"","meta":[],"product_cat":[2084],"product_tag":[2088],"class_list":["post-43442","product","type-product","status-publish","has-post-thumbnail","hentry","product_cat-vitrine","product_tag-vitrine-refrigeree"],"_links":{"self":[{"href":"https:\/\/aquatiss.com.tn\/fr\/wp-json\/wp\/v2\/product\/43442","targetHints":{"allow":["GET"]}}],"collection":[{"href":"https:\/\/aquatiss.com.tn\/fr\/wp-json\/wp\/v2\/product"}],"about":[{"href":"https:\/\/aquatiss.com.tn\/fr\/wp-json\/wp\/v2\/types\/product"}],"replies":[{"embeddable":true,"href":"https:\/\/aquatiss.com.tn\/fr\/wp-json\/wp\/v2\/comments?post=43442"}],"wp:featuredmedia":[{"embeddable":true,"href":"https:\/\/aquatiss.com.tn\/fr\/wp-json\/wp\/v2\/media\/43443"}],"wp:attachment":[{"href":"https:\/\/aquatiss.com.tn\/fr\/wp-json\/wp\/v2\/media?parent=43442"}],"wp:term":[{"taxonomy":"product_cat","embeddable":true,"href":"https:\/\/aquatiss.com.tn\/fr\/wp-json\/wp\/v2\/product_cat?post=43442"},{"taxonomy":"product_tag","embeddable":true,"href":"https:\/\/aquatiss.com.tn\/fr\/wp-json\/wp\/v2\/product_tag?post=43442"}],"curies":[{"name":"wp","href":"https:\/\/api.w.org\/{rel}","templated":true}]}}