{"id":43446,"date":"2025-10-24T15:41:38","date_gmt":"2025-10-24T15:41:38","guid":{"rendered":"https:\/\/aquatiss.com.tn\/?post_type=product&#038;p=43446"},"modified":"2025-10-24T16:08:39","modified_gmt":"2025-10-24T16:08:39","slug":"armoire-chauffante-pour-restaurant-vitrine-comptoir","status":"publish","type":"product","link":"https:\/\/aquatiss.com.tn\/fr\/produit\/armoire-chauffante-pour-restaurant-vitrine-comptoir\/","title":{"rendered":"Armoire chauffante pour restaurant -vitrine comptoir"},"content":{"rendered":"<p>Armoire chauffante pour restaurant -vitrine comptoir<\/p>\n<h3 data-start=\"259\" data-end=\"351\">Armoire chauffante pour restaurant \u2013 Vitrine chauffante de comptoir professionnelle<\/h3>\n<p data-start=\"353\" data-end=\"759\">L\u2019<strong data-start=\"355\" data-end=\"393\">armoire chauffante pour restaurant<\/strong> est la solution id\u00e9ale pour <strong data-start=\"422\" data-end=\"451\">garder vos plats au chaud<\/strong> tout en les pr\u00e9sentant de mani\u00e8re \u00e9l\u00e9gante sur votre <strong data-start=\"505\" data-end=\"528\">comptoir de service<\/strong>. Dot\u00e9e de <strong data-start=\"539\" data-end=\"572\">3 niveaux en acier inoxydable<\/strong> et de <strong data-start=\"579\" data-end=\"606\">portes vitr\u00e9es <\/strong>, cette <strong data-start=\"614\" data-end=\"652\">vitrine chauffante professionnelle<\/strong> garantit une <strong data-start=\"666\" data-end=\"691\">excellente durabilit\u00e9<\/strong>, un <strong data-start=\"696\" data-end=\"716\">entretien facile<\/strong> et une visibilit\u00e9 parfaite des aliments.<\/p>\n<p data-start=\"761\" data-end=\"1061\">Gr\u00e2ce \u00e0 son <strong data-start=\"773\" data-end=\"824\">contr\u00f4le thermostatique r\u00e9glable de 86 \u00e0 185 \u00b0F<\/strong>, l\u2019appareil maintient vos plats \u00e0 <strong data-start=\"859\" data-end=\"884\">temp\u00e9rature constante<\/strong> sans les dess\u00e9cher. L\u2019<strong data-start=\"907\" data-end=\"936\">\u00e9clairage interne de 25 W<\/strong> met en valeur vos produits chauds \u2014 pizzas, viennoiseries, sandwichs, plats pr\u00e9par\u00e9s \u2014 tout en attirant l\u2019\u0153il des clients.<\/p>\n<p data-start=\"1063\" data-end=\"1380\">Ses <strong data-start=\"1067\" data-end=\"1089\">\u00e9tag\u00e8res amovibles<\/strong> permettent un <strong data-start=\"1104\" data-end=\"1127\">agencement flexible<\/strong> selon le type d\u2019aliments \u00e0 exposer. Con\u00e7ue pour un <strong data-start=\"1179\" data-end=\"1211\">usage professionnel intensif<\/strong>, cette <strong data-start=\"1219\" data-end=\"1252\">armoire chauffe-plats en inox<\/strong> allie <strong data-start=\"1259\" data-end=\"1295\">design, performance et fiabilit\u00e9<\/strong>, et s\u2019int\u00e8gre parfaitement dans tout <strong data-start=\"1333\" data-end=\"1377\">restaurant, snack, boulangerie ou buffet<\/strong>.<\/p>\n<div id=\"rcnt\" class=\"GyAeWb\">\n<div class=\"D6j0vc\">\n<div id=\"center_col\" class=\"gXmnc s6JM6d\">\n<div id=\"botstuff\">\n<div data-ved=\"2ahUKEwi56LDb-qjzAhULFRQKHadzCk0QCHoECAIQLw\">\n<div id=\"bres\">\n<div class=\"ULSxyf\">\n<div id=\"w3bYAd\" data-abe=\"\" data-hveid=\"CCwQAA\">\n<div class=\"oIk2Cb\">\n<div class=\"y6Uyqe\">\n<div class=\"EIaa9b\">\n<div class=\"AJLUJb\">\n<div data-hveid=\"CCcQAA\">\n<div class=\"s75CSd OhScic AB4Wff\"><span style=\"font-size: 8pt; color: #ffffff;\">vitrine chauffante bain-marie-vitrine chauffante pour restaurant-vitrine chauffante occasion<\/span><br \/>\n<span style=\"font-size: 8pt; color: #ffffff;\">vitrine chauffante metro-vitrine chauffante professionnelle-vitrine chauffante gaz-vitrine chauffante ventil\u00e9e<\/span><br \/>\n<span style=\"font-size: 8pt; color: #ffffff;\">vitrine chauffante tunisie prix-buffet-comptoir-presentoire-<\/span><\/div>\n<\/div>\n<\/div>\n<\/div>\n<\/div>\n<\/div>\n<\/div>\n<\/div>\n<\/div>\n<\/div>\n<\/div>\n<div role=\"navigation\"><\/div>\n<\/div>\n<\/div>\n<\/div>\n<div role=\"contentinfo\" data-hveid=\"CAIQRw\" data-ved=\"2ahUKEwi56LDb-qjzAhULFRQKHadzCk0Qpyp6BAgCEEc\">\n<h1 class=\"Uo8X3b OhScic zsYMMe\"><\/h1>\n<div id=\"footcnt\">\n<div id=\"fbarcnt\" class=\"TCIIWe\">\n<div id=\"fbar\" class=\"f6F9Be TrMVnc mSAqxd\">\n<div class=\"fbar b2hzT\"><\/div>\n<\/div>\n<\/div>\n<\/div>\n<\/div>\n<div class=\"ssba-classic-2 ssba ssbp-wrap left ssbp--theme-1\"><\/div>\n<p align=\"JUSTIFY\">\n","protected":false},"excerpt":{"rendered":"<p id=\"title\" class=\"a-size-large a-spacing-none\"><strong><span id=\"productTitle\" class=\"a-size-large product-title-word-break\" style=\"font-size: 12pt;\"><span dir=\"auto\">Chauffe-plats \u00e9lectrique professionnel, 220 V, 2 niveaux, 800 W, 86-185 \u00b0F, vitrine \u00e0 p\u00e2tisserie avec porte , armoire chauffante pour restaurant<\/span><\/span><\/strong><\/p>\n<p><strong>Garantie 1an<\/strong><\/p>\n","protected":false},"featured_media":43447,"comment_status":"open","ping_status":"closed","template":"","meta":[],"product_cat":[2084],"product_tag":[],"class_list":["post-43446","product","type-product","status-publish","has-post-thumbnail","hentry","product_cat-vitrine"],"_links":{"self":[{"href":"https:\/\/aquatiss.com.tn\/fr\/wp-json\/wp\/v2\/product\/43446","targetHints":{"allow":["GET"]}}],"collection":[{"href":"https:\/\/aquatiss.com.tn\/fr\/wp-json\/wp\/v2\/product"}],"about":[{"href":"https:\/\/aquatiss.com.tn\/fr\/wp-json\/wp\/v2\/types\/product"}],"replies":[{"embeddable":true,"href":"https:\/\/aquatiss.com.tn\/fr\/wp-json\/wp\/v2\/comments?post=43446"}],"wp:featuredmedia":[{"embeddable":true,"href":"https:\/\/aquatiss.com.tn\/fr\/wp-json\/wp\/v2\/media\/43447"}],"wp:attachment":[{"href":"https:\/\/aquatiss.com.tn\/fr\/wp-json\/wp\/v2\/media?parent=43446"}],"wp:term":[{"taxonomy":"product_cat","embeddable":true,"href":"https:\/\/aquatiss.com.tn\/fr\/wp-json\/wp\/v2\/product_cat?post=43446"},{"taxonomy":"product_tag","embeddable":true,"href":"https:\/\/aquatiss.com.tn\/fr\/wp-json\/wp\/v2\/product_tag?post=43446"}],"curies":[{"name":"wp","href":"https:\/\/api.w.org\/{rel}","templated":true}]}}