{"id":4524,"date":"2017-05-04T13:39:57","date_gmt":"2017-05-04T13:39:57","guid":{"rendered":"http:\/\/gator4082.temp.domains\/~aquatiss\/produit\/collecteur-de-dechet-tri-selective-copie\/"},"modified":"2023-12-04T08:23:08","modified_gmt":"2023-12-04T08:23:08","slug":"lot-de-3-poubelles-tri-selectifs-rolls","status":"publish","type":"product","link":"https:\/\/aquatiss.com.tn\/fr\/produit\/lot-de-3-poubelles-tri-selectifs-rolls\/","title":{"rendered":"Lot de 3 poubelles tri s\u00e9lectifs Roll&rsquo;s"},"content":{"rendered":"<p>Lot de 3 poubelles tri s\u00e9lectifs Roll&rsquo;s<\/p>\n<h5>V\u00e9ritable plus<\/h5>\n<p>poubelles tri s\u00e9lectif int\u00e8gre un cadre de\u00a0 maintien de votre sac poubelle. corps noir<\/p>\n<p>Ainsi la corbeille tri s\u00e9lectif est id\u00e9ale pour apporter sa contribution volontaire ou forc\u00e9e \u00e0 cette probl\u00e9matique<br \/>\ncontemporaine et responsable.<\/p>\n<p>Une large gamme de poubelles est disponible sur notre site en ce moment.<br \/>\nElles sont g\u00e9n\u00e9ralement soit\u00a0<a href=\"http:\/\/gator4082.temp.domains\/~aquatiss\/nos-produits\/poubelle-selective-avec-anneau-de-maintien-sachet\/\">rondes<\/a>\u00a0soit rectangulaires.<\/p>\n<p><strong>Les poubelles ou sacs jaunes\/rouges<\/strong><br \/>\nDestin\u00e9es aux d\u00e9chets recyclables, les contenants jaunes, qu\u2019il s\u2019agisse d\u2019un\u00a0<a href=\"http:\/\/gator4082.temp.domains\/~aquatiss\/?post_type=product&amp;s=Paquet+Sacs+poubelle+&amp;asp_active=1&amp;p_asid=1&amp;p_asp_data=Y3VycmVudF9wYWdlX2lkPTI2MjAmd29vX2N1cnJlbmN5PVRORCZxdHJhbnNsYXRlX2xhbmc9MCZhc3BfZ2VuJTVCJTVEPXRpdGxlJmFzcF9nZW4lNUIlNUQ9Y29udGVudCZhc3BfZ2VuJTVCJTVEPWV4Y2VycHQmY3VzdG9tc2V0JTVCJTVEPXByb2R1Y3Q=\">sac (sachet)<\/a>\u00a0ou d\u2019une poubelle,<br \/>\nsont faits pour recueillir l\u2019ensemble des ordures pouvant \u00eatre recycl\u00e9es.<\/p>\n<p><strong>Les poubelles ou sac vertes<\/strong><br \/>\nLes poubelles\u00a0 vertes, qu\u2019il s\u2019agisse d\u2019un\u00a0<a href=\"http:\/\/gator4082.temp.domains\/~aquatiss\/?post_type=product&amp;s=Paquet+Sacs+poubelle+&amp;asp_active=1&amp;p_asid=1&amp;p_asp_data=Y3VycmVudF9wYWdlX2lkPTI2MjAmd29vX2N1cnJlbmN5PVRORCZxdHJhbnNsYXRlX2xhbmc9MCZhc3BfZ2VuJTVCJTVEPXRpdGxlJmFzcF9nZW4lNUIlNUQ9Y29udGVudCZhc3BfZ2VuJTVCJTVEPWV4Y2VycHQmY3VzdG9tc2V0JTVCJTVEPXByb2R1Y3Q=\">sac (sachet)<\/a>\u00a0ou d\u2019une poubelle, sont quant \u00e0 elles con\u00e7ues pour l\u2019ensemble des<br \/>\nd\u00e9chets ne pouvant \u00eatre recycl\u00e9.<\/p>\n<p>logo sp\u00e9cifique en option\u00a0<strong>r\u00e9f:\u00a0268.57250<\/strong><\/p>\n<p><strong>Les poubelles ou sac\u00a0 bleues<\/strong><br \/>\nBien que toutes les communes n\u2019adoptent pas ce code couleur,<br \/>\nles poubelles destin\u00e9es au papier sont en principe bleues, qu\u2019il s\u2019agisse d\u2019un\u00a0<a href=\"http:\/\/gator4082.temp.domains\/~aquatiss\/?post_type=product&amp;s=Paquet+Sacs+poubelle+&amp;asp_active=1&amp;p_asid=1&amp;p_asp_data=Y3VycmVudF9wYWdlX2lkPTI2MjAmd29vX2N1cnJlbmN5PVRORCZxdHJhbnNsYXRlX2xhbmc9MCZhc3BfZ2VuJTVCJTVEPXRpdGxlJmFzcF9nZW4lNUIlNUQ9Y29udGVudCZhc3BfZ2VuJTVCJTVEPWV4Y2VycHQmY3VzdG9tc2V0JTVCJTVEPXByb2R1Y3Q=\">sac (sachet)<\/a>\u00a0ou d\u2019une poubelle, Cependant,<br \/>\nil est possible que \u00e7a ne soit pas le cas.<\/p>\n<h5><strong>logo sp\u00e9cifique\u00a0 en option<\/strong><\/h5>\n<p>Nos poubelle s\u00e9lective peuvent \u00eatre marqu\u00e9es\u00a0<a href=\"http:\/\/gator4082.temp.domains\/~aquatiss\/?post_type=product&amp;s=Logo+poubelle+s%C3%A9lective&amp;asp_active=1&amp;p_asid=1&amp;p_asp_data=Y3VycmVudF9wYWdlX2lkPTIyNjEyJndvb19jdXJyZW5jeT1UTkQmcXRyYW5zbGF0ZV9sYW5nPTAmYXNwX2dlbiU1QiU1RD10aXRsZSZhc3BfZ2VuJTVCJTVEPWNvbnRlbnQmYXNwX2dlbiU1QiU1RD1leGNlcnB0JmN1c3RvbXNldCU1QiU1RD1wcm9kdWN0\">par un sigle (logo)<\/a>\u00a0sp\u00e9cifique\u00a0 expliquant d\u2019une part la famille de d\u00e9chets<br \/>\nqu\u2019elles doivent contenir et d\u2019autre part parmi cette famille, les d\u00e9chets qui conviennent.<\/p>\n<p>Collecteur de d\u00e9chet tri s\u00e9lective<\/p>\n<h4>Lot de trois poubelles Lot de 3 poubelles tri s\u00e9lectifs Roll&rsquo;s<\/h4>\n<p>Corps en acier galvanis\u00e9 poudr\u00e9 \u00e9poxy (int\u00e9rieur et ext\u00e9rieur)<br \/>\nAvec Cerclage amovible en polypropyl\u00e8ne pour la fixation d&rsquo;un sac plastique<br \/>\nCouleur corps : noir, gris, blanc, rouge&#8230;<br \/>\nCouleur cerceau: bleu, noir, gris, vert,bleu..<br \/>\nEn option: personnalisation<\/p>\n<p>&nbsp;<\/p>\n<p><a href=\"https:\/\/aquatiss.com.tn\/?s=poubelles+s%C3%A9lectives&amp;post_type=product&amp;type_aws=true\">d\u00e9couvrez autres mod\u00e8les\u00a0<\/a><\/p>\n","protected":false},"excerpt":{"rendered":"<p>Collecteur de d\u00e9chet tri s\u00e9lective<br \/>\nLot de trois poubelles<br \/>\nEn option: personnalisation<\/p>\n","protected":false},"featured_media":34186,"comment_status":"open","ping_status":"closed","template":"","meta":[],"product_cat":[290,289,113,2056,108,316,293,311],"product_tag":[283,278],"class_list":["post-4524","product","type-product","status-publish","has-post-thumbnail","hentry","product_cat-collecteur-de-dechet-exterieur","product_cat-collecteur-de-dechet-interieur","product_cat-collecteur-de-dechets","product_cat-gamme-rolls","product_cat-hygiene","product_cat-par-produit","product_cat-poubelles","product_cat-tri-selectif","product_tag-cendrier-poubelle","product_tag-poubelle","pa_color-noir","pa_color-rouge","pa_color-bleu","pa_color-gris","pa_color-jaune","pa_contenance-10l","pa_contenance-110-l","pa_contenance-22l","pa_contenance-50l","pa_domaine-collectivites","pa_domaine-entreprise","pa_domaine-food","pa_domaine-hotel","pa_domaine-industrie","pa_domaine-medical","pa_domaine-proprete"],"_links":{"self":[{"href":"https:\/\/aquatiss.com.tn\/fr\/wp-json\/wp\/v2\/product\/4524","targetHints":{"allow":["GET"]}}],"collection":[{"href":"https:\/\/aquatiss.com.tn\/fr\/wp-json\/wp\/v2\/product"}],"about":[{"href":"https:\/\/aquatiss.com.tn\/fr\/wp-json\/wp\/v2\/types\/product"}],"replies":[{"embeddable":true,"href":"https:\/\/aquatiss.com.tn\/fr\/wp-json\/wp\/v2\/comments?post=4524"}],"wp:featuredmedia":[{"embeddable":true,"href":"https:\/\/aquatiss.com.tn\/fr\/wp-json\/wp\/v2\/media\/34186"}],"wp:attachment":[{"href":"https:\/\/aquatiss.com.tn\/fr\/wp-json\/wp\/v2\/media?parent=4524"}],"wp:term":[{"taxonomy":"product_cat","embeddable":true,"href":"https:\/\/aquatiss.com.tn\/fr\/wp-json\/wp\/v2\/product_cat?post=4524"},{"taxonomy":"product_tag","embeddable":true,"href":"https:\/\/aquatiss.com.tn\/fr\/wp-json\/wp\/v2\/product_tag?post=4524"}],"curies":[{"name":"wp","href":"https:\/\/api.w.org\/{rel}","templated":true}]}}