{"id":4578,"date":"2017-05-04T17:12:20","date_gmt":"2017-05-04T17:12:20","guid":{"rendered":"http:\/\/gator4082.temp.domains\/~aquatiss\/produit\/cireuse-rolls-copie\/"},"modified":"2021-05-31T14:47:29","modified_gmt":"2021-05-31T14:47:29","slug":"cireuse-bois-rolls-gm","status":"publish","type":"product","link":"https:\/\/aquatiss.com.tn\/fr\/produit\/cireuse-bois-rolls-gm\/","title":{"rendered":"Cireuse bois Roll&rsquo;s GM"},"content":{"rendered":"<p>Des chaussures toujours propres en quelques secondes<br \/>\nId\u00e9al pour un lustrage rapide et efficace de tous types de chaussures<br \/>\nS\u2019int\u00e8gre tr\u00e8s facilement a tous styles de d\u00e9corations<br \/>\nUn service impeccable pour l&rsquo;accueil du public<br \/>\n-02 brosses de lustrage<br \/>\n-01 brosse de pr\u00e9-nettoyage<br \/>\n-Distributeur de cirage int\u00e8gre avec lave \u00e0 bille<br \/>\n-Autres teintes de bois nous consulter<\/p>\n<h4><em><span style=\"text-decoration: underline\"><strong>Utilisation :<\/strong><\/span><\/em><\/h4>\n<p>&#8211; Mis en route par une simple pression du pied sur l\u2019interrupteur, la cireuse rolls\u00a0 s\u2019arr\u00eate de la m\u00eame mani\u00e8re.<br \/>\n&#8211; Une premi\u00e8re brosse, assez ferme, enl\u00e8ve la poussi\u00e8re et la boue.<br \/>\n&#8211; Un distributeur d\u00e9pose ensuite la quantit\u00e9 de cirage liquide et incolore que vous souhaitez.<br \/>\n&#8211; Une seconde brosse, plus souple, r\u00e9partit le cirage et fait briller la chaussure.<\/p>\n<p>&nbsp;<br \/>\n<strong><span style=\"text-decoration: underline\"><em>Efficacit\u00e9<\/em> <\/span>: <\/strong><br \/>\nSouples et tr\u00e8s r\u00e9sistantes, les brosses donnent un r\u00e9sultat irr\u00e9prochable en douceur, m\u00eame sur les cuirs les plus fins.<\/p>\n","protected":false},"excerpt":{"rendered":"<p>Des chaussures toujours propres en quelques secondes<br \/>\n-02 brosses de lustrage<br \/>\n-01 brosse de pr\u00e9-n\u00e9ttoyage<br \/>\n-Distributeur de cirage int\u00e8gre avec lave \u00e0 bille<br \/>\n-Autres teintes de bois nous consulter<\/p>\n","protected":false},"featured_media":10585,"comment_status":"open","ping_status":"closed","template":"","meta":[],"product_cat":[516,2056],"product_tag":[867],"class_list":["post-4578","product","type-product","status-publish","has-post-thumbnail","hentry","product_cat-cireuses-chaussures","product_cat-gamme-rolls","product_tag-cireuse","pa_domaine-collectivites","pa_domaine-entreprise","pa_domaine-hotel"],"_links":{"self":[{"href":"https:\/\/aquatiss.com.tn\/fr\/wp-json\/wp\/v2\/product\/4578","targetHints":{"allow":["GET"]}}],"collection":[{"href":"https:\/\/aquatiss.com.tn\/fr\/wp-json\/wp\/v2\/product"}],"about":[{"href":"https:\/\/aquatiss.com.tn\/fr\/wp-json\/wp\/v2\/types\/product"}],"replies":[{"embeddable":true,"href":"https:\/\/aquatiss.com.tn\/fr\/wp-json\/wp\/v2\/comments?post=4578"}],"wp:featuredmedia":[{"embeddable":true,"href":"https:\/\/aquatiss.com.tn\/fr\/wp-json\/wp\/v2\/media\/10585"}],"wp:attachment":[{"href":"https:\/\/aquatiss.com.tn\/fr\/wp-json\/wp\/v2\/media?parent=4578"}],"wp:term":[{"taxonomy":"product_cat","embeddable":true,"href":"https:\/\/aquatiss.com.tn\/fr\/wp-json\/wp\/v2\/product_cat?post=4578"},{"taxonomy":"product_tag","embeddable":true,"href":"https:\/\/aquatiss.com.tn\/fr\/wp-json\/wp\/v2\/product_tag?post=4578"}],"curies":[{"name":"wp","href":"https:\/\/api.w.org\/{rel}","templated":true}]}}