{"id":4608,"date":"2017-05-05T15:04:59","date_gmt":"2017-05-05T15:04:59","guid":{"rendered":"http:\/\/gator4082.temp.domains\/~aquatiss\/produit\/coffre-fort-electronique-copie\/"},"modified":"2017-12-14T13:11:43","modified_gmt":"2017-12-14T13:11:43","slug":"coffre-fort-electronique-copie","status":"publish","type":"product","link":"https:\/\/aquatiss.com.tn\/fr\/produit\/coffre-fort-electronique-copie\/","title":{"rendered":"Coffre fort \u00e9lectronique"},"content":{"rendered":"<p>\u00c9quip\u00e9 d&rsquo;un syst\u00e8me d&rsquo;ouverture par un code \u00e9lectronique allant de 1 \u00e0 9 chiffres<br \/>\n6 p\u00eanes \u00f830 mm.<br \/>\nFournit avec 2 cl\u00e9s pour ouverture d&rsquo;urgence en cas de perte de code.<br \/>\nUn micro syst\u00e8me d&rsquo;alarme afin d&#8217;emp\u00eacher le vole.<br \/>\nProgrammation de code : dispose d&rsquo;un bouton de programmation int\u00e9rieur<br \/>\nAfficheur : \u00e9cran tactile avec \u00e9conomie de consommation, affichage de la date et l&rsquo;heure sur l&rsquo;\u00e9cran<br \/>\nPorte int\u00e9rieur muni d&rsquo;un porte document et des portes \u00e0 cl\u00e9s<br \/>\n2 trous au bas du coffre pour scellement<br \/>\nEpaisseur de t\u00f4le corps 6 mm-Porte 10 mm<br \/>\n2corps de cot\u00e9 de 4 mm<br \/>\nDes piles fournit<br \/>\nUn support des piles externe en cas de perte d&rsquo;\u00e9nergie des piles install\u00e9es<\/p>\n","protected":false},"excerpt":{"rendered":"<p>\u00c9quip\u00e9 d&#039;un syst\u00e8me d&#039;ouverture par un code \u00e9lectronique allant de 1 \u00e0 9 chiffres<br \/>\n6 p\u00eanes \u00f830 mm.<br \/>\nFournit avec 2 cl\u00e9s pour ouverture d&#039;urgence en cas de perte de code.<\/p>\n","protected":false},"featured_media":4609,"comment_status":"open","ping_status":"closed","template":"","meta":[],"product_cat":[222,153],"product_tag":[250],"class_list":["post-4608","product","type-product","status-publish","has-post-thumbnail","hentry","product_cat-coffre-fort","product_cat-securite","product_tag-coffre-fort","pa_color-noir","pa_domaine-entreprise","pa_domaine-hotel","pa_domaine-industrie","pa_domaine-medical"],"_links":{"self":[{"href":"https:\/\/aquatiss.com.tn\/fr\/wp-json\/wp\/v2\/product\/4608","targetHints":{"allow":["GET"]}}],"collection":[{"href":"https:\/\/aquatiss.com.tn\/fr\/wp-json\/wp\/v2\/product"}],"about":[{"href":"https:\/\/aquatiss.com.tn\/fr\/wp-json\/wp\/v2\/types\/product"}],"replies":[{"embeddable":true,"href":"https:\/\/aquatiss.com.tn\/fr\/wp-json\/wp\/v2\/comments?post=4608"}],"wp:featuredmedia":[{"embeddable":true,"href":"https:\/\/aquatiss.com.tn\/fr\/wp-json\/wp\/v2\/media\/4609"}],"wp:attachment":[{"href":"https:\/\/aquatiss.com.tn\/fr\/wp-json\/wp\/v2\/media?parent=4608"}],"wp:term":[{"taxonomy":"product_cat","embeddable":true,"href":"https:\/\/aquatiss.com.tn\/fr\/wp-json\/wp\/v2\/product_cat?post=4608"},{"taxonomy":"product_tag","embeddable":true,"href":"https:\/\/aquatiss.com.tn\/fr\/wp-json\/wp\/v2\/product_tag?post=4608"}],"curies":[{"name":"wp","href":"https:\/\/api.w.org\/{rel}","templated":true}]}}