{"id":4822,"date":"2017-05-10T14:28:45","date_gmt":"2017-05-10T14:28:45","guid":{"rendered":"http:\/\/gator4082.temp.domains\/~aquatiss\/?post_type=product&#038;p=4822"},"modified":"2021-05-31T14:45:58","modified_gmt":"2021-05-31T14:45:58","slug":"console-a-couverts-rolls","status":"publish","type":"product","link":"https:\/\/aquatiss.com.tn\/fr\/produit\/console-a-couverts-rolls\/","title":{"rendered":"Console \u00e0 couverts Roll&rsquo;s"},"content":{"rendered":"<h4>Console \u00e0 couverts Roll&rsquo;s<\/h4>\n<p>Meuble pour les collectivit\u00e9s, l\u2019h\u00f4tellerie et la restauration.<br \/>\nMobilier en bois couleur acajou<br \/>\nDans la partie inf\u00e9rieure, une \u00e9tag\u00e8re int\u00e9rieure centrale est ferm\u00e9e par deux portes<br \/>\n2 \u00e9tag\u00e8res sup\u00e9rieures<br \/>\nDeux tiroirs coulissants<\/p>\n","protected":false},"excerpt":{"rendered":"<p>Meuble pour les collectivit\u00e9s, l\u2019h\u00f4tellerie et la restauration.<br \/>\nMobilier en bois couleur acajou<\/p>\n","protected":false},"featured_media":10583,"comment_status":"open","ping_status":"closed","template":"","meta":[],"product_cat":[519,535,2056,469,154],"product_tag":[885],"class_list":["post-4822","product","type-product","status-publish","has-post-thumbnail","hentry","product_cat-console-a-couverts","product_cat-equipements-hotelier-et-restauration","product_cat-gamme-rolls","product_cat-mobilier-interieur","product_cat-mobilier-textile","product_tag-console-couverts","pa_domaine-collectivites","pa_domaine-food","pa_domaine-hotel"],"_links":{"self":[{"href":"https:\/\/aquatiss.com.tn\/fr\/wp-json\/wp\/v2\/product\/4822","targetHints":{"allow":["GET"]}}],"collection":[{"href":"https:\/\/aquatiss.com.tn\/fr\/wp-json\/wp\/v2\/product"}],"about":[{"href":"https:\/\/aquatiss.com.tn\/fr\/wp-json\/wp\/v2\/types\/product"}],"replies":[{"embeddable":true,"href":"https:\/\/aquatiss.com.tn\/fr\/wp-json\/wp\/v2\/comments?post=4822"}],"wp:featuredmedia":[{"embeddable":true,"href":"https:\/\/aquatiss.com.tn\/fr\/wp-json\/wp\/v2\/media\/10583"}],"wp:attachment":[{"href":"https:\/\/aquatiss.com.tn\/fr\/wp-json\/wp\/v2\/media?parent=4822"}],"wp:term":[{"taxonomy":"product_cat","embeddable":true,"href":"https:\/\/aquatiss.com.tn\/fr\/wp-json\/wp\/v2\/product_cat?post=4822"},{"taxonomy":"product_tag","embeddable":true,"href":"https:\/\/aquatiss.com.tn\/fr\/wp-json\/wp\/v2\/product_tag?post=4822"}],"curies":[{"name":"wp","href":"https:\/\/api.w.org\/{rel}","templated":true}]}}