{"id":4962,"date":"2017-05-12T12:49:51","date_gmt":"2017-05-12T11:49:51","guid":{"rendered":"http:\/\/gator4082.temp.domains\/~aquatiss\/produit\/couverture-100-polyester-non-feu-trevira-cs-400gm%c2%b2\/"},"modified":"2017-05-12T13:00:48","modified_gmt":"2017-05-12T12:00:48","slug":"couverture-100-polyester-non-feu-trevira-cs-400gm%c2%b2","status":"publish","type":"product","link":"https:\/\/aquatiss.com.tn\/fr\/produit\/couverture-100-polyester-non-feu-trevira-cs-400gm%c2%b2\/","title":{"rendered":"Couverture 100% polyester non feu TR\u00c9VIRA CS , 400g\/m\u00b2"},"content":{"rendered":"<p>Couverture <strong>TR\u00c9VIRA CS<\/strong>* unicolore, 100% polyester, non feu M1, lavage 90\u00b0, ourl\u00e9es 2 c\u00f4t\u00e9s, lisi\u00e8res surjet\u00e9es<br \/>\n<strong>Pr\u00e9cisez la couleur <\/strong>:<br \/>\nColoris: 02Myosotis, 40Marron, 11Whisky, 41Chaudron, 35Ciel, 26Rose, 03miel <\/p>\n<p>* La fibre Tr\u00e9vira CS d&rsquo;un entretien infroissables et simple et r\u00e9sistent aux d\u00e9sinfection et aux frottement est reconnue pour garantir le non feu et r\u00e9pond \u00e0 toutes normes de protection contre l&rsquo;incendie<br \/>\nGrammage: 400g\/m\u00b2<br \/>\nDimension:<br \/>\n180x220cm<br \/>\n220x240cm<br \/>\n240x260cm <\/p>\n","protected":false},"excerpt":{"rendered":"<p>Couverture <strong>TR\u00c9VIRA CS<\/strong>* unicolore, 100% polyester, non feu M1, lavage 90\u00b0, ourl\u00e9es 2 c\u00f4t\u00e9s, lisi\u00e8res surjet\u00e9es<\/p>\n","protected":false},"featured_media":4967,"comment_status":"open","ping_status":"closed","template":"","meta":[],"product_cat":[522],"product_tag":[902],"class_list":["post-4962","product","type-product","status-publish","has-post-thumbnail","hentry","product_cat-couverture","product_tag-couverture","pa_domaine-hotel","pa_domaine-medical","pa_grammage-400gm","pa_taille-180x220cm","pa_taille-220x240cm","pa_taille-240x260cm"],"_links":{"self":[{"href":"https:\/\/aquatiss.com.tn\/fr\/wp-json\/wp\/v2\/product\/4962","targetHints":{"allow":["GET"]}}],"collection":[{"href":"https:\/\/aquatiss.com.tn\/fr\/wp-json\/wp\/v2\/product"}],"about":[{"href":"https:\/\/aquatiss.com.tn\/fr\/wp-json\/wp\/v2\/types\/product"}],"replies":[{"embeddable":true,"href":"https:\/\/aquatiss.com.tn\/fr\/wp-json\/wp\/v2\/comments?post=4962"}],"wp:featuredmedia":[{"embeddable":true,"href":"https:\/\/aquatiss.com.tn\/fr\/wp-json\/wp\/v2\/media\/4967"}],"wp:attachment":[{"href":"https:\/\/aquatiss.com.tn\/fr\/wp-json\/wp\/v2\/media?parent=4962"}],"wp:term":[{"taxonomy":"product_cat","embeddable":true,"href":"https:\/\/aquatiss.com.tn\/fr\/wp-json\/wp\/v2\/product_cat?post=4962"},{"taxonomy":"product_tag","embeddable":true,"href":"https:\/\/aquatiss.com.tn\/fr\/wp-json\/wp\/v2\/product_tag?post=4962"}],"curies":[{"name":"wp","href":"https:\/\/api.w.org\/{rel}","templated":true}]}}