{"id":5065,"date":"2017-05-16T14:13:34","date_gmt":"2017-05-16T13:13:34","guid":{"rendered":"http:\/\/gator4082.temp.domains\/~aquatiss\/?post_type=product&#038;p=5065"},"modified":"2017-05-16T16:39:58","modified_gmt":"2017-05-16T15:39:58","slug":"aero-brumisateur-inox-a-pompe","status":"publish","type":"product","link":"https:\/\/aquatiss.com.tn\/fr\/produit\/aero-brumisateur-inox-a-pompe\/","title":{"rendered":"A\u00e9ro brumisateur inox \u00e0 pompe"},"content":{"rendered":"<p><strong>Descriptive article : <\/strong><\/p>\n<p>R\u00e9servoir \u00e9quip\u00e9 du bidon de 2 L<br \/>\nVolume:Jusqu\u2019 \u2019a 100 m3<br \/>\nD\u00e9bit: 0,6l\/h<br \/>\nMinuterie :0 \u00e0 120min<br \/>\nExiste en version portable ou mobile<br \/>\n220V\/50Hz<\/p>\n<p><strong>PRINCIPES DE FONCTIONNEMENTS:<\/strong><br \/>\nL&rsquo;a\u00e9ro brumisateur est une technique consistant \u00e0 g\u00e9n\u00e9rer un brouillard.<br \/>\ncompos\u00e9 de milliards de micro gouttelettes puls\u00e9es \u00e0 l&rsquo;aide d&rsquo;un canon \u00e0 air dans l&rsquo;ensemble du volume<br \/>\net sur la totalit\u00e9 des surfaces des locaux \u00e0 traiter. L&rsquo;a\u00e9robrumisation permet d&rsquo;assurer des op\u00e9rations<br \/>\nindispensables dans les milieux industriels agro-alimentaires, pharmaceutiques, cosm\u00e9tiques, le secteur<br \/>\nm\u00e9dical et \u00e9galement dans les commerces alimentaires (restaurants collectifs, poissons, viandes, traiteurs&#8230;).<br \/>\n-Cette technique s&rsquo;utilise dans les locaux sensibles et dans tous les lieux o\u00f9 les contraintes d&rsquo;hygi\u00e8ne<br \/>\ns&rsquo;imposent et o\u00f9 les risques li\u00e9s \u00e0 une contamination sont \u00e9lev\u00e9s. A titre d&rsquo;exemple, les salles de conditionnement, de d\u00e9coupe de viande, les chambres froides, les locaux de stockage, etc&#8230;<\/p>\n<p>Constituent \u00e9galement des locaux \u00e0 traiter.<br \/>\nDans le secteur m\u00e9dical, la salle d&rsquo;op\u00e9ration, de r\u00e9animation, les chambres d&rsquo;h\u00f4pitaux et de cliniques,<br \/>\nles garderies d&rsquo;enfants, etc&#8230; Et tous locaux recevant du public (salles de spectacle, gymnases, a\u00e9roports&#8230;).<br \/>\n<span style=\"color: #0000ff;\"><strong>Points forts :<\/strong><\/span><br \/>\nD\u00e9sinfection de l\u2019air et des surfaces par voie a\u00e9rienne<br \/>\nD\u00e9solidarisation des locaux<br \/>\nD\u00e9sinfection des volumes Humidification contr\u00f4l\u00e9e<\/p>\n","protected":false},"excerpt":{"rendered":"<p>A\u00e9ro brumisateur inox \u00e0 pompe<br \/>\nR\u00e9servoir \u00e9quip\u00e9 du bidon de 2 L<br \/>\nVolume:Jusqu\u2019 \u2019a 100 m3<br \/>\nD\u00e9bit: 0,6l\/h<br \/>\nMinuterie :0 \u00e0 120min<\/p>\n","protected":false},"featured_media":5068,"comment_status":"open","ping_status":"closed","template":"","meta":[],"product_cat":[918,108],"product_tag":[916],"class_list":["post-5065","product","type-product","status-publish","has-post-thumbnail","hentry","product_cat-aero-brumisateur","product_cat-hygiene","product_tag-aero-brumisateur","pa_domaine-medical"],"_links":{"self":[{"href":"https:\/\/aquatiss.com.tn\/fr\/wp-json\/wp\/v2\/product\/5065","targetHints":{"allow":["GET"]}}],"collection":[{"href":"https:\/\/aquatiss.com.tn\/fr\/wp-json\/wp\/v2\/product"}],"about":[{"href":"https:\/\/aquatiss.com.tn\/fr\/wp-json\/wp\/v2\/types\/product"}],"replies":[{"embeddable":true,"href":"https:\/\/aquatiss.com.tn\/fr\/wp-json\/wp\/v2\/comments?post=5065"}],"wp:featuredmedia":[{"embeddable":true,"href":"https:\/\/aquatiss.com.tn\/fr\/wp-json\/wp\/v2\/media\/5068"}],"wp:attachment":[{"href":"https:\/\/aquatiss.com.tn\/fr\/wp-json\/wp\/v2\/media?parent=5065"}],"wp:term":[{"taxonomy":"product_cat","embeddable":true,"href":"https:\/\/aquatiss.com.tn\/fr\/wp-json\/wp\/v2\/product_cat?post=5065"},{"taxonomy":"product_tag","embeddable":true,"href":"https:\/\/aquatiss.com.tn\/fr\/wp-json\/wp\/v2\/product_tag?post=5065"}],"curies":[{"name":"wp","href":"https:\/\/api.w.org\/{rel}","templated":true}]}}