{"id":5115,"date":"2026-02-01T14:55:22","date_gmt":"2026-02-01T14:55:22","guid":{"rendered":"http:\/\/gator4082.temp.domains\/~aquatiss\/?post_type=product&#038;p=5115"},"modified":"2026-02-27T08:07:03","modified_gmt":"2026-02-27T08:07:03","slug":"matelas-transat-bain-de-soleil-178x50-cm-epaisseur-5-cm","status":"publish","type":"product","link":"https:\/\/aquatiss.com.tn\/fr\/produit\/matelas-transat-bain-de-soleil-178x50-cm-epaisseur-5-cm\/","title":{"rendered":"Matelas Transat Bain de Soleil 178&#215;50 cm \u00c9paisseur 5 cm"},"content":{"rendered":"<h4>Matelas Transat Bain de Soleil 178&#215;50 cm \u00c9paisseur 5 cm<\/h4>\n<p>Coussin Chaise Longue Ext\u00e9rieur Imperm\u00e9able \u2013<\/p>\n<p>Matelas Piscine Jardin Terrasse H\u00f4tel \u2013 R\u00e9sistant UV, S\u00e9chage Rapide, Lavable<\/p>\n<p>&nbsp;<\/p>\n<h2 data-start=\"519\" data-end=\"561\"><span style=\"font-size: 12pt;\"><strong data-start=\"524\" data-end=\"561\">Description Matelas Transat Bain de Soleil 178&#215;50 cm \u00c9paisseur 5 cm.<\/strong><\/span><\/h2>\n<p data-start=\"563\" data-end=\"915\"><span style=\"font-size: 12pt;\">Le <strong data-start=\"566\" data-end=\"610\">matelas transat bain de soleil 178&#215;50 cm<\/strong> est con\u00e7u pour offrir un <strong data-start=\"636\" data-end=\"668\">confort optimal en ext\u00e9rieur<\/strong>, aussi bien pour un usage <strong data-start=\"695\" data-end=\"745\">jardin, terrasse, piscine, plage, h\u00f4tel ou spa<\/strong>. Gr\u00e2ce \u00e0 son <strong data-start=\"759\" data-end=\"780\">\u00e9paisseur de 5 cm<\/strong>, ce <strong data-start=\"785\" data-end=\"820\">coussin chaise longue ext\u00e9rieur<\/strong> assure un excellent maintien et une relaxation durable, m\u00eame lors d\u2019une utilisation prolong\u00e9e.<\/span><\/p>\n<h3 data-start=\"917\" data-end=\"970\"><span style=\"font-size: 12pt;\"><strong data-start=\"925\" data-end=\"968\">Imperm\u00e9able &amp; R\u00e9sistant aux Intemp\u00e9ries<\/strong><\/span><\/h3>\n<p data-start=\"971\" data-end=\"1317\"><span style=\"font-size: 12pt;\">Ce <strong data-start=\"974\" data-end=\"1008\">matelas de transat imperm\u00e9able<\/strong> est fabriqu\u00e9 en <strong data-start=\"1025\" data-end=\"1063\">polyester \u00e9tanche de haute qualit\u00e9<\/strong>, parfaitement adapt\u00e9 \u00e0 une utilisation en ext\u00e9rieur. R\u00e9sistant \u00e0 la pluie et \u00e0 l\u2019humidit\u00e9, il ne se gorge pas d\u2019eau : l\u2019eau perle \u00e0 la surface et peut \u00eatre essuy\u00e9e facilement. Id\u00e9al pour les <strong data-start=\"1255\" data-end=\"1316\">bains de soleil de jardin, piscines et terrasses expos\u00e9es<\/strong>.<\/span><\/p>\n<h3 data-start=\"1319\" data-end=\"1360\"><span style=\"font-size: 12pt;\"><strong data-start=\"1326\" data-end=\"1358\">R\u00e9sistant UV &amp; Ultra Robuste<\/strong><\/span><\/h3>\n<p data-start=\"1361\" data-end=\"1720\"><span style=\"font-size: 12pt;\">Gr\u00e2ce \u00e0 sa <strong data-start=\"1372\" data-end=\"1399\">haute r\u00e9sistance aux UV<\/strong>, ce <strong data-start=\"1404\" data-end=\"1440\">coussin bain de soleil ext\u00e9rieur<\/strong> conserve ses couleurs m\u00eame apr\u00e8s une exposition prolong\u00e9e au soleil. Il est parfaitement adapt\u00e9 \u00e0 un usage quotidien en ext\u00e9rieur sans n\u00e9cessit\u00e9 de le ranger chaque soir. Un choix id\u00e9al pour les <strong data-start=\"1636\" data-end=\"1719\">meubles de jardin, h\u00f4tels, r\u00e9sidences, plages priv\u00e9es et espaces professionnels<\/strong>.<\/span><\/p>\n<h3 data-start=\"1722\" data-end=\"1771\"><span style=\"font-size: 12pt;\"><strong data-start=\"1730\" data-end=\"1769\">Confort \u00c9pais &amp; Durabilit\u00e9 Maximale<\/strong><\/span><\/h3>\n<p data-start=\"1772\" data-end=\"2043\"><span style=\"font-size: 12pt;\">Dot\u00e9 d\u2019une <strong data-start=\"1783\" data-end=\"1820\">mousse dense d\u2019environ 4,8 \u00e0 5 cm<\/strong>, ce <strong data-start=\"1825\" data-end=\"1857\">matelas chaise longue jardin<\/strong> garantit un confort sup\u00e9rieur et une excellente durabilit\u00e9. Ses dimensions <strong data-start=\"1933\" data-end=\"1948\">180x50x5 cm<\/strong> s\u2019adaptent parfaitement aux <strong data-start=\"1977\" data-end=\"2042\">transats, chaises longues, bains de soleil et lits de piscine<\/strong>.<\/span><\/p>\n<h3 data-start=\"2045\" data-end=\"2094\"><span style=\"font-size: 12pt;\"><strong data-start=\"2052\" data-end=\"2092\">Facile \u00e0 Nettoyer &amp; Entretien Simple<\/strong><\/span><\/h3>\n<p data-start=\"2095\" data-end=\"2335\"><span style=\"font-size: 12pt;\">La <strong data-start=\"2098\" data-end=\"2117\">housse amovible<\/strong> de ce <strong data-start=\"2124\" data-end=\"2153\">coussin transat ext\u00e9rieur<\/strong> est <strong data-start=\"2158\" data-end=\"2187\">lavable en machine \u00e0 25\u00b0C<\/strong>. En cas de salissure l\u00e9g\u00e8re, un simple chiffon humide suffit. Le tissu conserve sa qualit\u00e9, sa forme et son confort m\u00eame apr\u00e8s de nombreux lavages.<\/span><\/p>\n<h3 data-start=\"2337\" data-end=\"2379\"><span style=\"font-size: 12pt;\"><strong data-start=\"2344\" data-end=\"2377\">Polyvalent, Moderne &amp; \u00c9l\u00e9gant<\/strong><\/span><\/h3>\n<p data-start=\"2380\" data-end=\"2668\"><span style=\"font-size: 12pt;\">Disponible en <strong data-start=\"2394\" data-end=\"2443\">bleu, vert, beige, rouge, marron et grenadine<\/strong>, ce <strong data-start=\"2448\" data-end=\"2484\">matelas de bain de soleil design<\/strong> s\u2019int\u00e8gre harmonieusement \u00e0 tous les styles d\u2019am\u00e9nagement ext\u00e9rieur. Il combine <strong data-start=\"2565\" data-end=\"2617\">esth\u00e9tique moderne, fonctionnalit\u00e9 et robustesse<\/strong>, aussi bien pour un usage priv\u00e9 que professionnel.<\/span><\/p>\n<p>&nbsp;<\/p>\n","protected":false},"excerpt":{"rendered":"<p><span style=\"font-size: 14pt;\">Con\u00e7u pour offrir un <strong data-start=\"636\" data-end=\"668\">confort optimal en ext\u00e9rieur<\/strong>, aussi bien pour un usage <strong data-start=\"695\" data-end=\"745\">jardin, terrasse, piscine, plage, h\u00f4tel ou spa<\/strong><\/span><\/p>\n<p>Imperm\u00e9able \u00e9tanche : R\u00e9siste \u00e0 la pluie et \u00e0 l\u2019humidit\u00e9, ne retient pas l\u2019eau<br \/>\nR\u00e9sistant aux UV : Ne se d\u00e9colore pas au soleil, id\u00e9al pour usage ext\u00e9rieur quotidien<br \/>\nConfort \u00e9pais 5 cm : Mousse dense pour un excellent maintien et un confort durable<br \/>\nDimensions universelles : 178 x 50 cm, compatible transat, chaise longue et bain de soleil<br \/>\nS\u00e9chage rapide : Parfait pour piscine, jardin, terrasse et plage<br \/>\nFacile \u00e0 entretenir : Housse amovible lavable en machine \u00e0 25\u00b0C<br \/>\nDesign \u00e9l\u00e9gant &amp; polyvalent : Convient aux jardins, h\u00f4tels, spas et espaces ext\u00e9rieurs<\/p>\n","protected":false},"featured_media":43688,"comment_status":"open","ping_status":"closed","template":"","meta":[],"product_cat":[619,154],"product_tag":[],"class_list":["post-5115","product","type-product","status-publish","has-post-thumbnail","hentry","product_cat-les-matelas","product_cat-mobilier-textile","pa_domaine-hotel"],"_links":{"self":[{"href":"https:\/\/aquatiss.com.tn\/fr\/wp-json\/wp\/v2\/product\/5115","targetHints":{"allow":["GET"]}}],"collection":[{"href":"https:\/\/aquatiss.com.tn\/fr\/wp-json\/wp\/v2\/product"}],"about":[{"href":"https:\/\/aquatiss.com.tn\/fr\/wp-json\/wp\/v2\/types\/product"}],"replies":[{"embeddable":true,"href":"https:\/\/aquatiss.com.tn\/fr\/wp-json\/wp\/v2\/comments?post=5115"}],"wp:featuredmedia":[{"embeddable":true,"href":"https:\/\/aquatiss.com.tn\/fr\/wp-json\/wp\/v2\/media\/43688"}],"wp:attachment":[{"href":"https:\/\/aquatiss.com.tn\/fr\/wp-json\/wp\/v2\/media?parent=5115"}],"wp:term":[{"taxonomy":"product_cat","embeddable":true,"href":"https:\/\/aquatiss.com.tn\/fr\/wp-json\/wp\/v2\/product_cat?post=5115"},{"taxonomy":"product_tag","embeddable":true,"href":"https:\/\/aquatiss.com.tn\/fr\/wp-json\/wp\/v2\/product_tag?post=5115"}],"curies":[{"name":"wp","href":"https:\/\/api.w.org\/{rel}","templated":true}]}}