{"id":5123,"date":"2017-05-17T11:30:56","date_gmt":"2017-05-17T11:30:56","guid":{"rendered":"http:\/\/gator4082.temp.domains\/~aquatiss\/?post_type=product&#038;p=5123"},"modified":"2025-06-04T10:37:11","modified_gmt":"2025-06-04T10:37:11","slug":"lit-bebe-rolls","status":"publish","type":"product","link":"https:\/\/aquatiss.com.tn\/fr\/produit\/lit-bebe-rolls\/","title":{"rendered":"Lit b\u00e9b\u00e9  Roll&rsquo;s bois h\u00eatre naturel 120&#215;60 cm"},"content":{"rendered":"<p>Lit b\u00e9b\u00e9 Roll&rsquo;s bois h\u00eatre naturel 120&#215;60 cm<\/p>\n<p>fabriqu\u00e9 en bois qui convient a l&rsquo;usage h\u00f4telier et hospitalier&#8230;mont\u00e9 sur 04 roues.<\/p>\n<h4>Matelas en option<\/h4>\n<p>Dimension du couchage 60x120cm<\/p>\n<p>Les distances et les dimensions sont pr\u00e9vues pour \u00e9viter au maximum les risques de pincement des doigts,<br \/>\ndes orteils et des membres. En outre, le coincement de la t\u00eate et du cou sont \u00e9vit\u00e9s ainsi que le risque d\u2019asphyxie<br \/>\net d\u2019\u00e9tranglement. Espacements entre les barreaux environ 5 \u00e0 7 cm<br \/>\nEcart entre le matelas et les parois du lit moins de 1cm<\/p>\n<h4>Caract\u00e9ristiques Lit b\u00e9b\u00e9 Roll&rsquo;s<\/h4>\n<p>Lit pliant Roll&rsquo;s\u00a0 60x120cm, \u00e0 barreaux h\u00eatre massif garantit\u00a0 longue durabilit\u00e9, avec roulettes<br \/>\nFabriqu\u00e9 selon les normes:<br \/>\nnorme NF EN 716 et les normes NF EN 1130-1<br \/>\nEspacements entre les barreaux environ 5 \u00e0 7 cm<br \/>\nEcart entre le matelas et les parois du lit moins de 1cm<br \/>\nSurface de couchage 120 X 60 cm<br \/>\nLe h\u00eatre massif garantit la longue durabilit\u00e9<br \/>\nMatelas pliable non inclus<\/p>\n","protected":false},"excerpt":{"rendered":"<p>Fabriqu\u00e9 selon les normes:<br \/>\nnorme NF EN 716 et les normes NF EN 1130-1<br \/>\nEspacements entre les barreaux environ 5 \u00e0 7 cm<br \/>\nEcart entre le matelas et les parois du lit moins de 1cm<br \/>\nSurface de couchage 120 X 60 cm<br \/>\nLe h\u00eatre massif garantit la longue durabilit\u00e9<br \/>\nMatelas pliable non inclus<\/p>\n","protected":false},"featured_media":10581,"comment_status":"open","ping_status":"closed","template":"","meta":[],"product_cat":[2056,600,539],"product_tag":[868],"class_list":["post-5123","product","type-product","status-publish","has-post-thumbnail","hentry","product_cat-gamme-rolls","product_cat-lit","product_cat-lit-bebe","product_tag-lit-bebe","pa_domaine-hotel","pa_domaine-medical","pa_promos-les-exclusivites-internet"],"_links":{"self":[{"href":"https:\/\/aquatiss.com.tn\/fr\/wp-json\/wp\/v2\/product\/5123","targetHints":{"allow":["GET"]}}],"collection":[{"href":"https:\/\/aquatiss.com.tn\/fr\/wp-json\/wp\/v2\/product"}],"about":[{"href":"https:\/\/aquatiss.com.tn\/fr\/wp-json\/wp\/v2\/types\/product"}],"replies":[{"embeddable":true,"href":"https:\/\/aquatiss.com.tn\/fr\/wp-json\/wp\/v2\/comments?post=5123"}],"wp:featuredmedia":[{"embeddable":true,"href":"https:\/\/aquatiss.com.tn\/fr\/wp-json\/wp\/v2\/media\/10581"}],"wp:attachment":[{"href":"https:\/\/aquatiss.com.tn\/fr\/wp-json\/wp\/v2\/media?parent=5123"}],"wp:term":[{"taxonomy":"product_cat","embeddable":true,"href":"https:\/\/aquatiss.com.tn\/fr\/wp-json\/wp\/v2\/product_cat?post=5123"},{"taxonomy":"product_tag","embeddable":true,"href":"https:\/\/aquatiss.com.tn\/fr\/wp-json\/wp\/v2\/product_tag?post=5123"}],"curies":[{"name":"wp","href":"https:\/\/api.w.org\/{rel}","templated":true}]}}