{"id":5149,"date":"2024-11-29T09:30:55","date_gmt":"2024-11-29T09:30:55","guid":{"rendered":"http:\/\/gator4082.temp.domains\/~aquatiss\/produit\/lit-superposes-rolls\/"},"modified":"2024-11-30T09:12:03","modified_gmt":"2024-11-30T09:12:03","slug":"lit-superposes-double-en-metal-sommier-treillis-rolls","status":"publish","type":"product","link":"https:\/\/aquatiss.com.tn\/fr\/produit\/lit-superposes-double-en-metal-sommier-treillis-rolls\/","title":{"rendered":"Lit superpos\u00e9s &#8211; double en m\u00e9tal sommier treillis Roll&rsquo;s"},"content":{"rendered":"<p>Lit superpos\u00e9s &#8211; double en m\u00e9tal sommier treillis Roll&rsquo;s<\/p>\n<p>Tr\u00e8s pratiques et peu encombrants, ces lits superpos\u00e9s ( lit jumeaux) en acier \u00e9poxy vous offre deux couchages de 90x190cm deux places pour enfants ou adultes.<br \/>\nCe Lit en hauteur Dot\u00e9s de sommiers \u00e0 lattes et d&rsquo;une \u00e9chelle gain de place.<\/p>\n<h2><strong>Caract\u00e9ristiques techniques Lit superpos\u00e9s &#8211; double en m\u00e9tal sommier treillis Roll&rsquo;s\u00a0 2 places:<\/strong><\/h2>\n<p>-Structure en acier \u00e9poxy<br \/>\n-2 couchages: 90x190cm<br \/>\n-Une structure principale en tube 40x20mm<br \/>\n-T\u00eate et pied de lit 370 mm<br \/>\n-Echelle structure en tube 30&#215;20 mm<br \/>\n-Design\u00a0 plus robuste que les lit en bois<br \/>\n-La traverse protectrice en tube rond de \u00f8 20mm pour le sommier haut<br \/>\n-Equip\u00e9 de 02 sommiers \u00e0 treillis tr\u00e8s confortable dimensions 188X88cm<br \/>\n-Sommier treillis<\/p>\n<p><strong>Matelas non inclus<\/strong>.<br \/>\nLe lit est compatible avec tous les matelas 90&#215;190 cm.<\/p>\n","protected":false},"excerpt":{"rendered":"<p><strong>Tr\u00e8s pratiques et peu encombrants, ces lits superpos\u00e9s en acier \u00e9poxy vous offre deux couchages de 90x190cm<\/strong>.<\/p>\n<p>Lits superpos\u00e9s. Pour les h\u00e9bergements collectifs : internats, centres d&rsquo;h\u00e9bergement, r\u00e9sidence \u00e9tudiante<br \/>\nDesign\u00a0 robuste<br \/>\nEquip\u00e9 des \u00c9chelles.<br \/>\nAssemblage Facile.<br \/>\nSommier treillis<br \/>\nRev\u00eatement en poudre\u00a0peinture \u00e9poxy gris<br \/>\nAutre couleur sur commande.<\/p>\n","protected":false},"featured_media":41715,"comment_status":"open","ping_status":"closed","template":"","meta":[],"product_cat":[2056,600,544,154],"product_tag":[869,940],"class_list":["post-5149","product","type-product","status-publish","has-post-thumbnail","hentry","product_cat-gamme-rolls","product_cat-lit","product_cat-lit-double","product_cat-mobilier-textile","product_tag-lit","product_tag-sommier-a-lattes","pa_domaine-hotel","pa_domaine-medical"],"_links":{"self":[{"href":"https:\/\/aquatiss.com.tn\/fr\/wp-json\/wp\/v2\/product\/5149","targetHints":{"allow":["GET"]}}],"collection":[{"href":"https:\/\/aquatiss.com.tn\/fr\/wp-json\/wp\/v2\/product"}],"about":[{"href":"https:\/\/aquatiss.com.tn\/fr\/wp-json\/wp\/v2\/types\/product"}],"replies":[{"embeddable":true,"href":"https:\/\/aquatiss.com.tn\/fr\/wp-json\/wp\/v2\/comments?post=5149"}],"wp:featuredmedia":[{"embeddable":true,"href":"https:\/\/aquatiss.com.tn\/fr\/wp-json\/wp\/v2\/media\/41715"}],"wp:attachment":[{"href":"https:\/\/aquatiss.com.tn\/fr\/wp-json\/wp\/v2\/media?parent=5149"}],"wp:term":[{"taxonomy":"product_cat","embeddable":true,"href":"https:\/\/aquatiss.com.tn\/fr\/wp-json\/wp\/v2\/product_cat?post=5149"},{"taxonomy":"product_tag","embeddable":true,"href":"https:\/\/aquatiss.com.tn\/fr\/wp-json\/wp\/v2\/product_tag?post=5149"}],"curies":[{"name":"wp","href":"https:\/\/api.w.org\/{rel}","templated":true}]}}