{"id":5152,"date":"2017-05-19T10:06:59","date_gmt":"2017-05-19T09:06:59","guid":{"rendered":"http:\/\/gator4082.temp.domains\/~aquatiss\/produit\/lit-bebe-rolls-2\/"},"modified":"2017-05-19T15:36:51","modified_gmt":"2017-05-19T14:36:51","slug":"lit-bebe-rolls-2","status":"publish","type":"product","link":"https:\/\/aquatiss.com.tn\/fr\/produit\/lit-bebe-rolls-2\/","title":{"rendered":"Lit b\u00e9b\u00e9 pliable"},"content":{"rendered":"<p>Lit b\u00e9b\u00e9, fen\u00eatre en filet<br \/>\nDimensions ferm\u00e9 : L 21 &#8211; P 23 &#8211; H 77cm<br \/>\n<img decoding=\"async\"  src=\"http:\/\/gator4082.temp.domains\/~aquatiss\/wp-content\/uploads\/2017\/02\/adobe-pdf-logo-1480D328A9-seeklogo.com_.jpg\" alt=\"adobe-pdf-logo-1480d328a9-seeklogo-com\" width=\"30\" height=\"30\" srcset=\"https:\/\/aquatiss.com.tn\/wp-content\/uploads\/2017\/02\/adobe-pdf-logo-1480D328A9-seeklogo.com_-100x100.jpg 100w, https:\/\/aquatiss.com.tn\/wp-content\/uploads\/2017\/02\/adobe-pdf-logo-1480D328A9-seeklogo.com_-150x150.jpg 150w\" sizes=\"(max-width: 30px) 100vw, 30px\" class=\" wp-image-2811 alignleft no-lazyload\" \/><a href=\"http:\/\/gator4082.temp.domains\/~aquatiss\/produit\/lit-bebe-rolls-2\/page1et2-600\/\" rel=\"attachment wp-att-5167\">Mode d&#8217;emplois<\/a><\/p>\n","protected":false},"excerpt":{"rendered":"<p>Lit b\u00e9b\u00e9, fen\u00eatre en filet<\/p>\n","protected":false},"featured_media":5155,"comment_status":"open","ping_status":"closed","template":"","meta":[],"product_cat":[600,539],"product_tag":[868],"class_list":["post-5152","product","type-product","status-publish","has-post-thumbnail","hentry","product_cat-lit","product_cat-lit-bebe","product_tag-lit-bebe","pa_domaine-hotel","pa_domaine-medical"],"_links":{"self":[{"href":"https:\/\/aquatiss.com.tn\/fr\/wp-json\/wp\/v2\/product\/5152","targetHints":{"allow":["GET"]}}],"collection":[{"href":"https:\/\/aquatiss.com.tn\/fr\/wp-json\/wp\/v2\/product"}],"about":[{"href":"https:\/\/aquatiss.com.tn\/fr\/wp-json\/wp\/v2\/types\/product"}],"replies":[{"embeddable":true,"href":"https:\/\/aquatiss.com.tn\/fr\/wp-json\/wp\/v2\/comments?post=5152"}],"wp:featuredmedia":[{"embeddable":true,"href":"https:\/\/aquatiss.com.tn\/fr\/wp-json\/wp\/v2\/media\/5155"}],"wp:attachment":[{"href":"https:\/\/aquatiss.com.tn\/fr\/wp-json\/wp\/v2\/media?parent=5152"}],"wp:term":[{"taxonomy":"product_cat","embeddable":true,"href":"https:\/\/aquatiss.com.tn\/fr\/wp-json\/wp\/v2\/product_cat?post=5152"},{"taxonomy":"product_tag","embeddable":true,"href":"https:\/\/aquatiss.com.tn\/fr\/wp-json\/wp\/v2\/product_tag?post=5152"}],"curies":[{"name":"wp","href":"https:\/\/api.w.org\/{rel}","templated":true}]}}