{"id":5181,"date":"2017-05-22T15:26:22","date_gmt":"2017-05-22T15:26:22","guid":{"rendered":"http:\/\/gator4082.temp.domains\/~aquatiss\/?post_type=product&#038;p=5181"},"modified":"2025-01-21T16:22:34","modified_gmt":"2025-01-21T16:22:34","slug":"banc-exterieur-bois-avec-dos-rolls","status":"publish","type":"product","link":"https:\/\/aquatiss.com.tn\/fr\/produit\/banc-exterieur-bois-avec-dos-rolls\/","title":{"rendered":"Banc ext\u00e9rieur bois avec dos Roll&rsquo;s"},"content":{"rendered":"<p>Pour l&rsquo;am\u00e9nagement des villes, places, cours, espaces publics dans les collectivit\u00e9s et les espaces urbains.<br \/>\nAquatiss vous propose une large gamme des bancs ext\u00e9rieur sp\u00e9cifiques robuste et sans entretien.<br \/>\nLe banc public (ou banc d\u2019ext\u00e9rieur) est un mobilier urbain de repos, et non de simple pause.<br \/>\nIl trouve naturellement sa place dans les parcs publics, les jardins,les promenades publiques,<br \/>\nle long des rues, et plus g\u00e9n\u00e9ralement dans les lieux de d\u00e9tente longue.<br \/>\nIl a pour objectif de faciliter la vie dans l\u2019espace public, de la rendre plus ais\u00e9e,<br \/>\nplus s\u00fbre, plus confortable. Il permet aux usagers de la ville de s\u2019arr\u00eater, s\u2019asseoir, se reposer, bavarder\u2026.<\/p>\n<p><strong>Descriptif technique :<\/strong><br \/>\nBanc ext\u00e9rieur bois avec dos<br \/>\n3 lattes l\u00e9g\u00e8rement vernis pour plus de protection<br \/>\nPieds en acier tubulaire<br \/>\nSoud\u00e9s et viss\u00e9s finition peinture au four pour ext\u00e9rieure<br \/>\nFixation au sol non fournies<br \/>\nLargeur : 1.45 m<\/p>\n","protected":false},"excerpt":{"rendered":"<p>Pour l&rsquo;am\u00e9nagement des villes, places, cours, espaces publics dans les collectivit\u00e9s et les espaces urbains.<\/p>\n","protected":false},"featured_media":10577,"comment_status":"open","ping_status":"closed","template":"","meta":[],"product_cat":[942,2056,470],"product_tag":[875],"class_list":["post-5181","product","type-product","status-publish","has-post-thumbnail","hentry","product_cat-bancs","product_cat-gamme-rolls","product_cat-mobilier-exterieur","product_tag-banc","pa_domaine-collectivites","pa_domaine-hotel","pa_promos-les-exclusivites-internet"],"_links":{"self":[{"href":"https:\/\/aquatiss.com.tn\/fr\/wp-json\/wp\/v2\/product\/5181","targetHints":{"allow":["GET"]}}],"collection":[{"href":"https:\/\/aquatiss.com.tn\/fr\/wp-json\/wp\/v2\/product"}],"about":[{"href":"https:\/\/aquatiss.com.tn\/fr\/wp-json\/wp\/v2\/types\/product"}],"replies":[{"embeddable":true,"href":"https:\/\/aquatiss.com.tn\/fr\/wp-json\/wp\/v2\/comments?post=5181"}],"wp:featuredmedia":[{"embeddable":true,"href":"https:\/\/aquatiss.com.tn\/fr\/wp-json\/wp\/v2\/media\/10577"}],"wp:attachment":[{"href":"https:\/\/aquatiss.com.tn\/fr\/wp-json\/wp\/v2\/media?parent=5181"}],"wp:term":[{"taxonomy":"product_cat","embeddable":true,"href":"https:\/\/aquatiss.com.tn\/fr\/wp-json\/wp\/v2\/product_cat?post=5181"},{"taxonomy":"product_tag","embeddable":true,"href":"https:\/\/aquatiss.com.tn\/fr\/wp-json\/wp\/v2\/product_tag?post=5181"}],"curies":[{"name":"wp","href":"https:\/\/api.w.org\/{rel}","templated":true}]}}