{"id":5192,"date":"2017-05-23T11:42:27","date_gmt":"2017-05-23T10:42:27","guid":{"rendered":"http:\/\/gator4082.temp.domains\/~aquatiss\/produit\/banc-exterieur-en-bois-design\/"},"modified":"2018-01-23T11:26:53","modified_gmt":"2018-01-23T11:26:53","slug":"banc-exterieur-en-bois-design","status":"publish","type":"product","link":"https:\/\/aquatiss.com.tn\/fr\/produit\/banc-exterieur-en-bois-design\/","title":{"rendered":"Banc ext\u00e9rieur bois avec dos"},"content":{"rendered":"<p>Pour l&rsquo;am\u00e9nagement des villes, places, cours, espaces publics dans les collectivit\u00e9s et les espaces urbains.<br \/>\nAquatiss vous propose une large gamme des bancs ext\u00e9rieur sp\u00e9cifiques robuste et sans entretien<br \/>\nLe banc public (ou banc d\u2019ext\u00e9rieur) est un mobilier urbain de repos, et non de simple pause.<br \/>\nIl trouve naturellement sa place dans les parcs publics, les jardins,les promenades publiques,<br \/>\nle long des rues, et plus g\u00e9n\u00e9ralement dans les lieux de d\u00e9tente longue.<br \/>\nIl a pour objectif de faciliter la vie dans l\u2019espace public, de la rendre plus ais\u00e9e,<br \/>\nplus s\u00fbre, plus confortable. Il permet aux usagers de la ville de s\u2019arr\u00eater, s\u2019asseoir, se reposer, bavarder, \u2026.<\/p>\n<p><strong>Descriptif technique :<\/strong><br \/>\nBanc ext\u00e9rieur bois design<br \/>\n3 lattes l\u00e9g\u00e8rement vernis pour plus de protection<br \/>\nPieds en acier tubulaire<br \/>\nSoud\u00e9s et viss\u00e9s<br \/>\nFinition peinture au four pour ext\u00e9rieure<br \/>\nFixation au sol non fournies<br \/>\nLargeur : 1.45 m<\/p>\n","protected":false},"excerpt":{"rendered":"<p>Pour l&#039;am\u00e9nagement des villes, places, cours, espaces publics dans les collectivit\u00e9s et les espaces urbains.\u00a0<br \/>\nAquatiss vous propose une large gamme des bancs ext\u00e9rieur sp\u00e9cifiques robuste et sans entretien.<\/p>\n","protected":false},"featured_media":2311,"comment_status":"open","ping_status":"closed","template":"","meta":[],"product_cat":[942,470],"product_tag":[875],"class_list":["post-5192","product","type-product","status-publish","has-post-thumbnail","hentry","product_cat-bancs","product_cat-mobilier-exterieur","product_tag-banc","pa_domaine-collectivites","pa_domaine-hotel"],"_links":{"self":[{"href":"https:\/\/aquatiss.com.tn\/fr\/wp-json\/wp\/v2\/product\/5192","targetHints":{"allow":["GET"]}}],"collection":[{"href":"https:\/\/aquatiss.com.tn\/fr\/wp-json\/wp\/v2\/product"}],"about":[{"href":"https:\/\/aquatiss.com.tn\/fr\/wp-json\/wp\/v2\/types\/product"}],"replies":[{"embeddable":true,"href":"https:\/\/aquatiss.com.tn\/fr\/wp-json\/wp\/v2\/comments?post=5192"}],"wp:featuredmedia":[{"embeddable":true,"href":"https:\/\/aquatiss.com.tn\/fr\/wp-json\/wp\/v2\/media\/2311"}],"wp:attachment":[{"href":"https:\/\/aquatiss.com.tn\/fr\/wp-json\/wp\/v2\/media?parent=5192"}],"wp:term":[{"taxonomy":"product_cat","embeddable":true,"href":"https:\/\/aquatiss.com.tn\/fr\/wp-json\/wp\/v2\/product_cat?post=5192"},{"taxonomy":"product_tag","embeddable":true,"href":"https:\/\/aquatiss.com.tn\/fr\/wp-json\/wp\/v2\/product_tag?post=5192"}],"curies":[{"name":"wp","href":"https:\/\/api.w.org\/{rel}","templated":true}]}}