{"id":5274,"date":"2017-05-26T15:36:55","date_gmt":"2017-05-26T15:36:55","guid":{"rendered":"http:\/\/gator4082.temp.domains\/~aquatiss\/?post_type=product&#038;p=5274"},"modified":"2021-05-31T14:41:00","modified_gmt":"2021-05-31T14:41:00","slug":"panneau-dinformation-sur-pied-rolls","status":"publish","type":"product","link":"https:\/\/aquatiss.com.tn\/fr\/produit\/panneau-dinformation-sur-pied-rolls\/","title":{"rendered":"Panneau d\u2019information sur pied Roll&rsquo;s"},"content":{"rendered":"<p>Panneau d\u2019information sur pied Roll&rsquo;s<\/p>\n<p>Un panneau d&rsquo;information design id\u00e9al pour informer, diriger ou orienter dans les lieux ouverts au public.<\/p>\n<p>Mati\u00e8re : poteau en inox ou en laiton et protection des documents en plexiglas<br \/>\nPoteau \u00e9quip\u00e9 d&rsquo;un support pour information , r\u00e9alis\u00e9 en inox ou en laiton \u00e9quip\u00e9 d&rsquo;une vitre en plexiglas antireflet pour la mise en place et la protection du texte.<br \/>\nPoteau inox diam\u00e8tre 65mm sur socle inox diam\u00e8tre 355 mm tr\u00e8s r\u00e9sistant, base lest\u00e9e de 355mm de diam\u00e8tre<br \/>\nTr\u00e8s bonne stabilit\u00e9<\/p>\n<h4><strong>Avantages : <\/strong><\/h4>\n<p>Pratique : vos documents sont toujours propres et lisibles car prot\u00e9g\u00e9s par une feuille de plexiglas<br \/>\nConvient aux documents de format A4 portrait<br \/>\nOn peut afficher en recto-verso<\/p>\n","protected":false},"excerpt":{"rendered":"<p>Un panneau d&rsquo;information design id\u00e9al pour informer, diriger ou orienter dans les lieux ouverts au public.<\/p>\n","protected":false},"featured_media":10570,"comment_status":"open","ping_status":"closed","template":"","meta":[],"product_cat":[2056,553],"product_tag":[862],"class_list":["post-5274","product","type-product","status-publish","has-post-thumbnail","hentry","product_cat-gamme-rolls","product_cat-panneaux-pour-information","product_tag-panneau","pa_domaine-entreprise","pa_domaine-food","pa_domaine-hotel","pa_domaine-industrie","pa_domaine-medical"],"_links":{"self":[{"href":"https:\/\/aquatiss.com.tn\/fr\/wp-json\/wp\/v2\/product\/5274","targetHints":{"allow":["GET"]}}],"collection":[{"href":"https:\/\/aquatiss.com.tn\/fr\/wp-json\/wp\/v2\/product"}],"about":[{"href":"https:\/\/aquatiss.com.tn\/fr\/wp-json\/wp\/v2\/types\/product"}],"replies":[{"embeddable":true,"href":"https:\/\/aquatiss.com.tn\/fr\/wp-json\/wp\/v2\/comments?post=5274"}],"wp:featuredmedia":[{"embeddable":true,"href":"https:\/\/aquatiss.com.tn\/fr\/wp-json\/wp\/v2\/media\/10570"}],"wp:attachment":[{"href":"https:\/\/aquatiss.com.tn\/fr\/wp-json\/wp\/v2\/media?parent=5274"}],"wp:term":[{"taxonomy":"product_cat","embeddable":true,"href":"https:\/\/aquatiss.com.tn\/fr\/wp-json\/wp\/v2\/product_cat?post=5274"},{"taxonomy":"product_tag","embeddable":true,"href":"https:\/\/aquatiss.com.tn\/fr\/wp-json\/wp\/v2\/product_tag?post=5274"}],"curies":[{"name":"wp","href":"https:\/\/api.w.org\/{rel}","templated":true}]}}