{"id":5362,"date":"2017-06-02T12:56:46","date_gmt":"2017-06-02T11:56:46","guid":{"rendered":"http:\/\/gator4082.temp.domains\/~aquatiss\/produit\/oreiller-blanche-arosa\/"},"modified":"2017-06-02T13:23:46","modified_gmt":"2017-06-02T12:23:46","slug":"oreiller-blanche-arosa","status":"publish","type":"product","link":"https:\/\/aquatiss.com.tn\/fr\/produit\/oreiller-blanche-arosa\/","title":{"rendered":"Oreiller blanche Arosa"},"content":{"rendered":"<p>Oreiller moelleux et gonflant de haute couture \u00e0 garnissage naturel trait\u00e9 anti-acariens Proneem\u00ae 100% d&rsquo;actifs naturels*<br \/>\n*Le traitement Proneem \u00e9radique naturellement et efficacement tous les acariens et bact\u00e9ries de votre literie)<\/p>\n<p>Garnissage :<br \/>\n-80% duvet sup\u00e9rieur d&rsquo;oie extra gonflant<br \/>\n-20% plumettes<br \/>\nEnveloppe : 100% percale pur coton satin\u00e9 blanc<br \/>\nConditionnement : sac cristal \u00e0 poign\u00e9e<br \/>\nSoucieux de votre bien-\u00eatre,les plumes, plumettes et duvets sont lav\u00e9s, trait\u00e9s et st\u00e9rilis\u00e9s \u00e0 une temp\u00e9rature de 120\u00b0.<br \/>\nVous pouvez ensuite laver votre oreiller en machine \u00e0 40\u00b0 puis le faire s\u00e9cher en s\u00e8che linge \u00e0 temp\u00e9rature mod\u00e9r\u00e9e.<\/p>\n<p>Conseils d&rsquo;entretien : pour l&rsquo;enveloppe uniquement<br \/>\n<a href=\"http:\/\/gator4082.temp.domains\/~aquatiss\/produit\/oreiller-blanche-isba\/sans-titre\/\" rel=\"attachment wp-att-5355\"><img decoding=\"async\"  src=\"http:\/\/gator4082.temp.domains\/~aquatiss\/wp-content\/uploads\/2017\/06\/Sans-titre.png\" alt=\"sans-titre\" width=\"214\" height=\"40\" srcset=\"https:\/\/aquatiss.com.tn\/wp-content\/uploads\/2017\/06\/Sans-titre.png 214w, https:\/\/aquatiss.com.tn\/wp-content\/uploads\/2017\/06\/Sans-titre-208x40.png 208w\" sizes=\"(max-width: 214px) 100vw, 214px\" class=\"size-full wp-image-5355 alignleft no-lazyload\" \/><\/a><\/p>\n","protected":false},"excerpt":{"rendered":"<p>Oreiller moelleux et gonflant de haute couture \u00e0 garnissage naturel trait\u00e9 anti-acariens Proneem\u00ae 100% d&rsquo;actifs naturels*<\/p>\n","protected":false},"featured_media":5375,"comment_status":"open","ping_status":"closed","template":"","meta":[],"product_cat":[154,548],"product_tag":[943],"class_list":["post-5362","product","type-product","status-publish","has-post-thumbnail","hentry","product_cat-mobilier-textile","product_cat-oreillers","product_tag-oreiller","pa_domaine-hotel","pa_domaine-medical","pa_garnissage-duvet-doie","pa_garnissage-plumette","pa_taille-oreiller-45x70cm","pa_taille-oreiller-50x70cm","pa_taille-oreiller-60x60cm","pa_taille-oreiller-65x65cm"],"_links":{"self":[{"href":"https:\/\/aquatiss.com.tn\/fr\/wp-json\/wp\/v2\/product\/5362","targetHints":{"allow":["GET"]}}],"collection":[{"href":"https:\/\/aquatiss.com.tn\/fr\/wp-json\/wp\/v2\/product"}],"about":[{"href":"https:\/\/aquatiss.com.tn\/fr\/wp-json\/wp\/v2\/types\/product"}],"replies":[{"embeddable":true,"href":"https:\/\/aquatiss.com.tn\/fr\/wp-json\/wp\/v2\/comments?post=5362"}],"wp:featuredmedia":[{"embeddable":true,"href":"https:\/\/aquatiss.com.tn\/fr\/wp-json\/wp\/v2\/media\/5375"}],"wp:attachment":[{"href":"https:\/\/aquatiss.com.tn\/fr\/wp-json\/wp\/v2\/media?parent=5362"}],"wp:term":[{"taxonomy":"product_cat","embeddable":true,"href":"https:\/\/aquatiss.com.tn\/fr\/wp-json\/wp\/v2\/product_cat?post=5362"},{"taxonomy":"product_tag","embeddable":true,"href":"https:\/\/aquatiss.com.tn\/fr\/wp-json\/wp\/v2\/product_tag?post=5362"}],"curies":[{"name":"wp","href":"https:\/\/api.w.org\/{rel}","templated":true}]}}