{"id":5378,"date":"2017-06-02T13:45:46","date_gmt":"2017-06-02T12:45:46","guid":{"rendered":"http:\/\/gator4082.temp.domains\/~aquatiss\/produit\/oreiller-blanche-armor\/"},"modified":"2017-06-02T13:58:46","modified_gmt":"2017-06-02T12:58:46","slug":"oreiller-blanche-armor","status":"publish","type":"product","link":"https:\/\/aquatiss.com.tn\/fr\/produit\/oreiller-blanche-armor\/","title":{"rendered":"Oreiller blanche Armor"},"content":{"rendered":"<p>Oreiller de haute qualit\u00e9 \u00e0 garnissage de plumes de volailles s\u00e9lectionn\u00e9 (st\u00e9rilis\u00e9 \u00e0 120\u00b0 anti-acariens). Une chaleur temp\u00e9r\u00e9e et id\u00e9ale&#8230;<br \/>\nGarnissage\u00a0: plumes de volailles<br \/>\nEnveloppe\u00a0: pur coton ray\u00e9<br \/>\nConditionnement\u00a0: sac cristal \u00e0 poign\u00e9e<br \/>\nConseil d&rsquo;entretien:<br \/>\n<a href=\"http:\/\/gator4082.temp.domains\/~aquatiss\/produit\/oreiller-blanche-isba\/sans-titre\/\" rel=\"attachment wp-att-5355\"><img decoding=\"async\"  src=\"http:\/\/gator4082.temp.domains\/~aquatiss\/wp-content\/uploads\/2017\/06\/Sans-titre.png\" alt=\"sans-titre\" width=\"214\" height=\"40\" srcset=\"https:\/\/aquatiss.com.tn\/wp-content\/uploads\/2017\/06\/Sans-titre.png 214w, https:\/\/aquatiss.com.tn\/wp-content\/uploads\/2017\/06\/Sans-titre-208x40.png 208w\" sizes=\"(max-width: 214px) 100vw, 214px\" class=\"size-full wp-image-5355 alignleft no-lazyload\" \/><\/a><\/p>\n","protected":false},"excerpt":{"rendered":"<p>Oreiller de haute qualit\u00e9 \u00e0 garnissage de plumes de volailles\u00a0(st\u00e9rilis\u00e9 \u00e0 120\u00b0 anti-acariens).<\/p>\n","protected":false},"featured_media":5383,"comment_status":"open","ping_status":"closed","template":"","meta":[],"product_cat":[154,548],"product_tag":[943],"class_list":["post-5378","product","type-product","status-publish","has-post-thumbnail","hentry","product_cat-mobilier-textile","product_cat-oreillers","product_tag-oreiller","pa_domaine-hotel","pa_domaine-medical","pa_garnissage-plume-de-volailles","pa_taille-oreiller-45x70cm","pa_taille-oreiller-50x70cm","pa_taille-oreiller-60x60cm","pa_taille-oreiller-65x65cm"],"_links":{"self":[{"href":"https:\/\/aquatiss.com.tn\/fr\/wp-json\/wp\/v2\/product\/5378","targetHints":{"allow":["GET"]}}],"collection":[{"href":"https:\/\/aquatiss.com.tn\/fr\/wp-json\/wp\/v2\/product"}],"about":[{"href":"https:\/\/aquatiss.com.tn\/fr\/wp-json\/wp\/v2\/types\/product"}],"replies":[{"embeddable":true,"href":"https:\/\/aquatiss.com.tn\/fr\/wp-json\/wp\/v2\/comments?post=5378"}],"wp:featuredmedia":[{"embeddable":true,"href":"https:\/\/aquatiss.com.tn\/fr\/wp-json\/wp\/v2\/media\/5383"}],"wp:attachment":[{"href":"https:\/\/aquatiss.com.tn\/fr\/wp-json\/wp\/v2\/media?parent=5378"}],"wp:term":[{"taxonomy":"product_cat","embeddable":true,"href":"https:\/\/aquatiss.com.tn\/fr\/wp-json\/wp\/v2\/product_cat?post=5378"},{"taxonomy":"product_tag","embeddable":true,"href":"https:\/\/aquatiss.com.tn\/fr\/wp-json\/wp\/v2\/product_tag?post=5378"}],"curies":[{"name":"wp","href":"https:\/\/api.w.org\/{rel}","templated":true}]}}