{"id":5408,"date":"2017-06-02T14:29:57","date_gmt":"2017-06-02T13:29:57","guid":{"rendered":"http:\/\/gator4082.temp.domains\/~aquatiss\/produit\/oreiller-blanche-plumreve\/"},"modified":"2017-06-02T14:35:18","modified_gmt":"2017-06-02T13:35:18","slug":"oreiller-blanche-plumreve","status":"publish","type":"product","link":"https:\/\/aquatiss.com.tn\/fr\/produit\/oreiller-blanche-plumreve\/","title":{"rendered":"Oreiller blanche Plumr\u00eave"},"content":{"rendered":"<p>Oreiller de haute qualit\u00e9 \u00e0 garnissage plume d\u2019oie et de canard (st\u00e9rilis\u00e9 \u00e0 120\u00b0 anti-acariens).<br \/>\n Une chaleur temp\u00e9r\u00e9e et id\u00e9ale&#8230;<br \/>\nGarnissage : plume d\u2019oie et de canard<br \/>\nEnveloppe : pur coton blanc, protection Teflon contre les taches<br \/>\nConditionnement : sac cristal \u00e0 poign\u00e9e<\/p>\n<p>Conseil d&rsquo;entretien:<br \/>\n<a href=\"http:\/\/gator4082.temp.domains\/~aquatiss\/produit\/oreiller-blanche-isba\/sans-titre\/\" rel=\"attachment wp-att-5355\"><img decoding=\"async\"  src=\"http:\/\/gator4082.temp.domains\/~aquatiss\/wp-content\/uploads\/2017\/06\/Sans-titre.png\" alt=\"sans-titre\" width=\"214\" height=\"40\" srcset=\"https:\/\/aquatiss.com.tn\/wp-content\/uploads\/2017\/06\/Sans-titre.png 214w, https:\/\/aquatiss.com.tn\/wp-content\/uploads\/2017\/06\/Sans-titre-208x40.png 208w\" sizes=\"(max-width: 214px) 100vw, 214px\" class=\"size-full wp-image-5355 alignleft no-lazyload\" \/><\/a><\/p>\n","protected":false},"excerpt":{"rendered":"<p>Oreiller de haute qualit\u00e9 \u00e0 garnissage plume d\u2019oie et de canard (st\u00e9rilis\u00e9 \u00e0 120\u00b0 anti-acariens).<\/p>\n","protected":false},"featured_media":5383,"comment_status":"open","ping_status":"closed","template":"","meta":[],"product_cat":[154,548],"product_tag":[943],"class_list":["post-5408","product","type-product","status-publish","has-post-thumbnail","hentry","product_cat-mobilier-textile","product_cat-oreillers","product_tag-oreiller","pa_domaine-hotel","pa_domaine-medical","pa_garnissage-duvet-doie","pa_garnissage-plume-de-canard","pa_taille-oreiller-45x70cm","pa_taille-oreiller-50x70cm","pa_taille-oreiller-60x60cm","pa_taille-oreiller-65x65cm"],"_links":{"self":[{"href":"https:\/\/aquatiss.com.tn\/fr\/wp-json\/wp\/v2\/product\/5408","targetHints":{"allow":["GET"]}}],"collection":[{"href":"https:\/\/aquatiss.com.tn\/fr\/wp-json\/wp\/v2\/product"}],"about":[{"href":"https:\/\/aquatiss.com.tn\/fr\/wp-json\/wp\/v2\/types\/product"}],"replies":[{"embeddable":true,"href":"https:\/\/aquatiss.com.tn\/fr\/wp-json\/wp\/v2\/comments?post=5408"}],"wp:featuredmedia":[{"embeddable":true,"href":"https:\/\/aquatiss.com.tn\/fr\/wp-json\/wp\/v2\/media\/5383"}],"wp:attachment":[{"href":"https:\/\/aquatiss.com.tn\/fr\/wp-json\/wp\/v2\/media?parent=5408"}],"wp:term":[{"taxonomy":"product_cat","embeddable":true,"href":"https:\/\/aquatiss.com.tn\/fr\/wp-json\/wp\/v2\/product_cat?post=5408"},{"taxonomy":"product_tag","embeddable":true,"href":"https:\/\/aquatiss.com.tn\/fr\/wp-json\/wp\/v2\/product_tag?post=5408"}],"curies":[{"name":"wp","href":"https:\/\/api.w.org\/{rel}","templated":true}]}}