{"id":5470,"date":"2017-06-03T09:52:27","date_gmt":"2017-06-03T09:52:27","guid":{"rendered":"http:\/\/gator4082.temp.domains\/~aquatiss\/produit\/parasol-a-un-mat-excentre\/"},"modified":"2018-04-30T13:28:40","modified_gmt":"2018-04-30T13:28:40","slug":"parasol-a-un-mat-excentre","status":"publish","type":"product","link":"https:\/\/aquatiss.com.tn\/fr\/produit\/parasol-a-un-mat-excentre\/","title":{"rendered":"Parasol \u00e0 un m\u00e2t excentr\u00e9"},"content":{"rendered":"<p>Le parasol \u00e0 un m\u00e2t excentr\u00e9 haut de gamme gris anthracite,<br \/>\nParasol excentrique, tr\u00e8s \u00e9l\u00e9gant, pratique et maniable malgr\u00e9 sa grande amplitude et sa robustesse.<br \/>\nStructure en tube carr\u00e9 acier trait\u00e9 galvanis\u00e9 \u00e0 chaud peinture au four gris anthracite<br \/>\n6 coloris anti-UV, Protection 98% UV, d\u00e9parlant (l&rsquo;eau glisse dessus),<br \/>\nToile polyester 350 g\/m\u00b2 avec une chemin\u00e9e de d\u00e9compression pour \u00e9viter au vent de s\u2019engouffrer.<br \/>\n<strong>Couleur garantie 5 ans.<\/strong><br \/>\nIl sera du plus bel effet sur votre terrasse.<br \/>\nL&rsquo;ouverture (et la fermeture) se fait facilement par une manivelle.<br \/>\nUn bras compl\u00e9mentaire permet de maintenir la toile lorsqu&rsquo;il y a un vent important.<br \/>\nLes toiles sont trait\u00e9es au T\u00e9flon pour leur garantir une meilleure imperm\u00e9abilit\u00e9.<br \/>\nParasol livr\u00e9 avec un pied \u00e0 dalles en option (dalles non fournies).<br \/>\nArmature : carr\u00e9, gris anthracite, manivelle et rotation \u00e0 360 degr\u00e9s, 8 baleines,<br \/>\nFixation au sol par vis<br \/>\nDimensions : 3&#215;3 m<\/p>\n","protected":false},"excerpt":{"rendered":"<p>Le parasol \u00e0 un m\u00e2t excentr\u00e9 haut de gamme gris anthracite,<br \/>\nParasol excentrique, tr\u00e8s \u00e9l\u00e9gant, pratique et maniable malgr\u00e9 sa grande amplitude et sa robustesse.<\/p>\n","protected":false},"featured_media":5479,"comment_status":"open","ping_status":"closed","template":"","meta":[],"product_cat":[554],"product_tag":[966],"class_list":["post-5470","product","type-product","status-publish","has-post-thumbnail","hentry","product_cat-parasols","product_tag-parasols","pa_domaine-collectivites","pa_domaine-food","pa_domaine-hotel"],"_links":{"self":[{"href":"https:\/\/aquatiss.com.tn\/fr\/wp-json\/wp\/v2\/product\/5470","targetHints":{"allow":["GET"]}}],"collection":[{"href":"https:\/\/aquatiss.com.tn\/fr\/wp-json\/wp\/v2\/product"}],"about":[{"href":"https:\/\/aquatiss.com.tn\/fr\/wp-json\/wp\/v2\/types\/product"}],"replies":[{"embeddable":true,"href":"https:\/\/aquatiss.com.tn\/fr\/wp-json\/wp\/v2\/comments?post=5470"}],"wp:featuredmedia":[{"embeddable":true,"href":"https:\/\/aquatiss.com.tn\/fr\/wp-json\/wp\/v2\/media\/5479"}],"wp:attachment":[{"href":"https:\/\/aquatiss.com.tn\/fr\/wp-json\/wp\/v2\/media?parent=5470"}],"wp:term":[{"taxonomy":"product_cat","embeddable":true,"href":"https:\/\/aquatiss.com.tn\/fr\/wp-json\/wp\/v2\/product_cat?post=5470"},{"taxonomy":"product_tag","embeddable":true,"href":"https:\/\/aquatiss.com.tn\/fr\/wp-json\/wp\/v2\/product_tag?post=5470"}],"curies":[{"name":"wp","href":"https:\/\/api.w.org\/{rel}","templated":true}]}}