{"id":5524,"date":"2017-06-05T10:40:38","date_gmt":"2017-06-05T10:40:38","guid":{"rendered":"http:\/\/gator4082.temp.domains\/~aquatiss\/produit\/porte-parapluie-design-rolls-2\/"},"modified":"2021-05-31T14:38:42","modified_gmt":"2021-05-31T14:38:42","slug":"porte-parapluie-design-rolls-2","status":"publish","type":"product","link":"https:\/\/aquatiss.com.tn\/fr\/produit\/porte-parapluie-design-rolls-2\/","title":{"rendered":"Porte parapluie design Roll&rsquo;s"},"content":{"rendered":"<p>Porte parapluie design Roll&rsquo;s<br \/>\nFabriqu\u00e9 en acier peint couleur \u00e9poxy aluminium selon le nuancier Ral, il vous offre une garantie de 5ans anticorrosion.<br \/>\nCe meuble d\u2019un style design et moderne vous permettra de d\u00e9poser plusieurs parapluies en toute s\u00e9curit\u00e9.<\/p>\n<h4>5 ANS GARANTIE ANTICORROSION<\/h4>\n","protected":false},"excerpt":{"rendered":"<p>R\u00e9pond \u00e0 toutes les destinations (Chambre, Bureau\u2026)<br \/>\n5 ANS GARANTIE ANTICORROSION<\/p>\n","protected":false},"featured_media":10566,"comment_status":"open","ping_status":"closed","template":"","meta":[],"product_cat":[2056,569],"product_tag":[355],"class_list":["post-5524","product","type-product","status-publish","has-post-thumbnail","hentry","product_cat-gamme-rolls","product_cat-porte-parapluie","product_tag-porte-parapluie","pa_domaine-collectivites","pa_domaine-entreprise","pa_domaine-food","pa_domaine-hotel","pa_domaine-industrie","pa_domaine-medical"],"_links":{"self":[{"href":"https:\/\/aquatiss.com.tn\/fr\/wp-json\/wp\/v2\/product\/5524","targetHints":{"allow":["GET"]}}],"collection":[{"href":"https:\/\/aquatiss.com.tn\/fr\/wp-json\/wp\/v2\/product"}],"about":[{"href":"https:\/\/aquatiss.com.tn\/fr\/wp-json\/wp\/v2\/types\/product"}],"replies":[{"embeddable":true,"href":"https:\/\/aquatiss.com.tn\/fr\/wp-json\/wp\/v2\/comments?post=5524"}],"wp:featuredmedia":[{"embeddable":true,"href":"https:\/\/aquatiss.com.tn\/fr\/wp-json\/wp\/v2\/media\/10566"}],"wp:attachment":[{"href":"https:\/\/aquatiss.com.tn\/fr\/wp-json\/wp\/v2\/media?parent=5524"}],"wp:term":[{"taxonomy":"product_cat","embeddable":true,"href":"https:\/\/aquatiss.com.tn\/fr\/wp-json\/wp\/v2\/product_cat?post=5524"},{"taxonomy":"product_tag","embeddable":true,"href":"https:\/\/aquatiss.com.tn\/fr\/wp-json\/wp\/v2\/product_tag?post=5524"}],"curies":[{"name":"wp","href":"https:\/\/api.w.org\/{rel}","templated":true}]}}