{"id":5582,"date":"2017-06-06T10:33:56","date_gmt":"2017-06-06T10:33:56","guid":{"rendered":"http:\/\/gator4082.temp.domains\/~aquatiss\/produit\/conteneur-a-4-roues-plastique-770l\/"},"modified":"2025-09-09T10:58:27","modified_gmt":"2025-09-09T10:58:27","slug":"conteneur-a-4-roues-polyethylene-770l","status":"publish","type":"product","link":"https:\/\/aquatiss.com.tn\/fr\/produit\/conteneur-a-4-roues-polyethylene-770l\/","title":{"rendered":"Conteneur \u00e0 4 roues poly\u00e9thyl\u00e8ne 770L"},"content":{"rendered":"<p>Conteneur \u00e0 4 roues poly\u00e9thyl\u00e8ne 770L haute densit\u00e9 PEHD<br \/>\nUsage multiple, ext\u00e9rieur et int\u00e9rieur<br \/>\nAbsorbe les chocs, emplacement rapide<br \/>\nCouvercle ergonomique facile \u00e0 ouvrir par prise de main<br \/>\nRoues: 2 roues de 200mm de diam\u00e8tre avec p\u00e9dale de frein, 2 roues de 200 mm de diam\u00e8tre sans p\u00e9dale de frein.<br \/>\nBouchon d&rsquo;\u00e9coulement.<br \/>\nR\u00e9ception puce d&rsquo;identification RFID<br \/>\nCertifi\u00e9 EN 840 1\/5\/6,RA-GZ 951 &amp; ZEK 01.4-08<\/p>\n<h4><strong>Accessoires en option Conteneur \u00e0 4 roues poly\u00e9thyl\u00e8ne 770L:<\/strong><\/h4>\n<p>&#8211; Orifice pour recyclage verre\/plastique d&rsquo;un diam\u00e8tre de 200mm ou 300mm<br \/>\n&#8211; Orifice de recyclage du papier<br \/>\n&#8211; M\u00e9canisme de ralentissement du couvercle<br \/>\n&#8211; P\u00e9dale l\u00e8ve-couvercle<br \/>\n&#8211; Syst\u00e8me de r\u00e9duction du bruit du couvercle<br \/>\n&#8211; Syst\u00e8me de freinage central<br \/>\n&#8211; Poign\u00e9es Ochsner<br \/>\n&#8211; Poign\u00e9es amovibles suppl\u00e9mentaires<br \/>\n&#8211; Puce d&rsquo;identification RDID CHIP<br \/>\n&#8211; Personnalisation par thermo-impression ou IML<br \/>\n&#8211; Serrure triangulaire\/\u00e0 force gravitationnelle<br \/>\n&#8211; Bandes r\u00e9fl\u00e9chissantes<\/p>\n","protected":false},"excerpt":{"rendered":"<p>Domaine application :environnements-industriels<br \/>\nUsage multiple, ext\u00e9rieur et int\u00e9rieur<br \/>\nFabriqu\u00e9s en poly\u00e9thyl\u00e8ne haute densit\u00e9 (P.E.H.D)<br \/>\nPr\u00e9sentant une parfaite r\u00e9sistance aux chocs<br \/>\nParfaite r\u00e9sistance produits chimiques courants<br \/>\nR\u00e9sistance U.V et aux grands \u00e9carts de temp\u00e9ratures<br \/>\nCouvercle avec une pr\u00e9hension frontale<\/p>\n","protected":false},"featured_media":5585,"comment_status":"open","ping_status":"closed","template":"","meta":[],"product_cat":[322,327,323,325,324,108],"product_tag":[346],"class_list":["post-5582","product","type-product","status-publish","has-post-thumbnail","hentry","product_cat-conteneur","product_cat-conteneur-4-roues","product_cat-conteneur-a-pedale","product_cat-conteneur-exterieur","product_cat-conteneur-interieur","product_cat-hygiene","product_tag-conteneur","pa_contenance-770l","pa_domaine-entreprise","pa_domaine-food","pa_domaine-hotel","pa_domaine-medical","pa_domaine-proprete"],"_links":{"self":[{"href":"https:\/\/aquatiss.com.tn\/fr\/wp-json\/wp\/v2\/product\/5582","targetHints":{"allow":["GET"]}}],"collection":[{"href":"https:\/\/aquatiss.com.tn\/fr\/wp-json\/wp\/v2\/product"}],"about":[{"href":"https:\/\/aquatiss.com.tn\/fr\/wp-json\/wp\/v2\/types\/product"}],"replies":[{"embeddable":true,"href":"https:\/\/aquatiss.com.tn\/fr\/wp-json\/wp\/v2\/comments?post=5582"}],"wp:featuredmedia":[{"embeddable":true,"href":"https:\/\/aquatiss.com.tn\/fr\/wp-json\/wp\/v2\/media\/5585"}],"wp:attachment":[{"href":"https:\/\/aquatiss.com.tn\/fr\/wp-json\/wp\/v2\/media?parent=5582"}],"wp:term":[{"taxonomy":"product_cat","embeddable":true,"href":"https:\/\/aquatiss.com.tn\/fr\/wp-json\/wp\/v2\/product_cat?post=5582"},{"taxonomy":"product_tag","embeddable":true,"href":"https:\/\/aquatiss.com.tn\/fr\/wp-json\/wp\/v2\/product_tag?post=5582"}],"curies":[{"name":"wp","href":"https:\/\/api.w.org\/{rel}","templated":true}]}}