{"id":5586,"date":"2017-06-06T11:05:30","date_gmt":"2017-06-06T11:05:30","guid":{"rendered":"http:\/\/gator4082.temp.domains\/~aquatiss\/produit\/conteneur-a-2-roues-plastique-240l\/"},"modified":"2021-04-16T10:44:12","modified_gmt":"2021-04-16T10:44:12","slug":"conteneur-2-roues-polyethylene-240l","status":"publish","type":"product","link":"https:\/\/aquatiss.com.tn\/fr\/produit\/conteneur-2-roues-polyethylene-240l\/","title":{"rendered":"Conteneur 2 roues poly\u00e9thyl\u00e8ne 240L"},"content":{"rendered":"<p>Conteneur 2 roues poly\u00e9thyl\u00e8ne 240L\u00a0 haute densit\u00e9 PEHD<br \/>\n2 roues de \u00d8 200mm<br \/>\nUsage multiple, ext\u00e9rieur et int\u00e9rieur<br \/>\nAbsorbe les chocs, emplacement rapide et facile des roues<br \/>\nCouvercle ergonomique facile \u00e0 ouvrir par prise de main<br \/>\nExcellente tenue aux agents atmosph\u00e9rique et chimiques<br \/>\nAxes en acier galvanis\u00e9<br \/>\nR\u00e9ception puce d&rsquo;identification RFID<br \/>\nCertifi\u00e9 EN 840 1\/5\/6,RA-GZ 951 &amp; ZEK 01.4-08<\/p>\n<h4><strong>Accessoires en option Conteneur 2 roues poly\u00e9thyl\u00e8ne 240L:<\/strong><\/h4>\n<p>&#8211; Orifice pour recyclage verre\/plastique<br \/>\n&#8211; Orifice de recyclage du papier<br \/>\n&#8211; Couvercle \u00e0 volet<br \/>\n&#8211; Couvercle ventil\u00e9 et fentes lat\u00e9rales d&rsquo;a\u00e9ration pour le compostage<br \/>\n&#8211; Roues de 250mm<br \/>\n&#8211; Puce d&rsquo;identification RDID CHIP<br \/>\n&#8211; P\u00e9dale l\u00e8ve-couvercle<br \/>\n&#8211; Personnalisation par thermo-impression ou IML<br \/>\n&#8211; Serrure triangulaire\/\u00e0 force gravitationnelle<br \/>\n&#8211; Bandes r\u00e9fl\u00e9chissantes<br \/>\n&#8211; Bouchon d&rsquo;\u00e9coulement<\/p>\n","protected":false},"excerpt":{"rendered":"<p>Usage multiple, ext\u00e9rieur et int\u00e9rieur<br \/>\nDomaine application :environnements-industriels<br \/>\nFabriqu\u00e9s en poly\u00e9thyl\u00e8ne haute densit\u00e9 (P.E.H.D)<br \/>\nPr\u00e9sentant une parfaite r\u00e9sistance aux chocs<br \/>\nParfaite r\u00e9sistance produits chimiques courants<br \/>\nR\u00e9sistance U.V et aux grands \u00e9carts de temp\u00e9ratures<br \/>\nCouvercle avec une pr\u00e9hension frontale<\/p>\n","protected":false},"featured_media":15705,"comment_status":"open","ping_status":"closed","template":"","meta":[],"product_cat":[322,326,325,324,108],"product_tag":[346],"class_list":["post-5586","product","type-product","status-publish","has-post-thumbnail","hentry","product_cat-conteneur","product_cat-conteneur-2-roues","product_cat-conteneur-exterieur","product_cat-conteneur-interieur","product_cat-hygiene","product_tag-conteneur","pa_contenance-240l","pa_domaine-entreprise","pa_domaine-food","pa_domaine-hotel","pa_domaine-medical","pa_domaine-proprete"],"_links":{"self":[{"href":"https:\/\/aquatiss.com.tn\/fr\/wp-json\/wp\/v2\/product\/5586","targetHints":{"allow":["GET"]}}],"collection":[{"href":"https:\/\/aquatiss.com.tn\/fr\/wp-json\/wp\/v2\/product"}],"about":[{"href":"https:\/\/aquatiss.com.tn\/fr\/wp-json\/wp\/v2\/types\/product"}],"replies":[{"embeddable":true,"href":"https:\/\/aquatiss.com.tn\/fr\/wp-json\/wp\/v2\/comments?post=5586"}],"wp:featuredmedia":[{"embeddable":true,"href":"https:\/\/aquatiss.com.tn\/fr\/wp-json\/wp\/v2\/media\/15705"}],"wp:attachment":[{"href":"https:\/\/aquatiss.com.tn\/fr\/wp-json\/wp\/v2\/media?parent=5586"}],"wp:term":[{"taxonomy":"product_cat","embeddable":true,"href":"https:\/\/aquatiss.com.tn\/fr\/wp-json\/wp\/v2\/product_cat?post=5586"},{"taxonomy":"product_tag","embeddable":true,"href":"https:\/\/aquatiss.com.tn\/fr\/wp-json\/wp\/v2\/product_tag?post=5586"}],"curies":[{"name":"wp","href":"https:\/\/api.w.org\/{rel}","templated":true}]}}