{"id":5590,"date":"2017-06-06T11:09:01","date_gmt":"2017-06-06T11:09:01","guid":{"rendered":"http:\/\/gator4082.temp.domains\/~aquatiss\/produit\/conteneur-a-2-roues-plastique-360l-2\/"},"modified":"2023-03-14T11:42:17","modified_gmt":"2023-03-14T11:42:17","slug":"conteneur-a-2-roues-plastique-360l-2","status":"publish","type":"product","link":"https:\/\/aquatiss.com.tn\/fr\/produit\/conteneur-a-2-roues-plastique-360l-2\/","title":{"rendered":"Conteneur \u00e0 2 roues plastique 360L"},"content":{"rendered":"<p>Conteneur \u00e0 deux roues en poly\u00e9thyl\u00e8ne haute densit\u00e9 PEHD<br \/>\n2 roues de \u00d8 200mm<br \/>\nUsage multiple, ext\u00e9rieur et int\u00e9rieur<br \/>\nAbsorbe les chocs, emplacement rapide et facile des roues<br \/>\nCouvercle ergonomique facile \u00e0 ouvrir par prise de main<br \/>\nAxes en acier galvanis\u00e9<br \/>\nR\u00e9ception puce d&rsquo;identification RFID<br \/>\nCertifi\u00e9 EN 840 1\/5\/6,RA-GZ 951 &amp; ZEK 01.4-08<\/p>\n<p><strong>Accessoires en option:<\/strong><br \/>\n&#8211; Orifice pour recyclage verre\/plastique<br \/>\n&#8211; Orifice de recyclage du papier<br \/>\n&#8211; Couvercle \u00e0 volet<br \/>\n&#8211; Couvercle ventil\u00e9 et fentes lat\u00e9rales d&rsquo;a\u00e9ration pour le compostage<br \/>\n&#8211; Roues de 300mm<br \/>\n&#8211; Puce d&rsquo;identification RDID CHIP<br \/>\n&#8211; P\u00e9dale l\u00e8ve-couvercle<br \/>\n&#8211; Personnalisation par thermo-impression<br \/>\n&#8211; Serrure triangulaire\/\u00e0 force gravitationnelle<br \/>\n&#8211; Bandes r\u00e9fl\u00e9chissantes<br \/>\n&#8211; Bouchon d&rsquo;\u00e9coulement<\/p>\n","protected":false},"excerpt":{"rendered":"<p>Conteneur \u00e0 deux roues en poly\u00e9thyl\u00e8ne haute densit\u00e9 PEHD<br \/>\nUsage multiple, ext\u00e9rieur et int\u00e9rieur<\/p>\n","protected":false},"featured_media":5593,"comment_status":"open","ping_status":"closed","template":"","meta":[],"product_cat":[322,326,323,325,324,108],"product_tag":[346],"class_list":["post-5590","product","type-product","status-publish","has-post-thumbnail","hentry","product_cat-conteneur","product_cat-conteneur-2-roues","product_cat-conteneur-a-pedale","product_cat-conteneur-exterieur","product_cat-conteneur-interieur","product_cat-hygiene","product_tag-conteneur","pa_contenance-360l","pa_domaine-entreprise","pa_domaine-food","pa_domaine-hotel","pa_domaine-medical","pa_domaine-proprete"],"_links":{"self":[{"href":"https:\/\/aquatiss.com.tn\/fr\/wp-json\/wp\/v2\/product\/5590","targetHints":{"allow":["GET"]}}],"collection":[{"href":"https:\/\/aquatiss.com.tn\/fr\/wp-json\/wp\/v2\/product"}],"about":[{"href":"https:\/\/aquatiss.com.tn\/fr\/wp-json\/wp\/v2\/types\/product"}],"replies":[{"embeddable":true,"href":"https:\/\/aquatiss.com.tn\/fr\/wp-json\/wp\/v2\/comments?post=5590"}],"wp:featuredmedia":[{"embeddable":true,"href":"https:\/\/aquatiss.com.tn\/fr\/wp-json\/wp\/v2\/media\/5593"}],"wp:attachment":[{"href":"https:\/\/aquatiss.com.tn\/fr\/wp-json\/wp\/v2\/media?parent=5590"}],"wp:term":[{"taxonomy":"product_cat","embeddable":true,"href":"https:\/\/aquatiss.com.tn\/fr\/wp-json\/wp\/v2\/product_cat?post=5590"},{"taxonomy":"product_tag","embeddable":true,"href":"https:\/\/aquatiss.com.tn\/fr\/wp-json\/wp\/v2\/product_tag?post=5590"}],"curies":[{"name":"wp","href":"https:\/\/api.w.org\/{rel}","templated":true}]}}