{"id":5603,"date":"2017-06-06T12:46:53","date_gmt":"2017-06-06T11:46:53","guid":{"rendered":"http:\/\/gator4082.temp.domains\/~aquatiss\/produit\/pupitre-de-conference-en-bois\/"},"modified":"2023-11-20T14:30:27","modified_gmt":"2023-11-20T14:30:27","slug":"pupitre-de-conference-en-bois","status":"publish","type":"product","link":"https:\/\/aquatiss.com.tn\/fr\/produit\/pupitre-de-conference-en-bois\/","title":{"rendered":"Pupitre de conf\u00e9rence en bois avec fa\u00e7ade Laiton"},"content":{"rendered":"<p>Pupitre avec fa\u00e7ade en bronze personnalisable.<br \/>\nPupitres de conf\u00e9rence en bois h\u00eatre \u00e9l\u00e9gant podium d&rsquo;oratoire, id\u00e9al pour salle de conf\u00e9rence<br \/>\nPossibilit\u00e9 de personnalisation avec logo (imprim\u00e9 ou gravure) sur le panneau de fa\u00e7ade.<\/p>\n","protected":false},"excerpt":{"rendered":"<p>Pupitre avec fa\u00e7ade en bronze personnalisable.<\/p>\n","protected":false},"featured_media":10555,"comment_status":"open","ping_status":"closed","template":"","meta":[],"product_cat":[576],"product_tag":[973],"class_list":["post-5603","product","type-product","status-publish","has-post-thumbnail","hentry","product_cat-pupitre-de-conference","product_tag-pupitre","pa_domaine-entreprise","pa_domaine-hotel","pa_domaine-industrie","pa_domaine-medical","pa_material-bois"],"_links":{"self":[{"href":"https:\/\/aquatiss.com.tn\/fr\/wp-json\/wp\/v2\/product\/5603","targetHints":{"allow":["GET"]}}],"collection":[{"href":"https:\/\/aquatiss.com.tn\/fr\/wp-json\/wp\/v2\/product"}],"about":[{"href":"https:\/\/aquatiss.com.tn\/fr\/wp-json\/wp\/v2\/types\/product"}],"replies":[{"embeddable":true,"href":"https:\/\/aquatiss.com.tn\/fr\/wp-json\/wp\/v2\/comments?post=5603"}],"wp:featuredmedia":[{"embeddable":true,"href":"https:\/\/aquatiss.com.tn\/fr\/wp-json\/wp\/v2\/media\/10555"}],"wp:attachment":[{"href":"https:\/\/aquatiss.com.tn\/fr\/wp-json\/wp\/v2\/media?parent=5603"}],"wp:term":[{"taxonomy":"product_cat","embeddable":true,"href":"https:\/\/aquatiss.com.tn\/fr\/wp-json\/wp\/v2\/product_cat?post=5603"},{"taxonomy":"product_tag","embeddable":true,"href":"https:\/\/aquatiss.com.tn\/fr\/wp-json\/wp\/v2\/product_tag?post=5603"}],"curies":[{"name":"wp","href":"https:\/\/api.w.org\/{rel}","templated":true}]}}