{"id":5606,"date":"2017-06-07T07:52:56","date_gmt":"2017-06-07T06:52:56","guid":{"rendered":"http:\/\/gator4082.temp.domains\/~aquatiss\/produit\/pupitre-de-conference-bois\/"},"modified":"2022-11-21T15:49:12","modified_gmt":"2022-11-21T15:49:12","slug":"pupitre-de-conference-bois","status":"publish","type":"product","link":"https:\/\/aquatiss.com.tn\/fr\/produit\/pupitre-de-conference-bois\/","title":{"rendered":"Pupitre de conf\u00e9rence en bois"},"content":{"rendered":"<p>Pupitre de conf\u00e9rence en bois H\u00eatre podium d&rsquo;oratoire, pupitres id\u00e9al pour salle de conf\u00e9rence.<br \/>\nDisponible en bois h\u00eatre en option.<br \/>\nPossibilit\u00e9 de personnalisation avec logo imprim\u00e9 ou gravure sur le panneau de fa\u00e7ade.<\/p>\n","protected":false},"excerpt":{"rendered":"<p>Pupitre de conf\u00e9rence en bois H\u00eatre podium d&rsquo;oratoire, id\u00e9al pour salle de conf\u00e9rence.<\/p>\n","protected":false},"featured_media":10554,"comment_status":"open","ping_status":"closed","template":"","meta":[],"product_cat":[576],"product_tag":[973],"class_list":["post-5606","product","type-product","status-publish","has-post-thumbnail","hentry","product_cat-pupitre-de-conference","product_tag-pupitre","pa_domaine-entreprise","pa_domaine-hotel","pa_domaine-industrie","pa_domaine-medical","pa_material-bois"],"_links":{"self":[{"href":"https:\/\/aquatiss.com.tn\/fr\/wp-json\/wp\/v2\/product\/5606","targetHints":{"allow":["GET"]}}],"collection":[{"href":"https:\/\/aquatiss.com.tn\/fr\/wp-json\/wp\/v2\/product"}],"about":[{"href":"https:\/\/aquatiss.com.tn\/fr\/wp-json\/wp\/v2\/types\/product"}],"replies":[{"embeddable":true,"href":"https:\/\/aquatiss.com.tn\/fr\/wp-json\/wp\/v2\/comments?post=5606"}],"wp:featuredmedia":[{"embeddable":true,"href":"https:\/\/aquatiss.com.tn\/fr\/wp-json\/wp\/v2\/media\/10554"}],"wp:attachment":[{"href":"https:\/\/aquatiss.com.tn\/fr\/wp-json\/wp\/v2\/media?parent=5606"}],"wp:term":[{"taxonomy":"product_cat","embeddable":true,"href":"https:\/\/aquatiss.com.tn\/fr\/wp-json\/wp\/v2\/product_cat?post=5606"},{"taxonomy":"product_tag","embeddable":true,"href":"https:\/\/aquatiss.com.tn\/fr\/wp-json\/wp\/v2\/product_tag?post=5606"}],"curies":[{"name":"wp","href":"https:\/\/api.w.org\/{rel}","templated":true}]}}