{"id":5613,"date":"2017-06-07T10:44:16","date_gmt":"2017-06-07T09:44:16","guid":{"rendered":"http:\/\/gator4082.temp.domains\/~aquatiss\/produit\/pupitre-de-conference-cristal-copie\/"},"modified":"2024-06-03T11:08:38","modified_gmt":"2024-06-03T11:08:38","slug":"pupitre-de-conference-cristal-5","status":"publish","type":"product","link":"https:\/\/aquatiss.com.tn\/fr\/produit\/pupitre-de-conference-cristal-5\/","title":{"rendered":"Pupitre de conf\u00e9rence cristal"},"content":{"rendered":"<p>Pupitre de conf\u00e9rence cristal<br \/>\nDESIGN en plexiglas offre un design novateur et une incontournable transparence.<br \/>\nDe part ses lignes \u00e9pur\u00e9es, ce pupitres en Plexiglas s\u00e9duira pleinement les Conf\u00e9renciers.<br \/>\nTablette pour utilisation d&rsquo;ordinateur portable.<\/p>\n<h3><strong>En option:<\/strong><\/h3>\n<p>La personnalisation du panneau de fa\u00e7ade 47\/55<br \/>\n2 poign\u00e9es de transport<br \/>\nLivr\u00e9 mont\u00e9.<br \/>\nPlateau arrondi : 72x48cm<br \/>\nHauteur mini : 1,10m<br \/>\nHauteur maxi : 1,23 m<\/p>\n","protected":false},"excerpt":{"rendered":"<p>Ce pupitre en Plexiglas s\u00e9duira pleinement les Conf\u00e9renciers.<br \/>\nTablette pour utilisation d&rsquo;ordinateur portable.<\/p>\n","protected":false},"featured_media":10551,"comment_status":"open","ping_status":"closed","template":"","meta":[],"product_cat":[576],"product_tag":[973],"class_list":["post-5613","product","type-product","status-publish","has-post-thumbnail","hentry","product_cat-pupitre-de-conference","product_tag-pupitre","pa_domaine-entreprise","pa_domaine-hotel","pa_domaine-industrie","pa_domaine-medical","pa_material-plexiglass","pa_promos-les-exclusivites-internet"],"_links":{"self":[{"href":"https:\/\/aquatiss.com.tn\/fr\/wp-json\/wp\/v2\/product\/5613","targetHints":{"allow":["GET"]}}],"collection":[{"href":"https:\/\/aquatiss.com.tn\/fr\/wp-json\/wp\/v2\/product"}],"about":[{"href":"https:\/\/aquatiss.com.tn\/fr\/wp-json\/wp\/v2\/types\/product"}],"replies":[{"embeddable":true,"href":"https:\/\/aquatiss.com.tn\/fr\/wp-json\/wp\/v2\/comments?post=5613"}],"wp:featuredmedia":[{"embeddable":true,"href":"https:\/\/aquatiss.com.tn\/fr\/wp-json\/wp\/v2\/media\/10551"}],"wp:attachment":[{"href":"https:\/\/aquatiss.com.tn\/fr\/wp-json\/wp\/v2\/media?parent=5613"}],"wp:term":[{"taxonomy":"product_cat","embeddable":true,"href":"https:\/\/aquatiss.com.tn\/fr\/wp-json\/wp\/v2\/product_cat?post=5613"},{"taxonomy":"product_tag","embeddable":true,"href":"https:\/\/aquatiss.com.tn\/fr\/wp-json\/wp\/v2\/product_tag?post=5613"}],"curies":[{"name":"wp","href":"https:\/\/api.w.org\/{rel}","templated":true}]}}