{"id":5758,"date":"2017-06-12T11:18:06","date_gmt":"2017-06-12T11:18:06","guid":{"rendered":"http:\/\/gator4082.temp.domains\/~aquatiss\/?post_type=product&#038;p=5758"},"modified":"2021-05-31T15:10:24","modified_gmt":"2021-05-31T15:10:24","slug":"table-a-repasser-sur-pied","status":"publish","type":"product","link":"https:\/\/aquatiss.com.tn\/fr\/produit\/table-a-repasser-sur-pied\/","title":{"rendered":"Table \u00e0 repasser sur pied"},"content":{"rendered":"<p>Fonctionnelles et intelligentes, elles font tout pour vous simplifier le repassage.<br \/>\nLes tables \u00e0 repasser Roll&rsquo;s concilie efficacit\u00e9, confort, s\u00e9curit\u00e9 et un repassage tout en d\u00e9licatesse.<br \/>\nTable \u00e0 repasser robuste pour usage intense.<br \/>\nS&rsquo;adapte aux h\u00f4teliers et aux professionnelles de repassage.<br \/>\nPlateau ovale en bois dimension 112.5&#215;35 cm.<br \/>\nPieds en tube \u00e9poxy blanc \u00f8 25cm.<br \/>\nDouble pi\u00e9tement \u00e0 l&rsquo;arri\u00e8re.<br \/>\nHousse compacte.<br \/>\nPorte fer \u00e0 repasser mural.<br \/>\nTissu imprim\u00e9 de qualit\u00e9 en coton \/polyester.<br \/>\nMousse alv\u00e9olaire de 10 mm d\u2019\u00e9paisseur.<br \/>\nHauteur r\u00e9glables : 02 positions.<br \/>\nHauteur maximum : 85.5 cm<br \/>\nDimension ferm\u00e9 : H 124cm<\/p>\n","protected":false},"excerpt":{"rendered":"<p>Fonctionnelles et intelligentes, elles font tout pour vous simplifier le repassage.<\/p>\n","protected":false},"featured_media":5760,"comment_status":"open","ping_status":"closed","template":"","meta":[],"product_cat":[2056,586,613],"product_tag":[],"class_list":["post-5758","product","type-product","status-publish","has-post-thumbnail","hentry","product_cat-gamme-rolls","product_cat-table-a-repasser","product_cat-tables","pa_domaine-hotel"],"_links":{"self":[{"href":"https:\/\/aquatiss.com.tn\/fr\/wp-json\/wp\/v2\/product\/5758","targetHints":{"allow":["GET"]}}],"collection":[{"href":"https:\/\/aquatiss.com.tn\/fr\/wp-json\/wp\/v2\/product"}],"about":[{"href":"https:\/\/aquatiss.com.tn\/fr\/wp-json\/wp\/v2\/types\/product"}],"replies":[{"embeddable":true,"href":"https:\/\/aquatiss.com.tn\/fr\/wp-json\/wp\/v2\/comments?post=5758"}],"wp:featuredmedia":[{"embeddable":true,"href":"https:\/\/aquatiss.com.tn\/fr\/wp-json\/wp\/v2\/media\/5760"}],"wp:attachment":[{"href":"https:\/\/aquatiss.com.tn\/fr\/wp-json\/wp\/v2\/media?parent=5758"}],"wp:term":[{"taxonomy":"product_cat","embeddable":true,"href":"https:\/\/aquatiss.com.tn\/fr\/wp-json\/wp\/v2\/product_cat?post=5758"},{"taxonomy":"product_tag","embeddable":true,"href":"https:\/\/aquatiss.com.tn\/fr\/wp-json\/wp\/v2\/product_tag?post=5758"}],"curies":[{"name":"wp","href":"https:\/\/api.w.org\/{rel}","templated":true}]}}