{"id":5776,"date":"2017-06-12T12:11:59","date_gmt":"2017-06-12T12:11:59","guid":{"rendered":"http:\/\/gator4082.temp.domains\/~aquatiss\/?post_type=product&#038;p=5776"},"modified":"2018-03-01T11:47:22","modified_gmt":"2018-03-01T11:47:22","slug":"presse-pantalons-mural-3300-corby","status":"publish","type":"product","link":"https:\/\/aquatiss.com.tn\/fr\/produit\/presse-pantalons-mural-3300-corby\/","title":{"rendered":"Presse pantalons mural 3300 Corby"},"content":{"rendered":"<p>Presse pantalons mural 3300 Corby<br \/>\nCes presses pantalons r\u00e9pondent aux normes les plus exigeantes de fabrication, simple \u00e0 installer, ils consomment tr\u00e8s peu d\u2019\u00e9lectricit\u00e9.<br \/>\nPresse-pantalon id\u00e9al pour d\u00e9froisser vos pantalons et obtenir un pli parfait.<br \/>\nSa facture de qualit\u00e9 permettra de compl\u00e9ter avec luxe et raffinement votre int\u00e9rieur.<br \/>\nDisposition sur pied ou mural<br \/>\nCycle de repassage 30 minutes<br \/>\nArr\u00eat : manuel \/automatique<br \/>\nVide poche et cintre<\/p>\n<h3><strong>Dimensions (mm):<\/strong><\/h3>\n<p><span style=\"color: #000080;\"><em>Ferm\u00e9<\/em><\/span><br \/>\nA poser avec cintre : H1095 l465 P355<br \/>\nA poser sans cintre ; H980 l415 P330<br \/>\nMural : L940 l415 P115<br \/>\n<span style=\"color: #000080;\"><em>Ouvert<\/em><\/span><br \/>\nA poser avec cintre : H1095 l465 P480<br \/>\nA poser sans cintre ; H980 l415 P455<br \/>\nMural : L940 l415 P345<\/p>\n","protected":false},"excerpt":{"rendered":"<p>Presse pantalons mural 3300 Corby<br \/>\nPresse-pantalon id\u00e9al pour d\u00e9froisser vos pantalons et obtenir un pli parfait<\/p>\n","protected":false},"featured_media":5777,"comment_status":"open","ping_status":"closed","template":"","meta":[],"product_cat":[573],"product_tag":[988],"class_list":["post-5776","product","type-product","status-publish","has-post-thumbnail","hentry","product_cat-presse-pantalons","product_tag-presse-pantalon","pa_color-noir","pa_color-acajou","pa_color-chene","pa_color-chrome","pa_color-erable","pa_color-hetre","pa_color-noyer","pa_domaine-collectivites","pa_domaine-hotel","pa_domaine-medical"],"_links":{"self":[{"href":"https:\/\/aquatiss.com.tn\/fr\/wp-json\/wp\/v2\/product\/5776","targetHints":{"allow":["GET"]}}],"collection":[{"href":"https:\/\/aquatiss.com.tn\/fr\/wp-json\/wp\/v2\/product"}],"about":[{"href":"https:\/\/aquatiss.com.tn\/fr\/wp-json\/wp\/v2\/types\/product"}],"replies":[{"embeddable":true,"href":"https:\/\/aquatiss.com.tn\/fr\/wp-json\/wp\/v2\/comments?post=5776"}],"wp:featuredmedia":[{"embeddable":true,"href":"https:\/\/aquatiss.com.tn\/fr\/wp-json\/wp\/v2\/media\/5777"}],"wp:attachment":[{"href":"https:\/\/aquatiss.com.tn\/fr\/wp-json\/wp\/v2\/media?parent=5776"}],"wp:term":[{"taxonomy":"product_cat","embeddable":true,"href":"https:\/\/aquatiss.com.tn\/fr\/wp-json\/wp\/v2\/product_cat?post=5776"},{"taxonomy":"product_tag","embeddable":true,"href":"https:\/\/aquatiss.com.tn\/fr\/wp-json\/wp\/v2\/product_tag?post=5776"}],"curies":[{"name":"wp","href":"https:\/\/api.w.org\/{rel}","templated":true}]}}