{"id":5792,"date":"2017-06-12T12:46:34","date_gmt":"2017-06-12T11:46:34","guid":{"rendered":"http:\/\/gator4082.temp.domains\/~aquatiss\/produit\/presse-pantalons-mural-4400\/"},"modified":"2018-03-01T11:53:37","modified_gmt":"2018-03-01T11:53:37","slug":"presse-pantalons-mural-4400-corby","status":"publish","type":"product","link":"https:\/\/aquatiss.com.tn\/fr\/produit\/presse-pantalons-mural-4400-corby\/","title":{"rendered":"Presse pantalons mural 4400 Corby"},"content":{"rendered":"<p>Presse pantalons mural 4400 Corby<br \/>\nPresse-pantalon id\u00e9al pour rafra\u00eechir vos pantalons.<br \/>\nIl int\u00e8gre 2 cycles diff\u00e9rents, un cintre pour votre veste et votre chemise ainsi qu&rsquo;un vide poche.<br \/>\nSa facture de qualit\u00e9 permettra de compl\u00e9ter avec luxe et raffinement votre int\u00e9rieur.<br \/>\nCes presses pantalons r\u00e9pondent aux normes les plus exigeantes de fabrication, simple \u00e0 installer, ils consomment tr\u00e8s peu d\u2019\u00e9lectricit\u00e9.<br \/>\nDisposition sur pied ou mural<br \/>\nIl dispose d&rsquo;un minuterie: 15 &amp; 30 minutes, un thermostat<br \/>\nArr\u00eat : manuel \/automatique<br \/>\nVide poche et cintre<br \/>\nFixation incluse.<\/p>\n<h4>\nDimensions (mm):<\/h4>\n<p>Ferm\u00e9<br \/>\nA poser avec cintre : H1095 l465 P355<br \/>\nA poser sans cintre ; H980 l415 P455<br \/>\nMural : L940 l415 P115<br \/>\nOuvert<br \/>\nA poser avec cintre : H1095 l465 P480<br \/>\nA poser sans cintre ; H980 l415 P455<br \/>\nMural : L940 l415 P345<\/p>\n","protected":false},"excerpt":{"rendered":"<p>Presse pantalons mural 4400 Corby<\/p>\n<p>Presse-pantalon id\u00e9al pour d\u00e9froisser vos pantalons et obtenir un pli parfait<\/p>\n","protected":false},"featured_media":5791,"comment_status":"open","ping_status":"closed","template":"","meta":[],"product_cat":[573],"product_tag":[988],"class_list":["post-5792","product","type-product","status-publish","has-post-thumbnail","hentry","product_cat-presse-pantalons","product_tag-presse-pantalon","pa_color-noir","pa_color-acajou","pa_color-blanc","pa_color-chene","pa_color-chrome","pa_color-erable","pa_color-hetre","pa_color-noyer","pa_domaine-collectivites","pa_domaine-hotel","pa_domaine-medical"],"_links":{"self":[{"href":"https:\/\/aquatiss.com.tn\/fr\/wp-json\/wp\/v2\/product\/5792","targetHints":{"allow":["GET"]}}],"collection":[{"href":"https:\/\/aquatiss.com.tn\/fr\/wp-json\/wp\/v2\/product"}],"about":[{"href":"https:\/\/aquatiss.com.tn\/fr\/wp-json\/wp\/v2\/types\/product"}],"replies":[{"embeddable":true,"href":"https:\/\/aquatiss.com.tn\/fr\/wp-json\/wp\/v2\/comments?post=5792"}],"wp:featuredmedia":[{"embeddable":true,"href":"https:\/\/aquatiss.com.tn\/fr\/wp-json\/wp\/v2\/media\/5791"}],"wp:attachment":[{"href":"https:\/\/aquatiss.com.tn\/fr\/wp-json\/wp\/v2\/media?parent=5792"}],"wp:term":[{"taxonomy":"product_cat","embeddable":true,"href":"https:\/\/aquatiss.com.tn\/fr\/wp-json\/wp\/v2\/product_cat?post=5792"},{"taxonomy":"product_tag","embeddable":true,"href":"https:\/\/aquatiss.com.tn\/fr\/wp-json\/wp\/v2\/product_tag?post=5792"}],"curies":[{"name":"wp","href":"https:\/\/api.w.org\/{rel}","templated":true}]}}