{"id":5808,"date":"2017-06-12T13:07:36","date_gmt":"2017-06-12T12:07:36","guid":{"rendered":"http:\/\/gator4082.temp.domains\/~aquatiss\/produit\/presse-pantalons-mural-7700\/"},"modified":"2018-03-01T11:55:33","modified_gmt":"2018-03-01T11:55:33","slug":"presse-pantalons-mural-7700-corby","status":"publish","type":"product","link":"https:\/\/aquatiss.com.tn\/fr\/produit\/presse-pantalons-mural-7700-corby\/","title":{"rendered":"Presse pantalons mural 7700  Corby"},"content":{"rendered":"<p>Presse pantalons mural 7700 Corby<br \/>\nPresse-pantalon id\u00e9al pour d\u00e9froisser vos pantalons. Il int\u00e8gre un traitement sp\u00e9cifique pour les plis du genou.<br \/>\nSa facture de qualit\u00e9 permettra de compl\u00e9ter avec luxe et raffinement votre int\u00e9rieur.<br \/>\nCes presses pantalons r\u00e9pondent aux normes les plus exigeantes de fabrication, simple \u00e0 installer, ils consomment tr\u00e8s peu d\u2019\u00e9lectricit\u00e9.<br \/>\nDisposition sur pied ou mural<br \/>\nIl dispose d&rsquo;un minuterie: 15 &amp; 30 minutes, un thermostat<br \/>\nArr\u00eat : manuel \/automatique<br \/>\nVide poche et cintre<br \/>\nFixation incluse.<\/p>\n<h4>\nDimensions (mm):<\/h4>\n<p>Ferm\u00e9<br \/>\nA poser avec cintre : H1095 l465 P355<br \/>\nA poser sans cintre ; H980 l415 P455<br \/>\nMural : L940 l415 P115<br \/>\nOuvert<br \/>\nA poser avec cintre : H1095 l465 P480<br \/>\nA poser sans cintre ; H980 l415 P455<br \/>\nMural : L940 l415 P345<\/p>\n","protected":false},"excerpt":{"rendered":"<p>Presse-pantalon id\u00e9al pour d\u00e9froisser vos pantalons. Il int\u00e8gre un traitement sp\u00e9cifique pour les plis du genou.<\/p>\n","protected":false},"featured_media":5820,"comment_status":"open","ping_status":"closed","template":"","meta":[],"product_cat":[573],"product_tag":[988],"class_list":["post-5808","product","type-product","status-publish","has-post-thumbnail","hentry","product_cat-presse-pantalons","product_tag-presse-pantalon","pa_color-noir","pa_color-acajou","pa_color-blanc","pa_color-chene","pa_color-chrome","pa_color-erable","pa_color-hetre","pa_color-noyer","pa_domaine-collectivites","pa_domaine-hotel","pa_domaine-medical"],"_links":{"self":[{"href":"https:\/\/aquatiss.com.tn\/fr\/wp-json\/wp\/v2\/product\/5808","targetHints":{"allow":["GET"]}}],"collection":[{"href":"https:\/\/aquatiss.com.tn\/fr\/wp-json\/wp\/v2\/product"}],"about":[{"href":"https:\/\/aquatiss.com.tn\/fr\/wp-json\/wp\/v2\/types\/product"}],"replies":[{"embeddable":true,"href":"https:\/\/aquatiss.com.tn\/fr\/wp-json\/wp\/v2\/comments?post=5808"}],"wp:featuredmedia":[{"embeddable":true,"href":"https:\/\/aquatiss.com.tn\/fr\/wp-json\/wp\/v2\/media\/5820"}],"wp:attachment":[{"href":"https:\/\/aquatiss.com.tn\/fr\/wp-json\/wp\/v2\/media?parent=5808"}],"wp:term":[{"taxonomy":"product_cat","embeddable":true,"href":"https:\/\/aquatiss.com.tn\/fr\/wp-json\/wp\/v2\/product_cat?post=5808"},{"taxonomy":"product_tag","embeddable":true,"href":"https:\/\/aquatiss.com.tn\/fr\/wp-json\/wp\/v2\/product_tag?post=5808"}],"curies":[{"name":"wp","href":"https:\/\/api.w.org\/{rel}","templated":true}]}}