{"id":5825,"date":"2017-06-12T13:21:45","date_gmt":"2017-06-12T12:21:45","guid":{"rendered":"http:\/\/gator4082.temp.domains\/~aquatiss\/produit\/presse-pantalons-noir\/"},"modified":"2018-03-01T13:02:25","modified_gmt":"2018-03-01T13:02:25","slug":"presse-pantalons-noir-corby","status":"publish","type":"product","link":"https:\/\/aquatiss.com.tn\/fr\/produit\/presse-pantalons-noir-corby\/","title":{"rendered":"Presse pantalons Noir Corby"},"content":{"rendered":"<p>Presse pantalons Noir Corby<br \/>\nPresse-pantalon id\u00e9al pour d\u00e9froisser vos pantalons.<br \/>\nIl int\u00e8gre un traitement sp\u00e9cifique pour les plis du genou.<br \/>\nSa facture de qualit\u00e9 et son panneau frontal en verre noir permettra de compl\u00e9ter avec luxe,raffinement et modernit\u00e9 votre int\u00e9rieur.<br \/>\nArr\u00eat automatique ou Manuel<br \/>\nMinuteries de 15, 30 et 45 minutes<br \/>\nThermostat<br \/>\nCompteur digital<br \/>\nLivr\u00e9 complet avec Cintre, Vide poche et Pieds<br \/>\nPorte cravate Chrom\u00e9e<br \/>\nBras Chrom\u00e9s<br \/>\nPanneau Noir Brillant<br \/>\n220-240V AC<br \/>\nFixation mural en option (fixations incluses)<\/p>\n<h4>\nDimensions (mm):<\/h4>\n<p>Ferm\u00e9<br \/>\nA poser avec cintre : H1075 l465 P485<br \/>\nA poser sans cintre ; H970 l415 P335<br \/>\nMural : L940 l415 P115<br \/>\nOuvert<br \/>\nA poser avec cintre : H1075 l465 P515<br \/>\nA poser sans cintre ; H970 l415 P365<br \/>\nMural : L940 l415 P345<\/p>\n","protected":false},"excerpt":{"rendered":"<p>Presse-pantalon id\u00e9al pour d\u00e9froisser vos pantalons.<br \/>\nIl int\u00e8gre un traitement sp\u00e9cifique pour les plis du genou.<\/p>\n","protected":false},"featured_media":5834,"comment_status":"open","ping_status":"closed","template":"","meta":[],"product_cat":[573],"product_tag":[988],"class_list":["post-5825","product","type-product","status-publish","has-post-thumbnail","hentry","product_cat-presse-pantalons","product_tag-presse-pantalon","pa_color-noir","pa_domaine-collectivites","pa_domaine-hotel","pa_domaine-medical"],"_links":{"self":[{"href":"https:\/\/aquatiss.com.tn\/fr\/wp-json\/wp\/v2\/product\/5825","targetHints":{"allow":["GET"]}}],"collection":[{"href":"https:\/\/aquatiss.com.tn\/fr\/wp-json\/wp\/v2\/product"}],"about":[{"href":"https:\/\/aquatiss.com.tn\/fr\/wp-json\/wp\/v2\/types\/product"}],"replies":[{"embeddable":true,"href":"https:\/\/aquatiss.com.tn\/fr\/wp-json\/wp\/v2\/comments?post=5825"}],"wp:featuredmedia":[{"embeddable":true,"href":"https:\/\/aquatiss.com.tn\/fr\/wp-json\/wp\/v2\/media\/5834"}],"wp:attachment":[{"href":"https:\/\/aquatiss.com.tn\/fr\/wp-json\/wp\/v2\/media?parent=5825"}],"wp:term":[{"taxonomy":"product_cat","embeddable":true,"href":"https:\/\/aquatiss.com.tn\/fr\/wp-json\/wp\/v2\/product_cat?post=5825"},{"taxonomy":"product_tag","embeddable":true,"href":"https:\/\/aquatiss.com.tn\/fr\/wp-json\/wp\/v2\/product_tag?post=5825"}],"curies":[{"name":"wp","href":"https:\/\/api.w.org\/{rel}","templated":true}]}}