{"id":5942,"date":"2017-06-15T08:45:45","date_gmt":"2017-06-15T07:45:45","guid":{"rendered":"http:\/\/gator4082.temp.domains\/~aquatiss\/?post_type=product&#038;p=5942"},"modified":"2017-09-25T09:39:08","modified_gmt":"2017-09-25T09:39:08","slug":"5l-desodorisant-sol-sanitaire-2","status":"publish","type":"product","link":"https:\/\/aquatiss.com.tn\/fr\/produit\/5l-desodorisant-sol-sanitaire-2\/","title":{"rendered":"5L D\u00e9sodorisant sol et sanitaire NEO"},"content":{"rendered":"<p> D\u00e9sodorisant concentr\u00e9 pour sols, gr\u00e2ce \u00e0 une formule nouvelle et efficace, Il \u00e9limine les mauvaises odeurs et parfume toute la maison.<br \/>\nNEO Gr\u00e9sil,  apporte une odeur agr\u00e9able, une brillance et propret\u00e9 sur tout type de sol.<\/p>\n<p><strong>MODE D&rsquo;EMPLOI:<\/strong><br \/>\nDiluer NEO Gr\u00e9sil,  avec de l\u2019eau.<br \/>\nMettre 1 litre de NEO Gr\u00e9sil,  dans 100 litres d\u2019eau.<\/p>\n<p><strong>COMPOSITION:<\/strong><br \/>\nAspect : liquide color\u00e9 suivant le parfum homog\u00e8ne<br \/>\npH: Neutre<br \/>\nParfum: lavande, citron, pomme et rose.<br \/>\nDensit\u00e9 \u00e0 20\u00b0C :  1<br \/>\nHuile de ricin,  glycol et parfum<\/p>\n","protected":false},"excerpt":{"rendered":"<p>NEO Gr\u00e9sil,  apporte une odeur agr\u00e9able, une brillance et propret\u00e9 sur tout type de sol.<\/p>\n","protected":false},"featured_media":5943,"comment_status":"open","ping_status":"closed","template":"","meta":[],"product_cat":[115,422,423],"product_tag":[838],"class_list":["post-5942","product","type-product","status-publish","has-post-thumbnail","hentry","product_cat-desodorisant","product_cat-produits-sanitaires","product_cat-sols","product_tag-desodorisant","pa_domaine-collectivites","pa_domaine-entreprise","pa_domaine-food","pa_domaine-hotel","pa_domaine-industrie","pa_domaine-medical"],"_links":{"self":[{"href":"https:\/\/aquatiss.com.tn\/fr\/wp-json\/wp\/v2\/product\/5942","targetHints":{"allow":["GET"]}}],"collection":[{"href":"https:\/\/aquatiss.com.tn\/fr\/wp-json\/wp\/v2\/product"}],"about":[{"href":"https:\/\/aquatiss.com.tn\/fr\/wp-json\/wp\/v2\/types\/product"}],"replies":[{"embeddable":true,"href":"https:\/\/aquatiss.com.tn\/fr\/wp-json\/wp\/v2\/comments?post=5942"}],"wp:featuredmedia":[{"embeddable":true,"href":"https:\/\/aquatiss.com.tn\/fr\/wp-json\/wp\/v2\/media\/5943"}],"wp:attachment":[{"href":"https:\/\/aquatiss.com.tn\/fr\/wp-json\/wp\/v2\/media?parent=5942"}],"wp:term":[{"taxonomy":"product_cat","embeddable":true,"href":"https:\/\/aquatiss.com.tn\/fr\/wp-json\/wp\/v2\/product_cat?post=5942"},{"taxonomy":"product_tag","embeddable":true,"href":"https:\/\/aquatiss.com.tn\/fr\/wp-json\/wp\/v2\/product_tag?post=5942"}],"curies":[{"name":"wp","href":"https:\/\/api.w.org\/{rel}","templated":true}]}}