{"id":5946,"date":"2017-06-15T09:43:11","date_gmt":"2017-06-15T08:43:11","guid":{"rendered":"http:\/\/gator4082.temp.domains\/~aquatiss\/?post_type=product&#038;p=5946"},"modified":"2017-06-15T09:43:11","modified_gmt":"2017-06-15T08:43:11","slug":"lessive-poudre-lavage-machine","status":"publish","type":"product","link":"https:\/\/aquatiss.com.tn\/fr\/produit\/lessive-poudre-lavage-machine\/","title":{"rendered":"Lessive en poudre pour lavage en machine NEO"},"content":{"rendered":"<p>NEO couleur, poudre alcaline compl\u00e8te, redonne au linge color\u00e9 sa puret\u00e9, son \u00e9clat et propret\u00e9 tout en respectant les couleurs du linge.<\/p>\n<p>NEOcouleur, poudre concentr\u00e9 pour lavage en machine efficace d\u00e8s 30\u00b0C.<br \/>\nLe respect du dosage de NEOcouleur, Augmente le mouillage des tissus, enrobent les salissures, les d\u00e9tachent du linge puis les maintiennent dispers\u00e9es dans l\u2019eau.<br \/>\nLe taux de tensioactifs \u00e9lev\u00e9 vous garantit un nettoyage parfait de chaque surface lavable.<\/p>\n<p><strong>MODE D\u2019EMPLOI:<\/strong><br \/>\n&#8211; Trier le linge selon le textile et la couleur<br \/>\n&#8211; Mettre le dosage recommand\u00e9 dans le bac de lavage ou le syst\u00e8me de dosage<br \/>\n&#8211; Bien suivre les indications de lavage sur l\u2019\u00e9tiquette des textiles.<br \/>\n&#8211; Cotons color\u00e9s : Faire tremper auparavant les articles tr\u00e8s sales<br \/>\n&#8211; En application de la convention entre le minist\u00e8re de l\u2019environnement et l\u2019association des d\u00e9tergents, afin d\u2019obtenir les meilleures r\u00e9sultats de lavage sans gaspillage (de 10 \u00e0 15 gr \/kg de linge pendant 20 minutes) et sans apport superflu \u00e0 l\u2019environnement.<\/p>\n<p><strong>COMPOSITION:<\/strong><br \/>\n&#8211; Aspect : poudre granul\u00e9.<br \/>\n&#8211; Couleur : blanc avec des granul\u00e9s bleu.<br \/>\n&#8211; pH : alcalin  12 (en solution dilu\u00e9e).<br \/>\n&#8211; Solubilit\u00e9 : totale dans l\u2019eau.<br \/>\nPr\u00e9paration \u00e0 base d&rsquo;une association d&rsquo;agents de surface et de sels alcalins, d&rsquo;additifs anticalcaires,<br \/>\nd&rsquo;agents nettoyant, et \u00ab anti-red\u00e9position.<\/p>\n","protected":false},"excerpt":{"rendered":"<p>NEO couleur, poudre alcaline compl\u00e8te, redonne au linge color\u00e9 sa puret\u00e9, son \u00e9clat et propret\u00e9 tout en respectant les couleurs du linge.<\/p>\n","protected":false},"featured_media":5947,"comment_status":"open","ping_status":"closed","template":"","meta":[],"product_cat":[420],"product_tag":[999],"class_list":["post-5946","product","type-product","status-publish","has-post-thumbnail","hentry","product_cat-lessive-en-poudre","product_tag-lessive","pa_domaine-hotel","pa_domaine-medical"],"_links":{"self":[{"href":"https:\/\/aquatiss.com.tn\/fr\/wp-json\/wp\/v2\/product\/5946","targetHints":{"allow":["GET"]}}],"collection":[{"href":"https:\/\/aquatiss.com.tn\/fr\/wp-json\/wp\/v2\/product"}],"about":[{"href":"https:\/\/aquatiss.com.tn\/fr\/wp-json\/wp\/v2\/types\/product"}],"replies":[{"embeddable":true,"href":"https:\/\/aquatiss.com.tn\/fr\/wp-json\/wp\/v2\/comments?post=5946"}],"wp:featuredmedia":[{"embeddable":true,"href":"https:\/\/aquatiss.com.tn\/fr\/wp-json\/wp\/v2\/media\/5947"}],"wp:attachment":[{"href":"https:\/\/aquatiss.com.tn\/fr\/wp-json\/wp\/v2\/media?parent=5946"}],"wp:term":[{"taxonomy":"product_cat","embeddable":true,"href":"https:\/\/aquatiss.com.tn\/fr\/wp-json\/wp\/v2\/product_cat?post=5946"},{"taxonomy":"product_tag","embeddable":true,"href":"https:\/\/aquatiss.com.tn\/fr\/wp-json\/wp\/v2\/product_tag?post=5946"}],"curies":[{"name":"wp","href":"https:\/\/api.w.org\/{rel}","templated":true}]}}