{"id":6232,"date":"2017-07-01T07:41:53","date_gmt":"2017-07-01T06:41:53","guid":{"rendered":"http:\/\/gator4082.temp.domains\/~aquatiss\/produit\/distributeur-de-savon-a-bouton-poussoir-en-abs-blanc-800ml-copie\/"},"modified":"2017-07-04T11:35:27","modified_gmt":"2017-07-04T10:35:27","slug":"distributeur-de-savon-liquide-a-cartouche-1l","status":"publish","type":"product","link":"https:\/\/aquatiss.com.tn\/fr\/produit\/distributeur-de-savon-liquide-a-cartouche-1l\/","title":{"rendered":"Distributeur de savon liquide \u00e0 cartouche 1L"},"content":{"rendered":"<p>Distributeur de savon  liquide blanc \u00e0 cartouche<br \/>\nIl s&rsquo;adapte \u00e0 tout type de sanitaire<br \/>\nFacile \u00e0 utiliser et offre une excellente hygi\u00e8ne<br \/>\nDesign moderne<br \/>\nCertification \u00ab facile \u00e0 utiliser \u00bb pour une utilisation ais\u00e9e en particulier pour les enfants et les personnes \u00e2g\u00e9es<br \/>\nNettoyage sans effort certifi\u00e9 et r\u00e9approvisionnement intuitif permettant de gagner du temps<br \/>\nRecharge :ref:371.420601<\/p>\n","protected":false},"excerpt":{"rendered":"<p>Distributeur de savon  liquide blanc \u00e0 cartouche<br \/>\nIl s&#039;adapte \u00e0 tout type de sanitaire<br \/>\nFacile \u00e0 utiliser et offre une excellente hygi\u00e8ne<br \/>\nDesign moderne<br \/>\nRecharge ref:371.420602<\/p>\n","protected":false},"featured_media":6239,"comment_status":"open","ping_status":"closed","template":"","meta":[],"product_cat":[122,123,108],"product_tag":[713,228,192],"class_list":["post-6232","product","type-product","status-publish","has-post-thumbnail","hentry","product_cat-distributeurs-de-gel","product_cat-distributeurs-de-savon","product_cat-hygiene","product_tag-distributeur","product_tag-distributeur-de-gel","product_tag-distributeur-de-savon","pa_color-blanctransparent","pa_contenance-1l","pa_domaine-collectivites","pa_domaine-entreprise","pa_domaine-food","pa_domaine-hotel","pa_domaine-industrie","pa_domaine-medical"],"_links":{"self":[{"href":"https:\/\/aquatiss.com.tn\/fr\/wp-json\/wp\/v2\/product\/6232","targetHints":{"allow":["GET"]}}],"collection":[{"href":"https:\/\/aquatiss.com.tn\/fr\/wp-json\/wp\/v2\/product"}],"about":[{"href":"https:\/\/aquatiss.com.tn\/fr\/wp-json\/wp\/v2\/types\/product"}],"replies":[{"embeddable":true,"href":"https:\/\/aquatiss.com.tn\/fr\/wp-json\/wp\/v2\/comments?post=6232"}],"wp:featuredmedia":[{"embeddable":true,"href":"https:\/\/aquatiss.com.tn\/fr\/wp-json\/wp\/v2\/media\/6239"}],"wp:attachment":[{"href":"https:\/\/aquatiss.com.tn\/fr\/wp-json\/wp\/v2\/media?parent=6232"}],"wp:term":[{"taxonomy":"product_cat","embeddable":true,"href":"https:\/\/aquatiss.com.tn\/fr\/wp-json\/wp\/v2\/product_cat?post=6232"},{"taxonomy":"product_tag","embeddable":true,"href":"https:\/\/aquatiss.com.tn\/fr\/wp-json\/wp\/v2\/product_tag?post=6232"}],"curies":[{"name":"wp","href":"https:\/\/api.w.org\/{rel}","templated":true}]}}