{"id":6249,"date":"2017-07-04T11:44:10","date_gmt":"2017-07-04T10:44:10","guid":{"rendered":"http:\/\/gator4082.temp.domains\/~aquatiss\/produit\/cartouche-distributeur-de-savon-copie\/"},"modified":"2017-07-04T11:47:51","modified_gmt":"2017-07-04T10:47:51","slug":"cartouche-distributeur-de-savon-copie","status":"publish","type":"product","link":"https:\/\/aquatiss.com.tn\/fr\/produit\/cartouche-distributeur-de-savon-copie\/","title":{"rendered":"Cartouche distributeur de savon"},"content":{"rendered":"<p>Cartouche 500ML pour  distributeur de savon liquide ref 371.561000<br \/>\nCouleur: Bleu clair<br \/>\nDegr\u00e9 de qualit\u00e9: Premium<br \/>\nSavon liquide corps et cheveux<br \/>\nUn produit combinant savon et shampooing, permettant de se laver de la t\u00eate aux pieds, cheveux compris;<br \/>\nCe produit cr\u00e9meux et test\u00e9 dermatologiquement permet d&rsquo;obtenir une mousse riche et onctueuse.<br \/>\nIl peut \u00eatre utilis\u00e9 dans les h\u00f4tels, les installations sportives et les \u00e9coles.<br \/>\nBouteille scell\u00e9e avec pompe \u00e0 usage unique.<br \/>\nLe flacon se r\u00e9tracte au fil des utilisations pour r\u00e9duire le volume des d\u00e9chets.<\/p>\n","protected":false},"excerpt":{"rendered":"<p>Cartouche pour  distributeur de savon liquide 500ML ref 371.561000<br \/>\nCouleur: Bleu clair<br \/>\nDegr\u00e9 de qualit\u00e9: Premium<br \/>\nSavon liquide corps et cheveux<\/p>\n","protected":false},"featured_media":6252,"comment_status":"open","ping_status":"closed","template":"","meta":[],"product_cat":[122,123,402,108,411],"product_tag":[713,228,192],"class_list":["post-6249","product","type-product","status-publish","has-post-thumbnail","hentry","product_cat-distributeurs-de-gel","product_cat-distributeurs-de-savon","product_cat-gel-savon","product_cat-hygiene","product_cat-recharge-savon-liquide","product_tag-distributeur","product_tag-distributeur-de-gel","product_tag-distributeur-de-savon","pa_contenance-500ml","pa_domaine-collectivites","pa_domaine-entreprise","pa_domaine-food","pa_domaine-hotel","pa_domaine-industrie","pa_domaine-medical"],"_links":{"self":[{"href":"https:\/\/aquatiss.com.tn\/fr\/wp-json\/wp\/v2\/product\/6249","targetHints":{"allow":["GET"]}}],"collection":[{"href":"https:\/\/aquatiss.com.tn\/fr\/wp-json\/wp\/v2\/product"}],"about":[{"href":"https:\/\/aquatiss.com.tn\/fr\/wp-json\/wp\/v2\/types\/product"}],"replies":[{"embeddable":true,"href":"https:\/\/aquatiss.com.tn\/fr\/wp-json\/wp\/v2\/comments?post=6249"}],"wp:featuredmedia":[{"embeddable":true,"href":"https:\/\/aquatiss.com.tn\/fr\/wp-json\/wp\/v2\/media\/6252"}],"wp:attachment":[{"href":"https:\/\/aquatiss.com.tn\/fr\/wp-json\/wp\/v2\/media?parent=6249"}],"wp:term":[{"taxonomy":"product_cat","embeddable":true,"href":"https:\/\/aquatiss.com.tn\/fr\/wp-json\/wp\/v2\/product_cat?post=6249"},{"taxonomy":"product_tag","embeddable":true,"href":"https:\/\/aquatiss.com.tn\/fr\/wp-json\/wp\/v2\/product_tag?post=6249"}],"curies":[{"name":"wp","href":"https:\/\/api.w.org\/{rel}","templated":true}]}}