{"id":6274,"date":"2017-07-07T13:52:03","date_gmt":"2017-07-07T13:52:03","guid":{"rendered":"http:\/\/gator4082.temp.domains\/~aquatiss\/produit\/distributeur-de-savon-abs-noir-0-9l\/"},"modified":"2018-10-27T08:13:15","modified_gmt":"2018-10-27T08:13:15","slug":"distributeur-de-savon-abs-0-9l-jofel","status":"publish","type":"product","link":"https:\/\/aquatiss.com.tn\/fr\/produit\/distributeur-de-savon-abs-0-9l-jofel\/","title":{"rendered":"Distributeur de savon ABS 0.9L JOFEL"},"content":{"rendered":"<p>Distributeur de savon ABS 0.9L JOFEL<\/p>\n<h4>Caract\u00e9ristiques:<\/h4>\n<p>BOUTON POUSSOIR avec valve anticorrosion et anti-goutte.<br \/>\nDispositif de dosage de savon liquide avec r\u00e9servoir rechargeable.<br \/>\nR\u00e9servoir transparent en SAN de 0,900 L.<br \/>\nSupport, carcasse et valve en ABS noir de haute qualit\u00e9 et r\u00e9sistance.<br \/>\nFermeture \u00e0 cl\u00e9 et carcasse noir.<\/p>\n<h2>Distributeur de savon ABS 0.9L JOFEL offre:<\/h2>\n<p>Vision totale de la charge de savon disponible.<br \/>\nRendement maximal et longue dur\u00e9e de vie.<br \/>\nNettoyage et entretien faciles.<br \/>\nIndiqu\u00e9 pour les collectivit\u00e9s et les W.C. publics hautement fr\u00e9quent\u00e9s.<\/p>\n<p>Il est fortement conseill\u00e9 d&rsquo;utiliser le distributeur avec <a href=\"http:\/\/gator4082.temp.domains\/~aquatiss\/produit\/savon-a-glycerine-usage-frequent-bidon-5l-bell-main\/\">le savon liquide Bell main<\/a> .<\/p>\n","protected":false},"excerpt":{"rendered":"<p>Distributeur de savon ABS 0.9L JOFEL<br \/>\nBP avec valve anticorrosion et anti-goutte.<br \/>\nDispositif de dosage de savon liquide avec r\u00e9servoir rechargeable.<\/p>\n","protected":false},"featured_media":11420,"comment_status":"open","ping_status":"closed","template":"","meta":[],"product_cat":[122,123,108],"product_tag":[713,228,192,1416],"class_list":["post-6274","product","type-product","status-publish","has-post-thumbnail","hentry","product_cat-distributeurs-de-gel","product_cat-distributeurs-de-savon","product_cat-hygiene","product_tag-distributeur","product_tag-distributeur-de-gel","product_tag-distributeur-de-savon","product_tag-jofel","pa_color-noir","pa_color-blanc","pa_color-gris","pa_contenance-0-9-l","pa_domaine-collectivites","pa_domaine-entreprise","pa_domaine-food","pa_domaine-hotel","pa_domaine-industrie","pa_domaine-medical"],"_links":{"self":[{"href":"https:\/\/aquatiss.com.tn\/fr\/wp-json\/wp\/v2\/product\/6274","targetHints":{"allow":["GET"]}}],"collection":[{"href":"https:\/\/aquatiss.com.tn\/fr\/wp-json\/wp\/v2\/product"}],"about":[{"href":"https:\/\/aquatiss.com.tn\/fr\/wp-json\/wp\/v2\/types\/product"}],"replies":[{"embeddable":true,"href":"https:\/\/aquatiss.com.tn\/fr\/wp-json\/wp\/v2\/comments?post=6274"}],"wp:featuredmedia":[{"embeddable":true,"href":"https:\/\/aquatiss.com.tn\/fr\/wp-json\/wp\/v2\/media\/11420"}],"wp:attachment":[{"href":"https:\/\/aquatiss.com.tn\/fr\/wp-json\/wp\/v2\/media?parent=6274"}],"wp:term":[{"taxonomy":"product_cat","embeddable":true,"href":"https:\/\/aquatiss.com.tn\/fr\/wp-json\/wp\/v2\/product_cat?post=6274"},{"taxonomy":"product_tag","embeddable":true,"href":"https:\/\/aquatiss.com.tn\/fr\/wp-json\/wp\/v2\/product_tag?post=6274"}],"curies":[{"name":"wp","href":"https:\/\/api.w.org\/{rel}","templated":true}]}}