{"id":6418,"date":"2017-07-24T09:39:05","date_gmt":"2017-07-24T08:39:05","guid":{"rendered":"http:\/\/gator4082.temp.domains\/~aquatiss\/produit\/mono-brosse\/"},"modified":"2019-10-05T10:16:30","modified_gmt":"2019-10-05T10:16:30","slug":"mono-brosse","status":"publish","type":"product","link":"https:\/\/aquatiss.com.tn\/fr\/produit\/mono-brosse\/","title":{"rendered":"Mono brosse \u00e0 deux roues"},"content":{"rendered":"<p>Mono brosse \u00e0 deux roues<br \/>\nR\u00e9sistante et permet de r\u00e9duire l&rsquo;intensit\u00e9 de travail<br \/>\nApplication sur granit, marbre, carrelage, b\u00e9ton et pierre artificielle..<br \/>\nMoteur robuste,rendement \u00e9lev\u00e9<br \/>\n\u00c9quipement robuste<br \/>\nPlus de stabilit\u00e9<br \/>\nAvec Plateau, brosse et r\u00e9servoir<br \/>\nPuissance 1.5HP\/1.1kw -220V-50HZ<br \/>\nRotation 150rpm<br \/>\nDiam\u00e8tre 406mm<\/p>\n","protected":false},"excerpt":{"rendered":"<p>Mono brosse \u00e0 deux roues<br \/>\nR\u00e9sistante et permet de r\u00e9duire l&rsquo;intensit\u00e9 de travail<br \/>\nApplication sur granit, marbre, carrelage, b\u00e9ton et pierre artificielle..<br \/>\nMoteur robuste,rendement \u00e9lev\u00e9<br \/>\n\u00c9quipement robuste<br \/>\nPlus de stabilit\u00e9<br \/>\nAvec Plateau, brosse et r\u00e9servoir<\/p>\n","protected":false},"featured_media":6419,"comment_status":"open","ping_status":"closed","template":"","meta":[],"product_cat":[108,132],"product_tag":[778],"class_list":["post-6418","product","type-product","status-publish","has-post-thumbnail","hentry","product_cat-hygiene","product_cat-mono-brosse","product_tag-monobrosse","pa_domaine-collectivites","pa_domaine-entreprise","pa_domaine-food","pa_domaine-hotel","pa_domaine-industrie","pa_domaine-medical"],"_links":{"self":[{"href":"https:\/\/aquatiss.com.tn\/fr\/wp-json\/wp\/v2\/product\/6418","targetHints":{"allow":["GET"]}}],"collection":[{"href":"https:\/\/aquatiss.com.tn\/fr\/wp-json\/wp\/v2\/product"}],"about":[{"href":"https:\/\/aquatiss.com.tn\/fr\/wp-json\/wp\/v2\/types\/product"}],"replies":[{"embeddable":true,"href":"https:\/\/aquatiss.com.tn\/fr\/wp-json\/wp\/v2\/comments?post=6418"}],"wp:featuredmedia":[{"embeddable":true,"href":"https:\/\/aquatiss.com.tn\/fr\/wp-json\/wp\/v2\/media\/6419"}],"wp:attachment":[{"href":"https:\/\/aquatiss.com.tn\/fr\/wp-json\/wp\/v2\/media?parent=6418"}],"wp:term":[{"taxonomy":"product_cat","embeddable":true,"href":"https:\/\/aquatiss.com.tn\/fr\/wp-json\/wp\/v2\/product_cat?post=6418"},{"taxonomy":"product_tag","embeddable":true,"href":"https:\/\/aquatiss.com.tn\/fr\/wp-json\/wp\/v2\/product_tag?post=6418"}],"curies":[{"name":"wp","href":"https:\/\/api.w.org\/{rel}","templated":true}]}}