{"id":6425,"date":"2017-07-24T10:00:54","date_gmt":"2017-07-24T09:00:54","guid":{"rendered":"http:\/\/gator4082.temp.domains\/~aquatiss\/produit\/mono-brosse-double-direction\/"},"modified":"2017-07-24T10:04:59","modified_gmt":"2017-07-24T09:04:59","slug":"mono-brosse-double-direction","status":"publish","type":"product","link":"https:\/\/aquatiss.com.tn\/fr\/produit\/mono-brosse-double-direction\/","title":{"rendered":"Mono-brosse Double direction"},"content":{"rendered":"<p>Mono brosse Double Direction<br \/>\nR\u00e9sistante et permet de r\u00e9duire l&rsquo;intensit\u00e9 de travail<br \/>\nApplication sur granit, marbre, carrelage, b\u00e9ton et pierre artificielle..<br \/>\nMoteur et \u00e9quipements robuste,rendement \u00e9lev\u00e9<br \/>\nPlus de stabilit\u00e9<br \/>\nAvec r\u00e9servoir<br \/>\n\u00c9quip\u00e9e d&rsquo;un plateau doubl\u00e9e de deux disques rotatif dans le sens contraire<br \/>\nPuissance 5.5HP<br \/>\nRotation 0-800rpm<br \/>\nDiam\u00e8tre 500mm<br \/>\nPoids 110kg<\/p>\n","protected":false},"excerpt":{"rendered":"<p>Mono brosse escalier<br \/>\nMulti-utilisation: broyage, polissage et lavage des escaliers<br \/>\nR\u00e9sistante et permet de r\u00e9duire l&rsquo;intensit\u00e9 de travail<br \/>\nMoteur et \u00e9quipements robuste,rendement \u00e9lev\u00e9<br \/>\nPlus de stabilit\u00e9<br \/>\n\u00c9quip\u00e9e d&rsquo;un plateau,brosse et r\u00e9servoir<\/p>\n","protected":false},"featured_media":6426,"comment_status":"open","ping_status":"closed","template":"","meta":[],"product_cat":[108,132],"product_tag":[778],"class_list":["post-6425","product","type-product","status-publish","has-post-thumbnail","hentry","product_cat-hygiene","product_cat-mono-brosse","product_tag-monobrosse","pa_domaine-collectivites","pa_domaine-entreprise","pa_domaine-food","pa_domaine-hotel","pa_domaine-industrie","pa_domaine-medical"],"_links":{"self":[{"href":"https:\/\/aquatiss.com.tn\/fr\/wp-json\/wp\/v2\/product\/6425","targetHints":{"allow":["GET"]}}],"collection":[{"href":"https:\/\/aquatiss.com.tn\/fr\/wp-json\/wp\/v2\/product"}],"about":[{"href":"https:\/\/aquatiss.com.tn\/fr\/wp-json\/wp\/v2\/types\/product"}],"replies":[{"embeddable":true,"href":"https:\/\/aquatiss.com.tn\/fr\/wp-json\/wp\/v2\/comments?post=6425"}],"wp:featuredmedia":[{"embeddable":true,"href":"https:\/\/aquatiss.com.tn\/fr\/wp-json\/wp\/v2\/media\/6426"}],"wp:attachment":[{"href":"https:\/\/aquatiss.com.tn\/fr\/wp-json\/wp\/v2\/media?parent=6425"}],"wp:term":[{"taxonomy":"product_cat","embeddable":true,"href":"https:\/\/aquatiss.com.tn\/fr\/wp-json\/wp\/v2\/product_cat?post=6425"},{"taxonomy":"product_tag","embeddable":true,"href":"https:\/\/aquatiss.com.tn\/fr\/wp-json\/wp\/v2\/product_tag?post=6425"}],"curies":[{"name":"wp","href":"https:\/\/api.w.org\/{rel}","templated":true}]}}