{"id":6620,"date":"2017-07-27T12:55:51","date_gmt":"2017-07-27T11:55:51","guid":{"rendered":"http:\/\/gator4082.temp.domains\/~aquatiss\/produit\/bouteille-de-creme-hydratante\/"},"modified":"2018-01-13T09:17:29","modified_gmt":"2018-01-13T09:17:29","slug":"bouteille-de-creme-hydratante-30ml","status":"publish","type":"product","link":"https:\/\/aquatiss.com.tn\/fr\/produit\/bouteille-de-creme-hydratante-30ml\/","title":{"rendered":"Bouteille de Cr\u00e8me Hydratante 30ml"},"content":{"rendered":"<p>Bouteille de Cr\u00e8me Hydratante 30ml<\/p>\n<h4>Texture\u00a0 qui fusionne avec la peau.<\/h4>\n<div class=\"product-group\">\n<div class=\"product-entry\">Cette cr\u00e8me hydratante ,ultra riche en extrait naturel offre 48h d&rsquo;hydratation, apaise et prot\u00e8ge de la pollution. La peau est fra\u00eeche, douce et rebondie tout au long de la journ\u00e9e.<\/div>\n<\/div>\n<div class=\"product-group\">\n<div class=\"product-entry\">\n<h3 class=\"product-title-secondary\">CONSEILS BEAUT\u00c9<\/h3>\n<p>Appliquer la cr\u00e8me hydratante matin et\/ou soir sur le visage et le cou.<\/p><\/div>\n<\/div>\n<div class=\"product-group\">\n<div class=\"product-entry\">\n<h3 class=\"product-title-secondary\">SA FORMULE<\/h3>\n<p>Principaux actifs d&rsquo;origine naturelle :\u00a0Aqua, Glyc\u00e9rine olea europaea oil, parfum (fragrance) limonene geraniol vitamine acetate<\/p>\n<p>&nbsp;<\/p>\n<\/div>\n<\/div>\n","protected":false},"excerpt":{"rendered":"<p>Texture\u00a0 qui fusionne avec la peau.Cette cr\u00e8me hydratante ,ultra riche en extrait naturel\u00a0offre 48h d&rsquo;hydratation, apaise et prot\u00e8ge de la pollution. La peau est fra\u00eeche, douce et rebondie tout au long de la journ\u00e9e.<\/p>\n","protected":false},"featured_media":6677,"comment_status":"open","ping_status":"closed","template":"","meta":[],"product_cat":[1048],"product_tag":[1035],"class_list":["post-6620","product","type-product","status-publish","has-post-thumbnail","hentry","product_cat-creme-hydratante","product_tag-produit-daccueil","pa_bouteille-pp-blanc","pa_bouteille-rond","pa_bouteille-stylo","pa_bouteille-tube","pa_collection-cote-sud","pa_collection-mare-florale","pa_collection-pure-nature","pa_contenance-30ml","pa_contenance-40ml","pa_contenance-50ml","pa_domaine-hotel"],"_links":{"self":[{"href":"https:\/\/aquatiss.com.tn\/fr\/wp-json\/wp\/v2\/product\/6620","targetHints":{"allow":["GET"]}}],"collection":[{"href":"https:\/\/aquatiss.com.tn\/fr\/wp-json\/wp\/v2\/product"}],"about":[{"href":"https:\/\/aquatiss.com.tn\/fr\/wp-json\/wp\/v2\/types\/product"}],"replies":[{"embeddable":true,"href":"https:\/\/aquatiss.com.tn\/fr\/wp-json\/wp\/v2\/comments?post=6620"}],"wp:featuredmedia":[{"embeddable":true,"href":"https:\/\/aquatiss.com.tn\/fr\/wp-json\/wp\/v2\/media\/6677"}],"wp:attachment":[{"href":"https:\/\/aquatiss.com.tn\/fr\/wp-json\/wp\/v2\/media?parent=6620"}],"wp:term":[{"taxonomy":"product_cat","embeddable":true,"href":"https:\/\/aquatiss.com.tn\/fr\/wp-json\/wp\/v2\/product_cat?post=6620"},{"taxonomy":"product_tag","embeddable":true,"href":"https:\/\/aquatiss.com.tn\/fr\/wp-json\/wp\/v2\/product_tag?post=6620"}],"curies":[{"name":"wp","href":"https:\/\/api.w.org\/{rel}","templated":true}]}}