{"id":6760,"date":"2017-07-29T10:32:41","date_gmt":"2017-07-29T09:32:41","guid":{"rendered":"http:\/\/gator4082.temp.domains\/~aquatiss\/produit\/set-de-couture\/"},"modified":"2026-03-23T11:59:04","modified_gmt":"2026-03-23T11:59:04","slug":"set-de-couture-en-boite-carton-pure","status":"publish","type":"product","link":"https:\/\/aquatiss.com.tn\/fr\/produit\/set-de-couture-en-boite-carton-pure\/","title":{"rendered":"Set de couture en boite carton Pure"},"content":{"rendered":"<p>Set de couture en boite carton Pure<\/p>\n<p>Le kit \u00e0 couture pour h\u00f4tel vient aider tout voyageur qui se trouve dans une mauvaise situation dans laquelle un bouton<br \/>\ns\u2019est desserr\u00e9 ou un article important de v\u00eatements s\u2019est d\u00e9chir\u00e9e. Ce n\u00e9cessaire \u00e0 couture h\u00f4tel en bo\u00eete contient 05 fils de couleur diff\u00e9rente,<br \/>\nune aiguille \u00e0 coudre, deux boutons (noir et blanc) et une \u00e9pingle \u00e0 nourrice de sorte que toute r\u00e9paration rapide soit possible.<\/p>\n<h4>caract\u00e9ristiques\u00a0 Set de couture en boite carton Pure<\/h4>\n<p>kit de couture<br \/>\n5 fils de diff\u00e9rentes couleurs,<br \/>\n1 aiguille,<br \/>\n1 \u00e9pingle \u00e0 nourrice<br \/>\n2 boutons noir et blanc.<\/p>\n","protected":false},"excerpt":{"rendered":"<p class=\"fontBodoni-Regular\"><strong>indispensable pour d\u00e9panner vos clients en toutes circonstances.<\/strong><\/p>\n<p>Set de couture n\u00e9cessaire\u00a0 pour h\u00f4tel.<br \/>\nVendu par colis de 800 sets<\/p>\n<p>5 fils de diff\u00e9rentes couleurs,<br \/>\n1 aiguille,<br \/>\n1 \u00e9pingle \u00e0 nourrice<br \/>\n2 boutons noir et blanc.<\/p>\n","protected":false},"featured_media":33037,"comment_status":"open","ping_status":"closed","template":"","meta":[],"product_cat":[93,489],"product_tag":[1035],"class_list":["post-6760","product","type-product","status-publish","has-post-thumbnail","hentry","product_cat-produits-daccueil","product_cat-set-de-couture","product_tag-produit-daccueil","pa_domaine-hotel"],"_links":{"self":[{"href":"https:\/\/aquatiss.com.tn\/fr\/wp-json\/wp\/v2\/product\/6760","targetHints":{"allow":["GET"]}}],"collection":[{"href":"https:\/\/aquatiss.com.tn\/fr\/wp-json\/wp\/v2\/product"}],"about":[{"href":"https:\/\/aquatiss.com.tn\/fr\/wp-json\/wp\/v2\/types\/product"}],"replies":[{"embeddable":true,"href":"https:\/\/aquatiss.com.tn\/fr\/wp-json\/wp\/v2\/comments?post=6760"}],"wp:featuredmedia":[{"embeddable":true,"href":"https:\/\/aquatiss.com.tn\/fr\/wp-json\/wp\/v2\/media\/33037"}],"wp:attachment":[{"href":"https:\/\/aquatiss.com.tn\/fr\/wp-json\/wp\/v2\/media?parent=6760"}],"wp:term":[{"taxonomy":"product_cat","embeddable":true,"href":"https:\/\/aquatiss.com.tn\/fr\/wp-json\/wp\/v2\/product_cat?post=6760"},{"taxonomy":"product_tag","embeddable":true,"href":"https:\/\/aquatiss.com.tn\/fr\/wp-json\/wp\/v2\/product_tag?post=6760"}],"curies":[{"name":"wp","href":"https:\/\/api.w.org\/{rel}","templated":true}]}}