{"id":6762,"date":"2017-07-29T10:35:33","date_gmt":"2017-07-29T09:35:33","guid":{"rendered":"http:\/\/gator4082.temp.domains\/~aquatiss\/produit\/bonnet-de-douche\/"},"modified":"2023-03-28T07:22:31","modified_gmt":"2023-03-28T07:22:31","slug":"bonnets-de-douche-jetables-usage-lhotel-spa","status":"publish","type":"product","link":"https:\/\/aquatiss.com.tn\/fr\/produit\/bonnets-de-douche-jetables-usage-lhotel-spa\/","title":{"rendered":"Bonnets de douche jetables usage  l&rsquo;h\u00f4tel, spa"},"content":{"rendered":"<p>Bonnets de douche jetables usage l&rsquo;h\u00f4tel, spa<\/p>\n<p>100 bonnets de douche, bonnets de douche jetables,<br \/>\nBonnet de Soin des Cheveux Jetable Pour usage domestique, \u00e0 l&rsquo;h\u00f4tel, au spa, dans les salons de coiffure.<\/p>\n<p>bonnets de douche \u00e0 usage unique<\/p>\n<p>Mat\u00e9riau\u202f: plastique \u00e9tanche, un bon effet imperm\u00e9able<br \/>\nCarton de 400 bonnets<br \/>\n\u00c9lasticit\u00e9 r\u00e9glable: Notre bonnet de douche a une bonne bande \u00e9lastique qui peut \u00eatre \u00e9tir\u00e9e \u00e0 environ 44 cm.<br \/>\nTaille appropri\u00e9e: La conception unique peut s&rsquo;adapter parfaitement \u00e0 toutes les longueurs et \u00e9paisseurs de cheveux.<br \/>\nIls conviennent \u00e0 la plupart des hommes, des femmes ou des enfants.<br \/>\nNombreuses utilisations dans la vie quotidienne\u202f- Avec un grand \u00e9lastique &#8211; Utilisation au spa, dans les centres de bronzage, \u00e0 la maison, \u00e0 l&rsquo;h\u00f4tel et au salon de coiffure.<\/p>\n","protected":false},"excerpt":{"rendered":"<p><strong>Utilisations dans la vie quotidienne\u202f- Avec un grand \u00e9lastique &#8211; Utilisation au spa, dans les centres de bronzage, \u00e0 la maison, \u00e0 l&rsquo;h\u00f4tel et au salon de coiffure<\/strong><br \/>\n<strong>carton de 400 bonnets<\/strong><\/p>\n<p>Bonnet de douche<br \/>\nPlastique \u00e9tanche<br \/>\n\u00c9lasticit\u00e9 r\u00e9glable jusqu&rsquo;\u00e0 44 cm<br \/>\ns&rsquo;adapter a tous les longueurs de cheveux<\/p>\n","protected":false},"featured_media":33082,"comment_status":"open","ping_status":"closed","template":"","meta":[],"product_cat":[487,93],"product_tag":[1035],"class_list":["post-6762","product","type-product","status-publish","has-post-thumbnail","hentry","product_cat-bonnet-de-douche","product_cat-produits-daccueil","product_tag-produit-daccueil","pa_domaine-hotel"],"_links":{"self":[{"href":"https:\/\/aquatiss.com.tn\/fr\/wp-json\/wp\/v2\/product\/6762","targetHints":{"allow":["GET"]}}],"collection":[{"href":"https:\/\/aquatiss.com.tn\/fr\/wp-json\/wp\/v2\/product"}],"about":[{"href":"https:\/\/aquatiss.com.tn\/fr\/wp-json\/wp\/v2\/types\/product"}],"replies":[{"embeddable":true,"href":"https:\/\/aquatiss.com.tn\/fr\/wp-json\/wp\/v2\/comments?post=6762"}],"wp:featuredmedia":[{"embeddable":true,"href":"https:\/\/aquatiss.com.tn\/fr\/wp-json\/wp\/v2\/media\/33082"}],"wp:attachment":[{"href":"https:\/\/aquatiss.com.tn\/fr\/wp-json\/wp\/v2\/media?parent=6762"}],"wp:term":[{"taxonomy":"product_cat","embeddable":true,"href":"https:\/\/aquatiss.com.tn\/fr\/wp-json\/wp\/v2\/product_cat?post=6762"},{"taxonomy":"product_tag","embeddable":true,"href":"https:\/\/aquatiss.com.tn\/fr\/wp-json\/wp\/v2\/product_tag?post=6762"}],"curies":[{"name":"wp","href":"https:\/\/api.w.org\/{rel}","templated":true}]}}