{"id":6803,"date":"2017-08-05T08:46:26","date_gmt":"2017-08-05T08:46:26","guid":{"rendered":"http:\/\/gator4082.temp.domains\/~aquatiss\/produit\/etiqueteuse-portable-brother-pt-e300vp\/"},"modified":"2017-11-07T09:19:31","modified_gmt":"2017-11-07T09:19:31","slug":"etiqueteuse-portable-brother-pt-e300vp","status":"publish","type":"product","link":"https:\/\/aquatiss.com.tn\/fr\/produit\/etiqueteuse-portable-brother-pt-e300vp\/","title":{"rendered":"\u00c9tiqueteuse Portable Brother PT-E300VP"},"content":{"rendered":"<p>\u00c9tiqueteuse Portable Brother PT-E300VP<br \/>\nEcran: LCD r\u00e9tro\u00e9clair\u00e9, 3 ligne x 16 caract\u00e8res<br \/>\nTechnologie d&rsquo;impression: Transfert thermique<br \/>\nType d\u2019appareil: portable<br \/>\nType d\u2019utilisation: Industriel<br \/>\nVitesse d&rsquo;impression: Jusqu&rsquo;\u00e0 20 mm\/s<br \/>\nR\u00e9solution(N&#038;B): 180 dpi<br \/>\nNombre de touches: 64<br \/>\nType de d\u00e9coupe: Compl\u00e8te<br \/>\nType de clavier: AZERTY<br \/>\nTaille De Rouleaux Compatible: 3.5 mm, 6 mm, 9 mm, 12mm et 18mm<br \/>\nLargeur maximale du ruban: 18 mm<br \/>\nBatterie: Piles alcalines 6 x AA (LR6\/HR6)<br \/>\nGarantie: 1 an<\/p>\n","protected":false},"excerpt":{"rendered":"<p>Ecran: LCD r\u00e9tro\u00e9clair\u00e9, 3 ligne x 16 caract\u00e8res<br \/>\nTechnologie d&#039;impression: Transfert thermique<br \/>\nType d\u2019appareil: portable<br \/>\nType d\u2019utilisation: Industriel<br \/>\nVitesse d&#039;impression: Jusqu&#039;\u00e0 20 mm\/s<\/p>\n","protected":false},"featured_media":6804,"comment_status":"open","ping_status":"closed","template":"","meta":[],"product_cat":[164,537],"product_tag":[660],"class_list":["post-6803","product","type-product","status-publish","has-post-thumbnail","hentry","product_cat-bureautique","product_cat-etiqueteuse","product_tag-etiqueteuse","pa_domaine-collectivites","pa_domaine-entreprise","pa_domaine-food","pa_domaine-hotel","pa_domaine-industrie","pa_domaine-medical","pa_largeur-maximale-du-ruban-18-mm","pa_marque-brother","pa_resolution-des-caracteres-d-3-lignes-x-16-caracteres"],"_links":{"self":[{"href":"https:\/\/aquatiss.com.tn\/fr\/wp-json\/wp\/v2\/product\/6803","targetHints":{"allow":["GET"]}}],"collection":[{"href":"https:\/\/aquatiss.com.tn\/fr\/wp-json\/wp\/v2\/product"}],"about":[{"href":"https:\/\/aquatiss.com.tn\/fr\/wp-json\/wp\/v2\/types\/product"}],"replies":[{"embeddable":true,"href":"https:\/\/aquatiss.com.tn\/fr\/wp-json\/wp\/v2\/comments?post=6803"}],"wp:featuredmedia":[{"embeddable":true,"href":"https:\/\/aquatiss.com.tn\/fr\/wp-json\/wp\/v2\/media\/6804"}],"wp:attachment":[{"href":"https:\/\/aquatiss.com.tn\/fr\/wp-json\/wp\/v2\/media?parent=6803"}],"wp:term":[{"taxonomy":"product_cat","embeddable":true,"href":"https:\/\/aquatiss.com.tn\/fr\/wp-json\/wp\/v2\/product_cat?post=6803"},{"taxonomy":"product_tag","embeddable":true,"href":"https:\/\/aquatiss.com.tn\/fr\/wp-json\/wp\/v2\/product_tag?post=6803"}],"curies":[{"name":"wp","href":"https:\/\/api.w.org\/{rel}","templated":true}]}}