{"id":7301,"date":"2017-09-15T14:52:34","date_gmt":"2017-09-15T14:52:34","guid":{"rendered":"http:\/\/gator4082.temp.domains\/~aquatiss\/?post_type=product&#038;p=7301"},"modified":"2025-04-23T09:26:29","modified_gmt":"2025-04-23T09:26:29","slug":"diffuseur-automatique-spray-aromatherapie","status":"publish","type":"product","link":"https:\/\/aquatiss.com.tn\/fr\/produit\/diffuseur-automatique-spray-aromatherapie\/","title":{"rendered":"Diffuseur Automatique Spray aromath\u00e9rapie"},"content":{"rendered":"<p>Diffuseur Automatique Spray\u00a0 aromath\u00e9rapie parfum\u00e9e <a href=\"http:\/\/gator4082.temp.domains\/~aquatiss\/produit\/arome-diffuseur-de-parfum\/\">\u00e0 huile essentiel<\/a> convertit l&rsquo;huile\u00a0 parfum\u00e9e en brume qui se diffuse uniform\u00e9ment dans votre local.\u00a0pour Hall de L&rsquo;h\u00f4tel<\/p>\n<p>peut \u00eatre connecter a votre grand syst\u00e8me de ventilation ou syst\u00e8me de climatisation.<br \/>\nIl purifie l&rsquo;air et enl\u00e8ve les mauvaise odeurs.Appropri\u00e9 pour: H\u00f4pitaux Hall de l&rsquo;h\u00f4tel, Restaurant, Pubs et Bo\u00eetes de Nuit, jeux et Casino, SPA &amp; Fitness Clubs, cin\u00e9mas H\u00f4pitaux &#8230;<\/p>\n<h2><span style=\"font-size: 12pt;\">Programmation<\/span><\/h2>\n<p>Des Diff\u00e9rents p\u00e9riodes de travail et peut r\u00e9glementer la concentration du parfum<\/p>\n<p>Du temps de diffusion de parfum : 10 \u00e0 300 s.<\/p>\n<p>Des jours de diffusion du parfum<\/p>\n<p>Des intervalle de diffusion<\/p>\n<h4><span style=\"font-size: 12pt;\">Caract\u00e9ristiques<\/span><\/h4>\n<p>Installation : Dessus de table\/ ou fixation murale vis non fournies<br \/>\nCommande d&rsquo;humidit\u00e9 : Manuel<br \/>\nCapacit\u00e9 r\u00e9servoir : 500 ml<br \/>\nBrume Produite (ml\/jour) : 60<br \/>\nConsommation huile essentiel (h): 0.6 g\/150 ml<br \/>\nparfum Diffusion Capacit\u00e9 : 200 m3<br \/>\nPuissance (W) : 60<br \/>\nTension alimentation : 220-50 HZ<br \/>\nvolume sonore : inf\u00e9rieure 10 dba<br \/>\nCertification : CE, RoHS<\/p>\n","protected":false},"excerpt":{"rendered":"<p>Diffuseur Automatique Spray\u00a0Automatique Spray diffuseur\u00a0 aromath\u00e9rapie parfum\u00e9e\u00a0<a href=\"http:\/\/gator4082.temp.domains\/~aquatiss\/produit\/arome-diffuseur-de-parfum\/\">\u00e0 huile essentiel<\/a>\u00a0convertit l&rsquo;huile\u00a0 parfum\u00e9e en brume qui se diffuse uniform\u00e9ment dans votre local.\u00a0pour Hall de L&rsquo;h\u00f4tel<\/p>\n","protected":false},"featured_media":10965,"comment_status":"open","ping_status":"closed","template":"","meta":[],"product_cat":[117],"product_tag":[277,1169],"class_list":["post-7301","product","type-product","status-publish","has-post-thumbnail","hentry","product_cat-diffuseur-de-parfum","product_tag-diffuseur-de-parfum","product_tag-diffuseur-parfum-huile-spray"],"_links":{"self":[{"href":"https:\/\/aquatiss.com.tn\/fr\/wp-json\/wp\/v2\/product\/7301","targetHints":{"allow":["GET"]}}],"collection":[{"href":"https:\/\/aquatiss.com.tn\/fr\/wp-json\/wp\/v2\/product"}],"about":[{"href":"https:\/\/aquatiss.com.tn\/fr\/wp-json\/wp\/v2\/types\/product"}],"replies":[{"embeddable":true,"href":"https:\/\/aquatiss.com.tn\/fr\/wp-json\/wp\/v2\/comments?post=7301"}],"wp:featuredmedia":[{"embeddable":true,"href":"https:\/\/aquatiss.com.tn\/fr\/wp-json\/wp\/v2\/media\/10965"}],"wp:attachment":[{"href":"https:\/\/aquatiss.com.tn\/fr\/wp-json\/wp\/v2\/media?parent=7301"}],"wp:term":[{"taxonomy":"product_cat","embeddable":true,"href":"https:\/\/aquatiss.com.tn\/fr\/wp-json\/wp\/v2\/product_cat?post=7301"},{"taxonomy":"product_tag","embeddable":true,"href":"https:\/\/aquatiss.com.tn\/fr\/wp-json\/wp\/v2\/product_tag?post=7301"}],"curies":[{"name":"wp","href":"https:\/\/api.w.org\/{rel}","templated":true}]}}