{"id":7992,"date":"2017-10-10T09:31:38","date_gmt":"2017-10-10T09:31:38","guid":{"rendered":"http:\/\/gator4082.temp.domains\/~aquatiss\/?post_type=product&#038;p=7992"},"modified":"2021-04-15T09:41:40","modified_gmt":"2021-04-15T09:41:40","slug":"pupitre-bois-plexiglas","status":"publish","type":"product","link":"https:\/\/aquatiss.com.tn\/fr\/produit\/pupitre-bois-plexiglas\/","title":{"rendered":"Pupitre bois plexiglass"},"content":{"rendered":"<p>Pupitre bois plexiglas<br \/>\nDeux panneaux lat\u00e9raux en bois haute qualit\u00e9<br \/>\nUn \u00e9tag\u00e8re en bois finitions noyer<br \/>\nGrand panneaux de fa\u00e7ade en plexiglas<br \/>\nUne base en bois pour une excellente stabilit\u00e9<br \/>\nTablette en plexiglas inclin\u00e9 vers l&rsquo;avant<br \/>\nId\u00e9ale pour les h\u00f4tels, les universit\u00e9s et les conf\u00e9rences<br \/>\nUne combinaison bois\/ plexiglas qui s&rsquo;adaptent \u00e0 n\u2019importe quel environnement<br \/>\nPersonnalisation des pupitres sur la fa\u00e7ade d&rsquo;avant est possible.<\/p>\n","protected":false},"excerpt":{"rendered":"<p>Deux panneaux lat\u00e9raux en bois haute qualit\u00e9<br \/>\nUn \u00e9tag\u00e8re en bois finitions noyer<br \/>\nGrand panneaux de fa\u00e7ade en plexiglas<br \/>\nUne base en bois pour une excellente stabilit\u00e9<br \/>\nTablette en plexiglas inclin\u00e9 vers l&#039;avant<\/p>\n","protected":false},"featured_media":10538,"comment_status":"open","ping_status":"closed","template":"","meta":[],"product_cat":[154,576],"product_tag":[973],"class_list":["post-7992","product","type-product","status-publish","has-post-thumbnail","hentry","product_cat-mobilier-textile","product_cat-pupitre-de-conference","product_tag-pupitre","pa_domaine-entreprise","pa_domaine-hotel","pa_domaine-medical"],"_links":{"self":[{"href":"https:\/\/aquatiss.com.tn\/fr\/wp-json\/wp\/v2\/product\/7992","targetHints":{"allow":["GET"]}}],"collection":[{"href":"https:\/\/aquatiss.com.tn\/fr\/wp-json\/wp\/v2\/product"}],"about":[{"href":"https:\/\/aquatiss.com.tn\/fr\/wp-json\/wp\/v2\/types\/product"}],"replies":[{"embeddable":true,"href":"https:\/\/aquatiss.com.tn\/fr\/wp-json\/wp\/v2\/comments?post=7992"}],"wp:featuredmedia":[{"embeddable":true,"href":"https:\/\/aquatiss.com.tn\/fr\/wp-json\/wp\/v2\/media\/10538"}],"wp:attachment":[{"href":"https:\/\/aquatiss.com.tn\/fr\/wp-json\/wp\/v2\/media?parent=7992"}],"wp:term":[{"taxonomy":"product_cat","embeddable":true,"href":"https:\/\/aquatiss.com.tn\/fr\/wp-json\/wp\/v2\/product_cat?post=7992"},{"taxonomy":"product_tag","embeddable":true,"href":"https:\/\/aquatiss.com.tn\/fr\/wp-json\/wp\/v2\/product_tag?post=7992"}],"curies":[{"name":"wp","href":"https:\/\/api.w.org\/{rel}","templated":true}]}}