{"id":8104,"date":"2017-10-13T16:10:16","date_gmt":"2017-10-13T16:10:16","guid":{"rendered":"http:\/\/gator4082.temp.domains\/~aquatiss\/?post_type=product&#038;p=8104"},"modified":"2018-05-14T16:07:34","modified_gmt":"2018-05-14T16:07:34","slug":"kit-nettoyage-vitre-systeme-pompe","status":"publish","type":"product","link":"https:\/\/aquatiss.com.tn\/fr\/produit\/kit-nettoyage-vitre-systeme-pompe\/","title":{"rendered":"Kit de nettoyage vitre avec syst\u00e8me \u00e0 pompe"},"content":{"rendered":"<p>Kit de nettoyage vitre avec syst\u00e8me \u00e0 pompe<br \/>\nLa solution parfaite pour le nettoyage des vitres sans utilisation d&rsquo;\u00e9chelle<\/p>\n<p>sp\u00e9cialement, con\u00e7u pour le nettoyage des fen\u00eatres a la hauteur, sans laisser tomber l\u2019eau a l\u2019\u00e9tage. De plus le syst\u00e8me a pompe permet de pulv\u00e9riser les brumes d\u2019eau et de l\u2019essuyer avec une chamoisine en microfibre.<br \/>\nLe tampon est fix\u00e9 \u00e0 la plaque de balai pivotant attach\u00e9 \u00e0 un mat t\u00e9lescopique de 5m.<\/p>\n<h4>Finalement Il vous permet de travailler de mani\u00e8re efficace dans tous les domaines.<\/h4>\n<h4>Le kit complet se compose de<\/h4>\n<p>-Perche t\u00e9lescopique en aluminium de 5 m<br \/>\n-Tampon 23 cm<br \/>\n-Unit\u00e9 de pulv\u00e9risation<br \/>\n-Ceinture de maintien des \u00e9quipements<br \/>\n-R\u00e9servoir de produit nettoyant<br \/>\n-Syst\u00e8me de propulsion de produit nettoyant avec batterie<\/p>\n","protected":false},"excerpt":{"rendered":"<p>Kit de nettoyage vitre avec syst\u00e8me \u00e0 pompe<br \/>\nLa solution parfaite pour le nettoyage des vitres sans utilisation d&rsquo;\u00e9chelle<br \/>\nsp\u00e9cialement, con\u00e7u pour le nettoyage des fen\u00eatres a la hauteur, sans laisser tomber l\u2019eau a l\u2019\u00e9tage.<\/p>\n","protected":false},"featured_media":8106,"comment_status":"open","ping_status":"closed","template":"","meta":[],"product_cat":[133],"product_tag":[770],"class_list":["post-8104","product","type-product","status-publish","has-post-thumbnail","hentry","product_cat-kit-nettoyage-vitre","product_tag-kit-nettoyage-vitre","pa_domaine-collectivites","pa_domaine-entreprise","pa_domaine-food","pa_domaine-hotel","pa_domaine-industrie","pa_domaine-medical","pa_domaine-proprete"],"_links":{"self":[{"href":"https:\/\/aquatiss.com.tn\/fr\/wp-json\/wp\/v2\/product\/8104","targetHints":{"allow":["GET"]}}],"collection":[{"href":"https:\/\/aquatiss.com.tn\/fr\/wp-json\/wp\/v2\/product"}],"about":[{"href":"https:\/\/aquatiss.com.tn\/fr\/wp-json\/wp\/v2\/types\/product"}],"replies":[{"embeddable":true,"href":"https:\/\/aquatiss.com.tn\/fr\/wp-json\/wp\/v2\/comments?post=8104"}],"wp:featuredmedia":[{"embeddable":true,"href":"https:\/\/aquatiss.com.tn\/fr\/wp-json\/wp\/v2\/media\/8106"}],"wp:attachment":[{"href":"https:\/\/aquatiss.com.tn\/fr\/wp-json\/wp\/v2\/media?parent=8104"}],"wp:term":[{"taxonomy":"product_cat","embeddable":true,"href":"https:\/\/aquatiss.com.tn\/fr\/wp-json\/wp\/v2\/product_cat?post=8104"},{"taxonomy":"product_tag","embeddable":true,"href":"https:\/\/aquatiss.com.tn\/fr\/wp-json\/wp\/v2\/product_tag?post=8104"}],"curies":[{"name":"wp","href":"https:\/\/api.w.org\/{rel}","templated":true}]}}