{"id":8147,"date":"2017-10-15T17:41:46","date_gmt":"2017-10-15T17:41:46","guid":{"rendered":"http:\/\/gator4082.temp.domains\/~aquatiss\/?post_type=product&#038;p=8147"},"modified":"2018-01-25T13:32:05","modified_gmt":"2018-01-25T13:32:05","slug":"presse-agrumes-professionnel","status":"publish","type":"product","link":"https:\/\/aquatiss.com.tn\/fr\/produit\/presse-agrumes-professionnel\/","title":{"rendered":"Presse agrumes professionnel"},"content":{"rendered":"<p>Presse agrumes professionnel<br \/>\nSon atout : r\u00e9aliser un maximum de jus en un temps record. Avec son joli design d\u2019inspiration r\u00e9tro, le presse-agrumes \u00a0conjugue avec brio performance, confort d\u2019utilisation et d\u2019entretien.<\/p>\n<h4>C\u00d4NE BREVET\u00c9 QUADRA-FIN:<\/h4>\n<p>Utilisation d&rsquo;un seul c\u00f4ne quelles que soient la dimension et la fermet\u00e9 des agrumes : limette, citron, cl\u00e9mentine, mandarine, orange, pamplemousse, pomelos\u2026<br \/>\nGarantit une extraction maximale de jus en quelques secondes<\/p>\n<h4>BRAS ARTICUL\u00c9 ET D\u00d4ME D&rsquo;EXTRACTION :<\/h4>\n<p>Assure un appui sans le moindre effort et une pression uniforme<br \/>\nD\u00e9marrage automatique par simple pression du d\u00f4me sur le fruit<br \/>\nAgrippe efficacement le fruit pour une extraction jusqu&rsquo;\u00e0 la derni\u00e8re goutte<\/p>\n<h4>PUISSANCE ET EXCELLENCE :<\/h4>\n<p>Moteur 110 W \u00e0 induction<br \/>\nVitesse r\u00e9guli\u00e8re quelle que soit la charge<br \/>\nFonctionnement ultra-silencieux et sans blocage<br \/>\nLong\u00e9vit\u00e9 record<\/p>\n<h4>CONFORT ET PRATICIT\u00c9 :<\/h4>\n<p>Bec de service avec position antigoutte<br \/>\nGrand filtre et bec de service en inox massif<br \/>\nAccessoires facilement d\u00e9montables et remontables<\/p>\n<h4>AUSSI\u2026<\/h4>\n<p>Finition peinture Rouge Garance<br \/>\nC\u00f4ne ultrar\u00e9sistant en Trita<br \/>\nProtection surcharge moteur auto-amor\u00e7able<br \/>\nPieds antid\u00e9rapants<br \/>\nEnrouleur de cordon<\/p>\n<p>Garantie 2ans<\/p>\n","protected":false},"excerpt":{"rendered":"<p>Son atout : r\u00e9aliser un maximum de jus en un temps record.<br \/>\nAvec son joli design d\u2019inspiration r\u00e9tro, le presse-agrumes conjugue avec brio performance, confort d\u2019utilisation et d\u2019entretien.<\/p>\n","protected":false},"featured_media":8149,"comment_status":"open","ping_status":"closed","template":"","meta":[],"product_cat":[572],"product_tag":[1135],"class_list":["post-8147","product","type-product","status-publish","has-post-thumbnail","hentry","product_cat-presse-agrumes","product_tag-presse-agrumes","pa_domaine-food","pa_domaine-hotel","pa_puissance-110-w"],"_links":{"self":[{"href":"https:\/\/aquatiss.com.tn\/fr\/wp-json\/wp\/v2\/product\/8147","targetHints":{"allow":["GET"]}}],"collection":[{"href":"https:\/\/aquatiss.com.tn\/fr\/wp-json\/wp\/v2\/product"}],"about":[{"href":"https:\/\/aquatiss.com.tn\/fr\/wp-json\/wp\/v2\/types\/product"}],"replies":[{"embeddable":true,"href":"https:\/\/aquatiss.com.tn\/fr\/wp-json\/wp\/v2\/comments?post=8147"}],"wp:featuredmedia":[{"embeddable":true,"href":"https:\/\/aquatiss.com.tn\/fr\/wp-json\/wp\/v2\/media\/8149"}],"wp:attachment":[{"href":"https:\/\/aquatiss.com.tn\/fr\/wp-json\/wp\/v2\/media?parent=8147"}],"wp:term":[{"taxonomy":"product_cat","embeddable":true,"href":"https:\/\/aquatiss.com.tn\/fr\/wp-json\/wp\/v2\/product_cat?post=8147"},{"taxonomy":"product_tag","embeddable":true,"href":"https:\/\/aquatiss.com.tn\/fr\/wp-json\/wp\/v2\/product_tag?post=8147"}],"curies":[{"name":"wp","href":"https:\/\/api.w.org\/{rel}","templated":true}]}}