{"id":8658,"date":"2017-11-08T14:47:01","date_gmt":"2017-11-08T14:47:01","guid":{"rendered":"http:\/\/gator4082.temp.domains\/~aquatiss\/?post_type=product&#038;p=8658"},"modified":"2017-11-08T15:20:28","modified_gmt":"2017-11-08T15:20:28","slug":"poteau-daccueil-laiton-cordon-velours","status":"publish","type":"product","link":"https:\/\/aquatiss.com.tn\/fr\/produit\/poteau-daccueil-laiton-cordon-velours\/","title":{"rendered":"Poteau d&rsquo;accueil en laiton avec cordon velours"},"content":{"rendered":"<p>Poteau d&rsquo;accueil en laiton avec cordon velours<br \/>\nDeux poteaux reli\u00e9s par un cordon rouge en velours<br \/>\nUn indispensable pour bien g\u00e9rer l\u2019accueil dans les lieux publics: les h\u00f4tels, restaurant &#8230;.<\/p>\n<h3>Sp\u00e9cification:<\/h3>\n<p>02 Poteaux \u00e0 t\u00eate sph\u00e9rique en laiton brillant<br \/>\n01 cordon \u00e9quip\u00e9 de 02 embouts avec mousqueton en laiton<br \/>\nIl est dot\u00e9 d&rsquo;une grande stabilit\u00e9 gr\u00e2ce au poids centralis\u00e9 au niveau du socle<br \/>\nAvec 04 lumi\u00e8res permettant l\u2019accrochage multidirectionnel d\u2019un cordon<\/p>\n","protected":false},"excerpt":{"rendered":"<p>Poteau d&rsquo;accueil en laiton avec cordon velours<br \/>\nDeux poteaux reli\u00e9s par un cordon rouge en velours<br \/>\nUn indispensable pour bien g\u00e9rer l\u2019accueil dans les lieux publics: les h\u00f4tels, restaurant &#8230;.<\/p>\n","protected":false},"featured_media":8659,"comment_status":"open","ping_status":"closed","template":"","meta":[],"product_cat":[864],"product_tag":[863],"class_list":["post-8658","product","type-product","status-publish","has-post-thumbnail","hentry","product_cat-poteaux-daccueil","product_tag-poteau-daccueil","pa_domaine-entreprise","pa_domaine-hotel"],"_links":{"self":[{"href":"https:\/\/aquatiss.com.tn\/fr\/wp-json\/wp\/v2\/product\/8658","targetHints":{"allow":["GET"]}}],"collection":[{"href":"https:\/\/aquatiss.com.tn\/fr\/wp-json\/wp\/v2\/product"}],"about":[{"href":"https:\/\/aquatiss.com.tn\/fr\/wp-json\/wp\/v2\/types\/product"}],"replies":[{"embeddable":true,"href":"https:\/\/aquatiss.com.tn\/fr\/wp-json\/wp\/v2\/comments?post=8658"}],"wp:featuredmedia":[{"embeddable":true,"href":"https:\/\/aquatiss.com.tn\/fr\/wp-json\/wp\/v2\/media\/8659"}],"wp:attachment":[{"href":"https:\/\/aquatiss.com.tn\/fr\/wp-json\/wp\/v2\/media?parent=8658"}],"wp:term":[{"taxonomy":"product_cat","embeddable":true,"href":"https:\/\/aquatiss.com.tn\/fr\/wp-json\/wp\/v2\/product_cat?post=8658"},{"taxonomy":"product_tag","embeddable":true,"href":"https:\/\/aquatiss.com.tn\/fr\/wp-json\/wp\/v2\/product_tag?post=8658"}],"curies":[{"name":"wp","href":"https:\/\/api.w.org\/{rel}","templated":true}]}}