{"id":8941,"date":"2017-11-23T09:16:50","date_gmt":"2017-11-23T09:16:50","guid":{"rendered":"http:\/\/gator4082.temp.domains\/~aquatiss\/produit\/air-fraiche-powerful-spray-clean-750ml\/"},"modified":"2019-11-08T13:19:22","modified_gmt":"2019-11-08T13:19:22","slug":"air-fraiche-powerful-spray-clean-750ml","status":"publish","type":"product","link":"https:\/\/aquatiss.com.tn\/fr\/produit\/air-fraiche-powerful-spray-clean-750ml\/","title":{"rendered":"Air fra\u00eeche powerful spray clean 750ml"},"content":{"rendered":"<p>Air fra\u00eeche powerful spray clean 750ml<\/p>\n<h3>Longue dur\u00e9e<\/h3>\n<p>D\u00e9sodorisant concentr\u00e9 longue dur\u00e9e<br \/>\nParticuli\u00e8rement adapt\u00e9 pour une utilisation dans les grands espaces<br \/>\nAvec une seule touche permet de parfumer et d&rsquo;\u00e9liminer les odeurs pendant des heures sur des surfaces jusqu&rsquo;\u00e0 80 m\u00b3<\/p>\n<p><strong>Air fra\u00eeche powerful spray\u00a0Jasmin :\u00a0<\/strong>Parfum \u00a0\u00e0 d\u00e9charge avec des\u00a0notes de t\u00eate anis\u00e9es et\u00a0vertes, au corps intense de\u00a0jasmin et d&rsquo;iris et avec un\u00a0fond qui rappelle les fruits\u00a0rouges .<\/p>\n<p><strong>Air fra\u00eeche powerful spray Sucr\u00e9 :\u00a0<\/strong>Parfum \u00a0aux notes avec un\u00a0ar\u00f4me frais et expansif, au\u00a0c\u0153ur fruit\u00e9-sensuel et au\u00a0fond attrayant de notes\u00a0sucr\u00e9es .<\/p>\n<p><strong>Air fra\u00eeche powerful spray Fruit\u00e9 :\u00a0<\/strong>Parfum \u00a0aux notes de t\u00eate\u00a0fruit\u00e9es, \u00e9th\u00e9r\u00e9es, avec un\u00a0corps exub\u00e9rant et un fond<br \/>\nenveloppant-bois\u00e9 .<\/p>\n<p><strong>APPLICATION ET MODE<\/strong><br \/>\n<strong>D&rsquo;EMPLOI :\u00a0<\/strong>Vaporiser vers le haut dans\u00a0tous les directions en\u00a0tenant fermement\u00a0r\u00e9cipient, Sp\u00e9cialement\u00a0indiqu\u00e9 pour \u00eatre utilis\u00e9\u00a0dans les grands espaces .<\/p>\n","protected":false},"excerpt":{"rendered":"<p>D\u00e9sodorisant concentr\u00e9 longue dur\u00e9e<br \/>\nParticuli\u00e8rement adapt\u00e9 pour une utilisation dans de grands espaces<\/p>\n","protected":false},"featured_media":8942,"comment_status":"open","ping_status":"closed","template":"","meta":[],"product_cat":[115],"product_tag":[697],"class_list":["post-8941","product","type-product","status-publish","has-post-thumbnail","hentry","product_cat-desodorisant","product_tag-aerosol","pa_contenance-750ml","pa_domaine-entreprise","pa_domaine-food","pa_domaine-hotel","pa_domaine-industrie","pa_domaine-medical"],"_links":{"self":[{"href":"https:\/\/aquatiss.com.tn\/fr\/wp-json\/wp\/v2\/product\/8941","targetHints":{"allow":["GET"]}}],"collection":[{"href":"https:\/\/aquatiss.com.tn\/fr\/wp-json\/wp\/v2\/product"}],"about":[{"href":"https:\/\/aquatiss.com.tn\/fr\/wp-json\/wp\/v2\/types\/product"}],"replies":[{"embeddable":true,"href":"https:\/\/aquatiss.com.tn\/fr\/wp-json\/wp\/v2\/comments?post=8941"}],"wp:featuredmedia":[{"embeddable":true,"href":"https:\/\/aquatiss.com.tn\/fr\/wp-json\/wp\/v2\/media\/8942"}],"wp:attachment":[{"href":"https:\/\/aquatiss.com.tn\/fr\/wp-json\/wp\/v2\/media?parent=8941"}],"wp:term":[{"taxonomy":"product_cat","embeddable":true,"href":"https:\/\/aquatiss.com.tn\/fr\/wp-json\/wp\/v2\/product_cat?post=8941"},{"taxonomy":"product_tag","embeddable":true,"href":"https:\/\/aquatiss.com.tn\/fr\/wp-json\/wp\/v2\/product_tag?post=8941"}],"curies":[{"name":"wp","href":"https:\/\/api.w.org\/{rel}","templated":true}]}}